{"id":8050,"date":"2018-05-16T01:19:54","date_gmt":"2018-05-15T23:19:54","guid":{"rendered":"https:\/\/rescop.freepresshost.cloud\/?page_id=8050"},"modified":"2018-05-22T17:51:32","modified_gmt":"2018-05-22T15:51:32","slug":"embargomilitar","status":"publish","type":"page","link":"https:\/\/rescop.freepresshost.cloud\/eu\/embargomilitar\/","title":{"rendered":"Firma y pide el #EmbargoMilitarIsrael inmediato"},"content":{"rendered":"<h6><strong>\u00danete a la petici\u00f3n de la Red Solidaria Contra la Ocupaci\u00f3n de Palestina (RESCOP) pidiendo al gobierno que imponga de manera inmediata un embargo militar a Israel, as\u00ed como las sanciones necesarias para que el Estado israel\u00ed detenga sus cr\u00edmenes contra la poblaci\u00f3n palestina.<\/strong><\/h6>\n<p>La poblaci\u00f3n palestina en Gaza, sometida por el Estado de Israel a un inhumano bloqueo por tierra, mar y aire desde hace 12 a\u00f1os, lanz\u00f3 el pasado 30 de marzo la campa\u00f1a de la Gran Marcha del Retorno. Cada viernes durante las \u00faltimas semanas, la poblaci\u00f3n palestina de la <strong>Franja de Gaza ha salido a la calle a protestar pac\u00edficamente para reclamar el derecho que como personas refugiadas tienen a volver a sus hogares<\/strong>, tal y como lo estipula el derecho internacional, en concreto, la <a href=\"http:\/\/www.un.org\/es\/comun\/docs\/?symbol=A\/RES\/194(III)&amp;Lang=S&amp;Area=RESOLUTION\">Resoluci\u00f3n 194<\/a> de la Asamblea General de la ONU.<\/p>\n<p>Desde entonces Israel ha asesinado a m\u00e1s de 100 palestinos y palestinas en las protestas semanales, 58 s\u00f3lo en el 14 de mayo de 2018, y ha herido a m\u00e1s de 12 000, muchas con heridas permanentes para toda la vida.<\/p>\n<figure id=\"attachment_8080\" aria-describedby=\"caption-attachment-8080\" style=\"width: 521px\" class=\"wp-caption aligncenter\"><img loading=\"lazy\" decoding=\"async\" class=\"wp-image-8080\" src=\"https:\/\/rescop.freepresshost.cloud\/wp-content\/uploads\/2018\/05\/military-embargo-gaza-3-682x600.jpg\" alt=\"\" width=\"521\" height=\"458\" srcset=\"https:\/\/rescop.freepresshost.cloud\/wp-content\/uploads\/2018\/05\/military-embargo-gaza-3-682x600.jpg 682w, https:\/\/rescop.freepresshost.cloud\/wp-content\/uploads\/2018\/05\/military-embargo-gaza-3-280x246.jpg 280w, https:\/\/rescop.freepresshost.cloud\/wp-content\/uploads\/2018\/05\/military-embargo-gaza-3-768x676.jpg 768w, https:\/\/rescop.freepresshost.cloud\/wp-content\/uploads\/2018\/05\/military-embargo-gaza-3.jpg 1691w\" sizes=\"auto, (max-width: 521px) 100vw, 521px\" \/><figcaption id=\"caption-attachment-8080\" class=\"wp-caption-text\">Manifestantes palestinos en Gaza sostienen una pancarta durante la Gran Marcha del Retorno: \u00abEl apartheid israel\u00ed &#8220;prueba en terreno&#8221; sus armas aqu\u00ed. \u00a1Embargo militar a Israel ya!\u00bb \/ <a href=\"https:\/\/www.facebook.com\/BDSNationalCommittee\/\">BDS Movement<\/a><\/figcaption><\/figure>\n<p>&nbsp;<\/p>\n<p>El Estado Espa\u00f1ol compra y vende <a href=\"http:\/\/novact.org\/wp-content\/uploads\/2012\/09\/Spain-Israel.-Military-Homeland-Security-and-Armament-based-Relations-Affairs-and-Trends1.pdf\">armas a Israel<\/a>, un pa\u00eds acusado de, entre otras muchas atrocidades, cometer un <a href=\"https:\/\/www.alqudsandalucia.org\/wp-content\/uploads\/2017\/05\/Informe-ONU-Apartheid-17.pdf\">crimen de apartheid<\/a> contra el pueblo palestino.<\/p>\n<p>A d\u00eda de hoy existe un <strong>elevado riesgo de que las armas y el material de defensa vendido por el Estado espa\u00f1ol puedan ser utilizados para cometer cr\u00edmenes de lesa humanidad<\/strong>, infracciones graves de los Convenios de Ginebra de 1949, ataques dirigidos contra bienes de car\u00e1cter civil o personas civiles protegidas.<\/p>\n<p>Asimismo, Israel desarrolla y aplica en sus ataques a Gaza y Cisjordania material y tecnolog\u00eda militar as\u00ed como procedimientos de represi\u00f3n que luego rentabiliza exportando a nuestros pa\u00edses. As\u00ed, convierte a los <strong>territorios ocupados en crueles laboratorios de experimentaci\u00f3n en los que la poblaci\u00f3n civil palestina sirve como conejillos de indias<\/strong> para el desarrollo de armas y conocimientos que son exportados posteriormente al resto del mundo, incluyendo Estados Unidos y Europa, con el sello promocional de <em>Probado en Combate<\/em>.<\/p>\n<p>La compra de material y tecnolog\u00eda israel\u00ed abarata los costes de su industria de ocupaci\u00f3n y represi\u00f3n. Por ello, en primer lugar, <strong>esa compra nos convierte en c\u00f3mplices<\/strong> de su acci\u00f3n criminal. En segundo lugar, la adquisici\u00f3n de su tecnolog\u00eda y asesoramiento implica la <strong>importaci\u00f3n de procedimientos y doctrinas de seguridad desarrolladas y basadas en la vulneraci\u00f3n de los Derechos Humanos<\/strong> y su aplicaci\u00f3n en nuestras sociedades, minando nuestro propio Estado de Derecho.<\/p>\n<p>Por todas esas razones, <a href=\"https:\/\/www.amnesty.org\/en\/latest\/news\/2018\/04\/israel-arms-embargo-needed-as-military-unlawfully-kills-and-maims-gaza-protesters\/\">Amnist\u00eda Internacional<\/a> ha reiterado recientemente su llamamiento a los <strong>gobiernos de todo el mundo para que impongan un embargo integral de armas a Israel<\/strong> en respuesta a su represi\u00f3n desproporcionada de las manifestaciones multitudinarias celebradas en el marco de la Gran Marcha del Retorno.<\/p>\n<p>De hecho, atendiendo a estos argumentos, en agosto de 2014 el Gobierno del Estado espa\u00f1ol ya <a href=\"https:\/\/www.eldiario.es\/politica\/Gobierno-congela-nuevas-ventas-Israel_0_288721790.html\">congel\u00f3 las autorizaciones de venta de armas<\/a> a Israel, durante la masacre de Israel sobre Gaza conocida como <em>Operaci\u00f3n Margen Protector<\/em> en la que se asesinaron a m\u00e1s de 2000 personas palestinas.<\/p>\n<p>Firma aqu\u00ed para exigirle al <strong>Ministro de Exteriores, Alfonso Mar\u00eda Dastis Quecedo, a la Ministra de Defensa, Mar\u00eda Dolores de Cospedal y al jefe del ejecutivo, Mariano Rajoy Brey<\/strong>, en su calidad de representantes institucionales del Estado espa\u00f1ol que:<\/p>\n<ol>\n<li>Se imponga de manera inmediata un <strong>embargo militar a Israel<\/strong> por el elevado riesgo de que las armas o materiales de defensa puedan ser utilizados para cometer graves cr\u00edmenes de guerra o contra la humanidad.<\/li>\n<li>Se solicite la apertura de una <strong>investigaci\u00f3n formal sobre estos homicidios y lesiones graves<\/strong> en tanto que posibles cr\u00edmenes de guerra y garantizar que los autores queden a disposici\u00f3n judicial.<\/li>\n<li>Se apliquen <strong>sanciones a Israel<\/strong>, a nivel de Naciones Unidas, por cr\u00edmenes contra los derechos humanos.<\/li>\n<li>Se muestre desacuerdo y condena <strong>contra el cambio de embajada de Estados Unidos<\/strong> de Tel Aviv a Jerusal\u00e9n, vulnerando as\u00ed el Derecho Internacional.<\/li>\n<li><strong>Se retire al embajador espa\u00f1ol de Tel Aviv<\/strong> de la misma forma que ya lo han hecho <a href=\"https:\/\/www.haaretz.com\/israel-news\/.premium-south-africa-recalls-ambassador-to-israel-in-wake-of-gaza-killings-1.6091781\">Turqu\u00eda y Sud\u00e1frica<\/a>.<\/li>\n<\/ol>\n<p>No m\u00e1s asesinatos impunes, basta ya de silencio y complicidad.<\/p>\n<p>[emailpetition id=&#8221;4&#8243;]<\/p>\n<p>Para adhesiones de colectivos, instituciones y otro tipo de organizaciones escr\u00edbenos un correo a boicotisraelbds@gmail.com.<\/p>\n<p><em>De acuerdo a lo establecido en la Ley Org\u00e1nica 15\/1999, de 13 de diciembre, de Protecci\u00f3n de Datos de Car\u00e1cter Personal, te informamos que tus datos ser\u00e1n utilizados exclusivamente para los fines de esta campa\u00f1a. No ser\u00e1n cedidos, prestados o vendidos a terceros. Tu correo electr\u00f3nico no se publicar\u00e1 en la web ni ser\u00e1 utilizado para otros fines que los de comprobaci\u00f3n de identidad en su caso, y de informaci\u00f3n sobre la campa\u00f1a de BDS. En caso de querer modificar o eliminar estos datos, puedes ponerte en contacto con nosotr@s en causapalestina@gmail.com o boicotisraelbds@gmail.com.<\/em><\/p>\n","protected":false},"excerpt":{"rendered":"<p>\u00danete a la petici\u00f3n de la Red Solidaria Contra la Ocupaci\u00f3n de Palestina (RESCOP) pidiendo al gobierno que imponga de manera inmediata un embargo militar a Israel, as\u00ed como las sanciones necesarias para que el Estado israel\u00ed detenga sus cr\u00edmenes contra la poblaci\u00f3n palestina. La poblaci\u00f3n palestina en Gaza, sometida por el Estado de Israel [&hellip;]<\/p>\n","protected":false},"author":14,"featured_media":0,"parent":0,"menu_order":0,"comment_status":"closed","ping_status":"closed","template":"","meta":{"footnotes":""},"class_list":["post-8050","page","type-page","status-publish","hentry"],"_links":{"self":[{"href":"https:\/\/rescop.freepresshost.cloud\/eu\/wp-json\/wp\/v2\/pages\/8050","targetHints":{"allow":["GET"]}}],"collection":[{"href":"https:\/\/rescop.freepresshost.cloud\/eu\/wp-json\/wp\/v2\/pages"}],"about":[{"href":"https:\/\/rescop.freepresshost.cloud\/eu\/wp-json\/wp\/v2\/types\/page"}],"author":[{"embeddable":true,"href":"https:\/\/rescop.freepresshost.cloud\/eu\/wp-json\/wp\/v2\/users\/14"}],"replies":[{"embeddable":true,"href":"https:\/\/rescop.freepresshost.cloud\/eu\/wp-json\/wp\/v2\/comments?post=8050"}],"version-history":[{"count":26,"href":"https:\/\/rescop.freepresshost.cloud\/eu\/wp-json\/wp\/v2\/pages\/8050\/revisions"}],"predecessor-version":[{"id":8097,"href":"https:\/\/rescop.freepresshost.cloud\/eu\/wp-json\/wp\/v2\/pages\/8050\/revisions\/8097"}],"wp:attachment":[{"href":"https:\/\/rescop.freepresshost.cloud\/eu\/wp-json\/wp\/v2\/media?parent=8050"}],"curies":[{"name":"wp","href":"https:\/\/api.w.org\/{rel}","templated":true}]}}