{"id":7775,"date":"2017-06-16T02:27:36","date_gmt":"2017-06-16T00:27:36","guid":{"rendered":"https:\/\/rescop.freepresshost.cloud\/?page_id=7775"},"modified":"2025-05-28T10:09:30","modified_gmt":"2025-05-28T08:09:30","slug":"organizaciones-miembro","status":"publish","type":"page","link":"https:\/\/rescop.freepresshost.cloud\/eu\/organizaciones-miembro\/","title":{"rendered":"Organizaciones miembro"},"content":{"rendered":"<p><\/p>\n<ul class=\"org-list\">\n<li><a href=\"https:\/\/www.instagram.com\/alyudur_pal\/\" target=\"_blank\" rel=\"noopener\"> <img decoding=\"async\" src=\"https:\/\/rescop.freepresshost.cloud\/wp-content\/uploads\/2025\/05\/QgKpuaFr_400x400.jpg\" width=\"200\" \/> Al-Yudur Juventud Palestina <\/a><\/li>\n<li><a href=\"#\"> <img decoding=\"async\" src=\"https:\/\/rescop.freepresshost.cloud\/wp-content\/uploads\/2025\/05\/\u2014Pngtree\u2014round-flag-of-palestine_15667559.png\" width=\"200\" \/> Albacete por Palestina <\/a><\/li>\n<li><a href=\"#\"> <img decoding=\"async\" src=\"https:\/\/rescop.freepresshost.cloud\/wp-content\/uploads\/2025\/05\/\u2014Pngtree\u2014round-flag-of-palestine_15667559.png\" width=\"200\" \/> Amigas de la tierra <\/a><\/li>\n<li><a href=\"https:\/\/www.anticapitalistas.org\/\" target=\"_blank\" rel=\"noopener\"> <img decoding=\"async\" src=\"https:\/\/rescop.freepresshost.cloud\/wp-content\/uploads\/2025\/05\/Logo-Anticapi-768x760-1.jpg\" width=\"200\" \/> Anticapitalistas estatal <\/a><\/li>\n<li><a href=\"#\"> <img decoding=\"async\" src=\"https:\/\/rescop.freepresshost.cloud\/wp-content\/uploads\/2025\/05\/\u2014Pngtree\u2014round-flag-of-palestine_15667559.png\" width=\"200\" \/> Asociaci\u00f3n Al-Quds de Solidaridad con los Pueblos del Mundo \u00c1rabe <\/a><\/li>\n<li><a href=\"#\"> <img decoding=\"async\" src=\"https:\/\/rescop.freepresshost.cloud\/wp-content\/uploads\/2025\/05\/\u2014Pngtree\u2014round-flag-of-palestine_15667559.png\" width=\"200\" \/> Asociaci\u00f3n Andaluza por la Solidaridad y la Paz \u2013 ASPA Andaluc\u00eda <\/a><\/li>\n<li><a href=\"#\"> <img decoding=\"async\" src=\"https:\/\/rescop.freepresshost.cloud\/wp-content\/uploads\/2025\/05\/\u2014Pngtree\u2014round-flag-of-palestine_15667559.png\" width=\"200\" \/> Asociaci\u00f3n Hispano Palestina Jerusal\u00e9n Madrid <\/a><\/li>\n<li><a href=\"#\"> <img decoding=\"async\" src=\"https:\/\/rescop.freepresshost.cloud\/wp-content\/uploads\/2025\/05\/\u2014Pngtree\u2014round-flag-of-palestine_15667559.png\" width=\"200\" \/> Asociaci\u00f3n Pro-Derechos Humanos de Andaluc\u00eda APDHA <\/a><\/li>\n<li><a href=\"#\"> <img decoding=\"async\" src=\"https:\/\/rescop.freepresshost.cloud\/wp-content\/uploads\/2025\/05\/\u2014Pngtree\u2014round-flag-of-palestine_15667559.png\" width=\"200\" \/> Asociaci\u00f3n Unadikum <\/a><\/li>\n<li><a href=\"#\"> <img decoding=\"async\" src=\"https:\/\/rescop.freepresshost.cloud\/wp-content\/uploads\/2025\/05\/\u2014Pngtree\u2014round-flag-of-palestine_15667559.png\" width=\"200\" \/> BDS Arag\u00f3n <\/a><\/li>\n<li><a href=\"#\"> <img decoding=\"async\" src=\"https:\/\/rescop.freepresshost.cloud\/wp-content\/uploads\/2025\/05\/\u2014Pngtree\u2014round-flag-of-palestine_15667559.png\" width=\"200\" \/> BDS Canarias <\/a><\/li>\n<li><a href=\"#\"> <img decoding=\"async\" src=\"https:\/\/rescop.freepresshost.cloud\/wp-content\/uploads\/2025\/05\/\u2014Pngtree\u2014round-flag-of-palestine_15667559.png\" width=\"200\" \/> BDS Castell\u00f3 <\/a><\/li>\n<li><a href=\"#\"> <img decoding=\"async\" src=\"https:\/\/rescop.freepresshost.cloud\/wp-content\/uploads\/2025\/05\/\u2014Pngtree\u2014round-flag-of-palestine_15667559.png\" width=\"200\" \/> BDS Girona <\/a><\/li>\n<li><a href=\"https:\/\/www.facebook.com\/BDSGranada\/\" target=\"_blank\" rel=\"noopener\"> <img decoding=\"async\" src=\"https:\/\/rescop.freepresshost.cloud\/wp-content\/uploads\/2025\/05\/327175087_1141461343201318_4722285414909626872_n.png\" width=\"200\" \/> BDS Granada <\/a><\/li>\n<li><a href=\"https:\/\/www.instagram.com\/bds.madrid\/?hl=en\" target=\"_blank\" rel=\"noopener\"> <img decoding=\"async\" src=\"https:\/\/rescop.freepresshost.cloud\/wp-content\/uploads\/2025\/05\/nWJe5wNp_400x400.jpg\" width=\"200\" \/> BDS Madrid <\/a><\/li>\n<li><a href=\"#\"> <img decoding=\"async\" src=\"https:\/\/rescop.freepresshost.cloud\/wp-content\/uploads\/2025\/05\/\u2014Pngtree\u2014round-flag-of-palestine_15667559.png\" width=\"200\" \/> BDS Murcia <\/a><\/li>\n<li><a href=\"#\"> <img decoding=\"async\" src=\"https:\/\/rescop.freepresshost.cloud\/wp-content\/uploads\/2025\/05\/\u2014Pngtree\u2014round-flag-of-palestine_15667559.png\" width=\"200\" \/> BDZ Nafarroa <\/a><\/li>\n<li><a href=\"#\"> <img decoding=\"async\" src=\"https:\/\/rescop.freepresshost.cloud\/wp-content\/uploads\/2025\/05\/\u2014Pngtree\u2014round-flag-of-palestine_15667559.png\" width=\"200\" \/> BDS Pa\u00eds Valenci\u00e0 <\/a><\/li>\n<li><a href=\"#\"> <img decoding=\"async\" src=\"https:\/\/rescop.freepresshost.cloud\/wp-content\/uploads\/2025\/05\/\u2014Pngtree\u2014round-flag-of-palestine_15667559.png\" width=\"200\" \/> BDS Vigo <\/a><\/li>\n<li><a href=\"#\"> <img decoding=\"async\" src=\"https:\/\/rescop.freepresshost.cloud\/wp-content\/uploads\/2025\/05\/\u2014Pngtree\u2014round-flag-of-palestine_15667559.png\" width=\"200\" \/> BILADI Bizkaia y Gipuzkoa <\/a><\/li>\n<li><a href=\"#\"> <img decoding=\"async\" src=\"https:\/\/rescop.freepresshost.cloud\/wp-content\/uploads\/2025\/05\/\u2014Pngtree\u2014round-flag-of-palestine_15667559.png\" width=\"200\" \/> Centro de Estudios Rurales y de Agricultura Internacional \u2013 CERAI <\/a><\/li>\n<li><a href=\"#\"> <img decoding=\"async\" src=\"https:\/\/rescop.freepresshost.cloud\/wp-content\/uploads\/2025\/05\/\u2014Pngtree\u2014round-flag-of-palestine_15667559.png\" width=\"200\" \/> Coalici\u00f3 Prou Complicitat amb Israel Catalunya <\/a><\/li>\n<li><a href=\"#\"> <img decoding=\"async\" src=\"https:\/\/rescop.freepresshost.cloud\/wp-content\/uploads\/2025\/05\/\u2014Pngtree\u2014round-flag-of-palestine_15667559.png\" width=\"200\" \/> Comit\u00e9 de Solidaridad con la Causa \u00c1rabe Madrid y Asturias <\/a><\/li>\n<li><a href=\"#\"> <img decoding=\"async\" src=\"https:\/\/rescop.freepresshost.cloud\/wp-content\/uploads\/2025\/05\/\u2014Pngtree\u2014round-flag-of-palestine_15667559.png\" width=\"200\" \/> Comit\u00e9 de Solidaridad con los Pueblos \u2013 Interpueblos Cantabria <\/a><\/li>\n<li><a href=\"#\"> <img decoding=\"async\" src=\"https:\/\/rescop.freepresshost.cloud\/wp-content\/uploads\/2025\/05\/\u2014Pngtree\u2014round-flag-of-palestine_15667559.png\" width=\"200\" \/> Comunidad Palestina en Canarias <\/a><\/li>\n<li><a href=\"#\"> <img decoding=\"async\" src=\"https:\/\/rescop.freepresshost.cloud\/wp-content\/uploads\/2025\/05\/\u2014Pngtree\u2014round-flag-of-palestine_15667559.png\" width=\"200\" \/> Comunitat Palestina de Catalunya <\/a><\/li>\n<li><a href=\"#\"> <img decoding=\"async\" src=\"https:\/\/rescop.freepresshost.cloud\/wp-content\/uploads\/2025\/05\/\u2014Pngtree\u2014round-flag-of-palestine_15667559.png\" width=\"200\" \/> Comunitat Palestina de Val\u00e8ncia <\/a><\/li>\n<li><a href=\"#\"> <img decoding=\"async\" src=\"https:\/\/rescop.freepresshost.cloud\/wp-content\/uploads\/2025\/05\/\u2014Pngtree\u2014round-flag-of-palestine_15667559.png\" width=\"200\" \/> Coordinadora Andaluc\u00eda por Palestina <\/a><\/li>\n<li><a href=\"#\"> <img decoding=\"async\" src=\"https:\/\/rescop.freepresshost.cloud\/wp-content\/uploads\/2025\/05\/\u2014Pngtree\u2014round-flag-of-palestine_15667559.png\" width=\"200\" \/> Ecologistas en Acci\u00f3n estatal <\/a><\/li>\n<li><a href=\"#\"> <img decoding=\"async\" src=\"https:\/\/rescop.freepresshost.cloud\/wp-content\/uploads\/2025\/05\/\u2014Pngtree\u2014round-flag-of-palestine_15667559.png\" width=\"200\" \/> Fundaci\u00f3n Mundubat Euskadi <\/a><\/li>\n<li><a href=\"#\"> <img decoding=\"async\" src=\"https:\/\/rescop.freepresshost.cloud\/wp-content\/uploads\/2025\/05\/\u2014Pngtree\u2014round-flag-of-palestine_15667559.png\" width=\"200\" \/> PalestinUS (Universidad Sevilla) <\/a><\/li>\n<li><a href=\"https:\/\/ijan.org\/\" target=\"_blank\" rel=\"noopener\"> <img decoding=\"async\" src=\"https:\/\/rescop.freepresshost.cloud\/wp-content\/uploads\/2025\/05\/images.png\" width=\"200\" \/> IJAN &#8211; Red Internacional Jud\u00eda Antisionista <\/a><\/li>\n<li><a href=\"#\"> <img decoding=\"async\" src=\"https:\/\/rescop.freepresshost.cloud\/wp-content\/uploads\/2025\/05\/\u2014Pngtree\u2014round-flag-of-palestine_15667559.png\" width=\"200\" \/> Iniciativa por Palestina ( grupo de Arag\u00f3n) <\/a><\/li>\n<li><a href=\"#\"> <img decoding=\"async\" src=\"https:\/\/rescop.freepresshost.cloud\/wp-content\/uploads\/2025\/05\/\u2014Pngtree\u2014round-flag-of-palestine_15667559.png\" width=\"200\" \/> Lluita Internacionalista <\/a><\/li>\n<li><a href=\"#\"> <img decoding=\"async\" src=\"https:\/\/rescop.freepresshost.cloud\/wp-content\/uploads\/2025\/05\/\u2014Pngtree\u2014round-flag-of-palestine_15667559.png\" width=\"200\" \/> Mujeres por la Paz &#8211; Acci\u00f3n Solidaria con Palestina Canarias <\/a><\/li>\n<li><a href=\"#\"> <img decoding=\"async\" src=\"https:\/\/rescop.freepresshost.cloud\/wp-content\/uploads\/2025\/05\/\u2014Pngtree\u2014round-flag-of-palestine_15667559.png\" width=\"200\" \/> Palestina Libre \u2013 Regi\u00f3n de Murcia <\/a><\/li>\n<li><a href=\"#\"> <img decoding=\"async\" src=\"https:\/\/rescop.freepresshost.cloud\/wp-content\/uploads\/2025\/05\/\u2014Pngtree\u2014round-flag-of-palestine_15667559.png\" width=\"200\" \/> Palestina Toma la Calle Madrid <\/a><\/li>\n<li><a href=\"#\"> <img decoding=\"async\" src=\"https:\/\/rescop.freepresshost.cloud\/wp-content\/uploads\/2025\/05\/\u2014Pngtree\u2014round-flag-of-palestine_15667559.png\" width=\"200\" \/> Paz con Dignidad estatal <\/a><\/li>\n<li><a href=\"#\"> <img decoding=\"async\" src=\"https:\/\/rescop.freepresshost.cloud\/wp-content\/uploads\/2025\/05\/\u2014Pngtree\u2014round-flag-of-palestine_15667559.png\" width=\"200\" \/> Plataforma Solidaridad con Palestina de Sevilla <\/a><\/li>\n<li><a href=\"#\"> <img decoding=\"async\" src=\"https:\/\/rescop.freepresshost.cloud\/wp-content\/uploads\/2025\/05\/\u2014Pngtree\u2014round-flag-of-palestine_15667559.png\" width=\"200\" \/> Plataforma de Tenerife con Palestina <\/a><\/li>\n<li><a href=\"#\"> <img decoding=\"async\" src=\"https:\/\/rescop.freepresshost.cloud\/wp-content\/uploads\/2025\/05\/\u2014Pngtree\u2014round-flag-of-palestine_15667559.png\" width=\"200\" \/> Plataforma Solidaria con Palestina Valladolid <\/a><\/li>\n<li><a href=\"#\"> <img decoding=\"async\" src=\"https:\/\/rescop.freepresshost.cloud\/wp-content\/uploads\/2025\/05\/\u2014Pngtree\u2014round-flag-of-palestine_15667559.png\" width=\"200\" \/> Red Universitaria x Palestina <\/a><\/li>\n<li><a href=\"https:\/\/sodepaz.org\/\" target=\"_blank\" rel=\"noopener\"> <img decoding=\"async\" src=\"https:\/\/rescop.freepresshost.cloud\/wp-content\/uploads\/2025\/05\/images-2.jpeg\" width=\"200\" \/> Sodepaz estatal <\/a><\/li>\n<li><a href=\"#\"> <img decoding=\"async\" src=\"https:\/\/rescop.freepresshost.cloud\/wp-content\/uploads\/2025\/05\/\u2014Pngtree\u2014round-flag-of-palestine_15667559.png\" width=\"200\" \/> Solidaridad Palestina Rioja <\/a><\/li>\n<\/ul>\n<p><\/p>","protected":false},"excerpt":{"rendered":"<p>Al-Yudur Juventud Palestina Albacete por Palestina Amigas de la tierra Anticapitalistas estatal Asociaci\u00f3n Al-Quds de Solidaridad con los Pueblos del Mundo \u00c1rabe Asociaci\u00f3n Andaluza por la Solidaridad y la Paz \u2013 ASPA Andaluc\u00eda Asociaci\u00f3n Hispano Palestina Jerusal\u00e9n Madrid Asociaci\u00f3n Pro-Derechos Humanos de Andaluc\u00eda APDHA Asociaci\u00f3n Unadikum BDS Arag\u00f3n BDS Canarias BDS Castell\u00f3 BDS Girona BDS [&hellip;]<\/p>\n","protected":false},"author":14,"featured_media":0,"parent":0,"menu_order":0,"comment_status":"closed","ping_status":"closed","template":"","meta":{"footnotes":""},"class_list":["post-7775","page","type-page","status-publish","hentry"],"_links":{"self":[{"href":"https:\/\/rescop.freepresshost.cloud\/eu\/wp-json\/wp\/v2\/pages\/7775","targetHints":{"allow":["GET"]}}],"collection":[{"href":"https:\/\/rescop.freepresshost.cloud\/eu\/wp-json\/wp\/v2\/pages"}],"about":[{"href":"https:\/\/rescop.freepresshost.cloud\/eu\/wp-json\/wp\/v2\/types\/page"}],"author":[{"embeddable":true,"href":"https:\/\/rescop.freepresshost.cloud\/eu\/wp-json\/wp\/v2\/users\/14"}],"replies":[{"embeddable":true,"href":"https:\/\/rescop.freepresshost.cloud\/eu\/wp-json\/wp\/v2\/comments?post=7775"}],"version-history":[{"count":34,"href":"https:\/\/rescop.freepresshost.cloud\/eu\/wp-json\/wp\/v2\/pages\/7775\/revisions"}],"predecessor-version":[{"id":10834,"href":"https:\/\/rescop.freepresshost.cloud\/eu\/wp-json\/wp\/v2\/pages\/7775\/revisions\/10834"}],"wp:attachment":[{"href":"https:\/\/rescop.freepresshost.cloud\/eu\/wp-json\/wp\/v2\/media?parent=7775"}],"curies":[{"name":"wp","href":"https:\/\/api.w.org\/{rel}","templated":true}]}}