{"id":7771,"date":"2023-11-13T18:28:49","date_gmt":"2023-11-13T17:28:49","guid":{"rendered":"https:\/\/rescop.freepresshost.cloud\/?page_id=7771"},"modified":"2025-06-17T09:36:48","modified_gmt":"2025-06-17T07:36:48","slug":"rescop","status":"publish","type":"page","link":"https:\/\/rescop.freepresshost.cloud\/eu\/rescop\/","title":{"rendered":"RESCOP"},"content":{"rendered":"<p><img loading=\"lazy\" decoding=\"async\" class=\"alignnone size-full wp-image-8860\" src=\"https:\/\/rescop.freepresshost.cloud\/wp-content\/uploads\/2023\/11\/cropped-logo-rescop-1-e1699122019383.png\" alt=\"\" width=\"250\" height=\"250\" srcset=\"https:\/\/rescop.freepresshost.cloud\/wp-content\/uploads\/2023\/11\/cropped-logo-rescop-1-e1699122019383.png 250w, https:\/\/rescop.freepresshost.cloud\/wp-content\/uploads\/2023\/11\/cropped-logo-rescop-1-e1699122019383-150x150.png 150w, https:\/\/rescop.freepresshost.cloud\/wp-content\/uploads\/2023\/11\/cropped-logo-rescop-1-e1699122019383-120x120.png 120w\" sizes=\"auto, (max-width: 250px) 100vw, 250px\" \/><\/p>\r\n<p>La <strong>Red Solidaria contra la Ocupaci\u00f3n de Palestina<\/strong> es una estructura de trabajo abierta y flexible nacida en marzo de 2005 y compuesta por organizaciones de todo el Estado que trabajan la solidaridad con Palestina en un marco com\u00fan y con unos principios y metodolog\u00edas consensuadas, para sumar los esfuerzos del trabajo en equipo en la consecuci\u00f3n de sus fines.<\/p>\r\n\r\n\r\n\r\n<p>Por tanto, siempre y cuando se respeten estas estructuras de trabajo y estos principios, las organizaciones podr\u00e1n decidir formar o no parte de la Red, teniendo en la pr\u00e1ctica que asumir que pertenecen a la Red quienes participan en la misma de forma cotidiana y asisten a sus reuniones.<\/p>\r\n\r\n\r\n\r\n<p>Igualmente en las reuniones (semestrales y\/o anuales) de la propia Red, y seg\u00fan la trayectoria de los diferentes grupos se podr\u00e1 realizar la revisi\u00f3n y actualizaci\u00f3n de los componentes de la misma.<\/p>\r\n\r\n\r\n\r\n<p>La RESCOP aprob\u00f3 la publicaci\u00f3n del siguiente <a href=\"https:\/\/rescop.freepresshost.cloud\/wp-content\/uploads\/2023\/11\/Ideario_RESCOP_Enero_2023.pdf\">Ideario_RESCOP_Enero_2023<\/a>, en el que se explicita su marco ideol\u00f3gico y pol\u00edtico b\u00e1sico, una vez refrendado por la asamblea de colectivos, en el marco de su XI Reuni\u00f3n.<\/p>\r\n\r\n\r\n\r\n<div data-wp-interactive=\"core\/file\" class=\"wp-block-file\"><object data-wp-bind--hidden=\"!state.hasPdfPreview\" hidden class=\"wp-block-file__embed\" style=\"width: 100%; height: 600px;\" data=\"https:\/\/rescop.freepresshost.cloud\/wp-content\/uploads\/2023\/11\/Ideario_RESCOP_Enero_2023.pdf\" type=\"application\/pdf\" width=\"300\" height=\"150\" aria-label=\"Embed of Ideario_RESCOP_Enero_2023.\"><\/object><a id=\"wp-block-file--media-ceebe8a0-865b-460e-97aa-aa5aecc143a7\" href=\"https:\/\/rescop.freepresshost.cloud\/wp-content\/uploads\/2023\/11\/Ideario_RESCOP_Enero_2023.pdf\">Ideario_RESCOP_Enero_2023<\/a><a class=\"wp-block-file__button wp-element-button\" href=\"https:\/\/rescop.freepresshost.cloud\/wp-content\/uploads\/2023\/11\/Ideario_RESCOP_Enero_2023.pdf\" download=\"\" aria-describedby=\"wp-block-file--media-ceebe8a0-865b-460e-97aa-aa5aecc143a7\">Descarga<\/a><\/div>\r\n<div>\u00a0<\/div>\r\n<div class=\"wp-block-file\">La <strong>Red Solidaria contra la Ocupaci\u00f3n de Palestina<\/strong> es una estructura de trabajo abierta y flexible nacida en marzo de 2005 y compuesta por organizaciones de todo el Estado que trabajan la solidaridad con Palestina en un marco com\u00fan y con unos principios y metodolog\u00edas consensuadas, para sumar los esfuerzos del trabajo en equipo en la consecuci\u00f3n de sus fines. Por tanto, siempre y cuando se respeten estas estructuras de trabajo y estos principios, las organizaciones podr\u00e1n decidir formar o no parte de la Red, teniendo en la pr\u00e1ctica que asumir que pertenecen a la Red quienes participan en la misma de forma cotidiana y asisten a sus reuniones. Igualmente en las reuniones (semestrales y\/o anuales) de la propia Red, y seg\u00fan la trayectoria de los diferentes grupos se podr\u00e1 realizar la revisi\u00f3n y actualizaci\u00f3n de los componentes de la misma. \u00a0 La RESCOP aprob\u00f3 la publicaci\u00f3n del <a href=\"http:\/\/causapalestina.net\/IMG\/pdf\/ideario_rescop.pdf\">siguiente documento<\/a>, en el que se explicita su marco ideol\u00f3gico y pol\u00edtico b\u00e1sico, una vez refrendado por la asamblea de colectivos, en el marco de su XI Reuni\u00f3n.<\/div>\r\n\r\n<p>La <strong>Red Solidaria contra la Ocupaci\u00f3n de Palestina<\/strong> es una estructura de trabajo abierta y flexible nacida en marzo de 2005 y compuesta por organizaciones de todo el Estado que trabajan la solidaridad con Palestina en un marco com\u00fan y con unos principios y metodolog\u00edas consensuadas, para sumar los esfuerzos del trabajo en equipo en la consecuci\u00f3n de sus fines. Por tanto, siempre y cuando se respeten estas estructuras de trabajo y estos principios, las organizaciones podr\u00e1n decidir formar o no parte de la Red, teniendo en la pr\u00e1ctica que asumir que pertenecen a la Red quienes participan en la misma de forma cotidiana y asisten a sus reuniones. Igualmente en las reuniones (semestrales y\/o anuales) de la propia Red, y seg\u00fan la trayectoria de los diferentes grupos se podr\u00e1 realizar la revisi\u00f3n y actualizaci\u00f3n de los componentes de la misma. \u00a0 La RESCOP aprob\u00f3 la publicaci\u00f3n del <a href=\"http:\/\/causapalestina.net\/IMG\/pdf\/ideario_rescop.pdf\">siguiente documento<\/a>, en el que se explicita su marco ideol\u00f3gico y pol\u00edtico b\u00e1sico, una vez refrendado por la asamblea de colectivos, en el marco de su XI Reuni\u00f3n.<\/p>","protected":false},"excerpt":{"rendered":"<p>Sentitzen dugu, baina sarrera hau Castellano bakarrik dago. La Red Solidaria contra la Ocupaci\u00f3n de Palestina es una estructura de trabajo abierta y flexible nacida en marzo de 2005 y compuesta por organizaciones de todo el Estado que trabajan la solidaridad con Palestina en un marco com\u00fan y con unos principios y metodolog\u00edas consensuadas, para [&hellip;]<\/p>\n","protected":false},"author":14,"featured_media":0,"parent":0,"menu_order":0,"comment_status":"closed","ping_status":"closed","template":"","meta":{"footnotes":""},"class_list":["post-7771","page","type-page","status-publish","hentry"],"_links":{"self":[{"href":"https:\/\/rescop.freepresshost.cloud\/eu\/wp-json\/wp\/v2\/pages\/7771","targetHints":{"allow":["GET"]}}],"collection":[{"href":"https:\/\/rescop.freepresshost.cloud\/eu\/wp-json\/wp\/v2\/pages"}],"about":[{"href":"https:\/\/rescop.freepresshost.cloud\/eu\/wp-json\/wp\/v2\/types\/page"}],"author":[{"embeddable":true,"href":"https:\/\/rescop.freepresshost.cloud\/eu\/wp-json\/wp\/v2\/users\/14"}],"replies":[{"embeddable":true,"href":"https:\/\/rescop.freepresshost.cloud\/eu\/wp-json\/wp\/v2\/comments?post=7771"}],"version-history":[{"count":11,"href":"https:\/\/rescop.freepresshost.cloud\/eu\/wp-json\/wp\/v2\/pages\/7771\/revisions"}],"predecessor-version":[{"id":10902,"href":"https:\/\/rescop.freepresshost.cloud\/eu\/wp-json\/wp\/v2\/pages\/7771\/revisions\/10902"}],"wp:attachment":[{"href":"https:\/\/rescop.freepresshost.cloud\/eu\/wp-json\/wp\/v2\/media?parent=7771"}],"curies":[{"name":"wp","href":"https:\/\/api.w.org\/{rel}","templated":true}]}}