{"id":582,"date":"2012-10-25T09:11:37","date_gmt":"2012-10-25T09:11:37","guid":{"rendered":"https:\/\/rescop.freepresshost.cloud\/?page_id=582"},"modified":"2015-01-07T13:19:09","modified_gmt":"2015-01-07T12:19:09","slug":"productos-729","status":"publish","type":"page","link":"https:\/\/rescop.freepresshost.cloud\/eu\/boicot-economico\/productos-729\/","title":{"rendered":"Productos"},"content":{"rendered":"<h5>Consulta el documento <i>Make an impact<\/i> del Comit\u00e9 Comit\u00e9 Nacional Palestino de BDS traducido y adaptado a la realidad local del estado espa\u00f1ol: <a href=\"https:\/\/rescop.freepresshost.cloud\/productos\/\" title=\"\u00danete al BDS: Qu\u00e9 productos boicotear\">rescop.org\/productos<\/a>.<\/p>\n<p>Adem\u00e1s, recuerda consumir de forma responsable en los establecimientos que tengan el sello de <a href=\"https:\/\/rescop.freepresshost.cloud\/elai\/\" title=\"Espacio Libre de Apartheid Israel\u00ed (ELAI)\">Espacio Libre de Apartheid Israel\u00ed (ELAI)<\/a>, rellena el formulario si quieres adherir tu espacio u organizaci\u00f3n a la campa\u00f1a.<\/h5>\n<p><span style=\"color: #ffffff;\">.<\/span><\/p>\n<div>[blog category=&#8221;52&#8243; images=&#8221;true&#8221; image_width=&#8221;120&#8243; image_height=&#8221;100&#8243; post_content=&#8221;excerpt&#8221; excerpt_length=&#8221;50&#8243; show_date=&#8221;true&#8221; author_link=&#8221;false&#8221; comments_link=&#8221;true&#8221; show_category_list=&#8221;false&#8221; show_tag_list=&#8221;false&#8221; posts_per_page=&#8221;7&#8243; paging=&#8221;true&#8221;]<\/div>\n","protected":false},"excerpt":{"rendered":"<p>Consulta el documento Make an impact del Comit\u00e9 Comit\u00e9 Nacional Palestino de BDS traducido y adaptado a la realidad local del estado espa\u00f1ol: rescop.org\/productos. Adem\u00e1s, recuerda consumir de forma responsable en los establecimientos que tengan el sello de Espacio Libre de Apartheid Israel\u00ed (ELAI), rellena el formulario si quieres adherir tu espacio u organizaci\u00f3n a [&hellip;]<\/p>\n","protected":false},"author":11,"featured_media":0,"parent":480,"menu_order":1,"comment_status":"open","ping_status":"open","template":"","meta":{"footnotes":""},"class_list":["post-582","page","type-page","status-publish","hentry"],"_links":{"self":[{"href":"https:\/\/rescop.freepresshost.cloud\/eu\/wp-json\/wp\/v2\/pages\/582","targetHints":{"allow":["GET"]}}],"collection":[{"href":"https:\/\/rescop.freepresshost.cloud\/eu\/wp-json\/wp\/v2\/pages"}],"about":[{"href":"https:\/\/rescop.freepresshost.cloud\/eu\/wp-json\/wp\/v2\/types\/page"}],"author":[{"embeddable":true,"href":"https:\/\/rescop.freepresshost.cloud\/eu\/wp-json\/wp\/v2\/users\/11"}],"replies":[{"embeddable":true,"href":"https:\/\/rescop.freepresshost.cloud\/eu\/wp-json\/wp\/v2\/comments?post=582"}],"version-history":[{"count":54,"href":"https:\/\/rescop.freepresshost.cloud\/eu\/wp-json\/wp\/v2\/pages\/582\/revisions"}],"predecessor-version":[{"id":5637,"href":"https:\/\/rescop.freepresshost.cloud\/eu\/wp-json\/wp\/v2\/pages\/582\/revisions\/5637"}],"up":[{"embeddable":true,"href":"https:\/\/rescop.freepresshost.cloud\/eu\/wp-json\/wp\/v2\/pages\/480"}],"wp:attachment":[{"href":"https:\/\/rescop.freepresshost.cloud\/eu\/wp-json\/wp\/v2\/media?parent=582"}],"curies":[{"name":"wp","href":"https:\/\/api.w.org\/{rel}","templated":true}]}}