{"id":3561,"date":"2013-12-20T13:15:13","date_gmt":"2013-12-20T12:15:13","guid":{"rendered":"https:\/\/rescop.freepresshost.cloud\/?page_id=3561"},"modified":"2015-01-07T13:20:44","modified_gmt":"2015-01-07T12:20:44","slug":"premier","status":"publish","type":"page","link":"https:\/\/rescop.freepresshost.cloud\/eu\/premier\/","title":{"rendered":"Boicot a los cosm\u00e9ticos PREMIER: No compres apartheid, solidaridad con Palestina"},"content":{"rendered":"<h6><strong>En este periodo de Fiestas, consume de forma responsables: \u00a1NO compres cosm\u00e9ticos del expolio ilegal de la empresa israel\u00ed PREMIER en Palestina!<\/strong><\/h6>\n<figure id=\"attachment_2590\" aria-describedby=\"caption-attachment-2590\" style=\"width: 295px\" class=\"wp-caption alignleft\"><a href=\"https:\/\/rescop.freepresshost.cloud\/wp-content\/uploads\/2013\/12\/ImagenesBDS_premier_cas.jpg\"><img loading=\"lazy\" decoding=\"async\" class=\" wp-image-2590\" alt=\"\" src=\"https:\/\/rescop.freepresshost.cloud\/wp-content\/uploads\/2013\/12\/ImagenesBDS_premier_cas.png\" width=\"295\" height=\"313\" \/><\/a><figcaption id=\"caption-attachment-2590\" class=\"wp-caption-text\">Boicot a PREMIER: <a href=\"https:\/\/rescop.freepresshost.cloud\/nocompresapartheid\">#NoCompresApartheid<\/a>. Solidaridad con Palestina.<\/figcaption><\/figure>\n<p>Los productos cosm\u00e9ticos israel\u00edes de la marca PREMIER, que se venden en muchos lugares del Estado espa\u00f1ol y en puestos muy vistosos, son producidos en el Kibbutz Kalia, un asentamiento israel\u00ed en Cisjordania, al borde del mar muerto. Esta <strong>explotaci\u00f3n se realiza en total violaci\u00f3n del derecho internacional y de las resoluciones de las Naciones Unidas<\/strong> que reconocen la soberan\u00eda palestina sobre estos territorios.<\/p>\n<p>Con echar un <a href=\"https:\/\/goo.gl\/maps\/nXnhF\" target=\"_blank\">vistazo a esta colonia<\/a> se pueden ver f\u00e1cilmente las grandes piscinas con agua que se niega a la poblaci\u00f3n palestina, que se ve forzada a vivir con un <a title=\"Israel raciona el agua a la poblaci\u00f3n palestina\" href=\"http:\/\/www.es.amnesty.org\/paises\/israel-y-territorios-ocupados\/israel-raciona-el-agua-a-la-poblacion-palestina\/\" target=\"_blank\">nivel mucho m\u00e1s bajo<\/a> que el recomendado por la Organizaci\u00f3n Mundial de la Salud; o <a title=\"Autobuses segregados para jud\u00edos y palestinos en Cisjordania\" href=\"http:\/\/gara.naiz.info\/paperezkoa\/20130304\/390844\/es\/Autobuses-segregados--para-judios-palestinos-Cisjordania\" target=\"_blank\">l\u00edneas de autobuses<\/a> y <a title=\"Israel y el sistema de carreteras del apartheid\" href=\"http:\/\/www.rebelion.org\/noticia.php?id=98746\" target=\"_blank\">carreteras segregadas<\/a> de uso exclusivo para colonos.<\/p>\n<p>Al apoyar la campa\u00f1a <a href=\"https:\/\/rescop.freepresshost.cloud\/nocompresapartheid\">#NoCompresApartheid<\/a>, estar\u00e1s enviando un mensaje claro a PREMIER y a su comunidad de que est\u00e1s en contra de la violaci\u00f3n del Derecho Internacional y del <strong>robo de recursos palestinos<\/strong>. Es intolerable que se permita la venta de productos provenientes del expolio de recursos palestinos, no podemos permitir esta complicidad directa con la opresi\u00f3n y la ocupaci\u00f3n.<\/p>\n<p>No financies el Apartheid que sufre el pueblo palestino en su propia tierra. Gracias a la presi\u00f3n de muchas personas solidarias y activistas que defienden los derechos del pueblo palestino, <strong>los productos Premier han sido retirados ya de muchas tiendas<\/strong>, por ejemplo en <a title=\"La compa\u00f1\u00eda israel\u00ed Premier Dead Sea Cosmetics expulsada de los centros comerciales en Irlanda y Escocia\" href=\"http:\/\/www.gloobal.net\/iepala\/gloobal\/fichas\/ficha.php?id=13639&amp;entidad=Textos\" target=\"_blank\">Irlanda y Escocia<\/a>. Ay\u00fadanos a que eso tambi\u00e9n pase en tu ciudad. No compres estos productos y protesta por la presencia de los puestos de PREMIER en tienda y lugares p\u00fablicos, como es el caso de la Estaci\u00f3n de Sants en Barcelona o Atocha en Madrid.<\/p>\n<p>&nbsp;<\/p>\n<p>[message_box]<\/p>\n<h2><strong>Act\u00faa<\/strong><\/h2>\n<p>\u00a1Ay\u00fadanos a difundir la campa\u00f1a! <strong>Descarga la imagen en <a href=\"https:\/\/rescop.freepresshost.cloud\/wp-content\/uploads\/2013\/12\/ImagenesBDS_premier_cat.jpg\">catal\u00e1n<\/a> o <a href=\"https:\/\/rescop.freepresshost.cloud\/wp-content\/uploads\/2013\/12\/ImagenesBDS_premier_cas.jpg\">castellano<\/a><\/strong>\u00a0y hazla llegar a tus amigas y amigos.<\/p>\n<p>\u00bfUtilizas <strong>redes sociales<\/strong>? Comparte esta p\u00e1gina y h\u00e1zsela llegar a tus contactos. Si tienes Twitter te proponemos unos cuantos ejemplos para tuitearlos desde tu cuenta (simplemente haz clic sobre las frases), o escribe tus propios tuits con el <em>hashtag<\/em> <a href=\"https:\/\/twitter.com\/search?q=%23NoCompresApartheid&amp;src=hash\" target=\"_blank\">#NoCompresApartheid<\/a>:<\/p>\n<ul>\n<li><a href=\"http:\/\/ctt.ec\/16bA4\" target=\"_blank\">No hay nada bello en la ocupaci\u00f3n y el expolio: NO compres cosm\u00e9ticos @PremierDeadSea_: rescop.org\/premier #NoCompresApartheid<\/a><\/li>\n<li><a href=\"http:\/\/ctt.ec\/73d8d\" target=\"_blank\">Vergonzoso q en #Atocha o #Sants se vendan cosm\u00e9ticos Premier, expolio de recursos palestinos http:\/\/twitpic.com\/do9qkf #NoCompresApartheid<\/a><\/li>\n<li><a href=\"http:\/\/ctt.ec\/FiScc\" target=\"_blank\">Vergonzoso q @MercSanMiguel o @mercadosananton vendan cosm\u00e9ticos Premier, expolio d #Palestina http:\/\/twitpic.com\/do9qkf #NoCompresApartheid<\/a><\/li>\n<li><a href=\"http:\/\/ctt.ec\/wSf7E\" target=\"_blank\">Ni compro ni regalo cosm\u00e9ticos #PREMIER, ni compro ni regalo expolio y apartheid en #Palestina http:\/\/twitpic.com\/do9qkf #NoCompresApartheid<\/a><\/li>\n<\/ul>\n<p><strong>Contacta con PREMIER<\/strong> <a href=\"http:\/\/www.premiercosmeticos.es\/es\/information\/contact\" target=\"_blank\">a trav\u00e9s de su formulario web<\/a>, llamando a su n\u00famero de atenci\u00f3n al cliente 93 309 43 29, o en su <a href=\"https:\/\/www.facebook.com\/PremierDeadSeaOfficial\" target=\"_blank\"> p\u00e1gina en Facebook<\/a>, <a href=\"https:\/\/twitter.com\/PremierDeadSea_\" target=\"_blank\"> Twitter<\/a> o <a href=\"https:\/\/twitter.com\/PremierDeadSea_\" target=\"_blank\"> Twitter<\/a>.<\/p>\n<p>Puedes ir a los puestos que tienen en Madrid (estaci\u00f3n de <strong>Atocha<\/strong>, Mercado de San Ant\u00f3n en<strong> Chueca<\/strong>, mercado de San Miguel al lado de la <strong>Plaza Mayor<\/strong>) y Barcelona (estaci\u00f3n de <strong>Sants<\/strong>) donde venden sus cosm\u00e9ticos. A finales de diciembre hay planeada una concentraci\u00f3n en Madrid, en Chueca&#8230; iremos informando desde aqu\u00ed. \u00a1Si hay m\u00e1s en tu ciudad d\u00ednoslo y haremos un listado completo!<\/p>\n<p>&nbsp;<\/p>\n<h2><strong>M\u00e1s informaci\u00f3n<\/strong><\/h2>\n<p><a href=\"http:\/\/www.gloobal.net\/iepala\/gloobal\/fichas\/ficha.php?id=13639&amp;entidad=Textos&amp;html=1\" target=\"_blank\">La compa\u00f1\u00eda israel\u00ed Premier Dead Sea Cosmetics expulsada de los centros comerciales en Irlanda y Escocia<\/a>, Gloobal, 27\/02\/2011.<\/p>\n<p>Recomendable tambi\u00e9n <a title=\"\u00bfEl Mar Muerto cura?\" href=\"http:\/\/prezi.com\/pk-qjucscv9f\/el-mar-muerto-cura\/\" target=\"_bank\">esta presentaci\u00f3n<\/a> que pone en evidencia el mito de los efectos curativos de los productos del Mar Muerto, exponiendo tambi\u00e9n la complicidad directa que el expolio de recursos naturales provoca en la poblaci\u00f3n originaria.<\/p>\n<p>Tambi\u00e9n desde Canadians for Justice in Middle East prepararon un <a href=\"http:\/\/www.cjpmo.org\/DisplayDocument.aspx?DocumentID=2172\" target=\"_blank\">dosier informativo<\/a> sobre cosm\u00e9ticos producto del expolio de recursos del Mar Muerto [en ingl\u00e9s].<br \/>\n[\/message_box]<\/p>\n<hr \/>\n<h6><strong>Productos a boicotear de la campa\u00f1a <a href=\"https:\/\/rescop.freepresshost.cloud\/nocompresapartheid\">#NoCompresApartheid<\/a>:<\/strong><\/h6>\n<p><a title=\"Boicot a la jugueter\u00eda IMAGINARIUM\" href=\"https:\/\/rescop.freepresshost.cloud\/imaginarium\"><img loading=\"lazy\" decoding=\"async\" class=\"wp-image-2590\" alt=\"\" src=\"https:\/\/rescop.freepresshost.cloud\/wp-content\/uploads\/2013\/12\/ImagenesBDS_imaginarium_cas_p.png\" width=\"165\" height=\"175\" \/><\/a><a title=\"Boicot a RUMMIKUB\" href=\"https:\/\/rescop.freepresshost.cloud\/rummikub\"><img loading=\"lazy\" decoding=\"async\" class=\"wp-image-2590\" alt=\"Rummikub\" src=\"https:\/\/rescop.freepresshost.cloud\/wp-content\/uploads\/2013\/12\/ImagenesBDS_rummikub_cas_p.png\" width=\"165\" height=\"175\" \/><\/a><a title=\"Boicot a los cosm\u00e9ticos AHAVA\" href=\"https:\/\/rescop.freepresshost.cloud\/ahava\"><img loading=\"lazy\" decoding=\"async\" class=\"wp-image-2590\" alt=\"\" src=\"https:\/\/rescop.freepresshost.cloud\/wp-content\/uploads\/2013\/12\/ImagenesBDS_ahava_cas_p.png\" width=\"165\" height=\"175\" \/><\/a><a title=\"Boicot a los cosm\u00e9ticos PREMIER\" href=\"https:\/\/rescop.freepresshost.cloud\/premier\"><img loading=\"lazy\" decoding=\"async\" class=\"wp-image-2590\" alt=\"\" src=\"https:\/\/rescop.freepresshost.cloud\/wp-content\/uploads\/2013\/12\/ImagenesBDS_premier_cas_p.png\" width=\"165\" height=\"175\" \/><\/a><a title=\"Boicot a los d\u00e1tiles MEDJOUL\" href=\"https:\/\/rescop.freepresshost.cloud\/medjoul\"><img loading=\"lazy\" decoding=\"async\" class=\"wp-image-2590\" alt=\"\" src=\"https:\/\/rescop.freepresshost.cloud\/wp-content\/uploads\/2013\/12\/ImagenesBDS_medjoul_cas_p.png\" width=\"165\" height=\"175\" \/><\/a><a title=\"Boicot a SodaStream\" href=\"https:\/\/rescop.freepresshost.cloud\/sodastream\"><img loading=\"lazy\" decoding=\"async\" class=\"wp-image-2590\" alt=\"\" src=\"https:\/\/rescop.freepresshost.cloud\/wp-content\/uploads\/2013\/12\/ImagenesBDS_sodastream_cas_p.png\" width=\"165\" height=\"175\" \/><\/a><\/p>\n","protected":false},"excerpt":{"rendered":"<p>En este periodo de Fiestas, consume de forma responsables: \u00a1NO compres cosm\u00e9ticos del expolio ilegal de la empresa israel\u00ed PREMIER en Palestina! Los productos cosm\u00e9ticos israel\u00edes de la marca PREMIER, que se venden en muchos lugares del Estado espa\u00f1ol y en puestos muy vistosos, son producidos en el Kibbutz Kalia, un asentamiento israel\u00ed en Cisjordania, [&hellip;]<\/p>\n","protected":false},"author":11,"featured_media":0,"parent":0,"menu_order":0,"comment_status":"closed","ping_status":"closed","template":"","meta":{"footnotes":""},"class_list":["post-3561","page","type-page","status-publish","hentry"],"_links":{"self":[{"href":"https:\/\/rescop.freepresshost.cloud\/eu\/wp-json\/wp\/v2\/pages\/3561","targetHints":{"allow":["GET"]}}],"collection":[{"href":"https:\/\/rescop.freepresshost.cloud\/eu\/wp-json\/wp\/v2\/pages"}],"about":[{"href":"https:\/\/rescop.freepresshost.cloud\/eu\/wp-json\/wp\/v2\/types\/page"}],"author":[{"embeddable":true,"href":"https:\/\/rescop.freepresshost.cloud\/eu\/wp-json\/wp\/v2\/users\/11"}],"replies":[{"embeddable":true,"href":"https:\/\/rescop.freepresshost.cloud\/eu\/wp-json\/wp\/v2\/comments?post=3561"}],"version-history":[{"count":5,"href":"https:\/\/rescop.freepresshost.cloud\/eu\/wp-json\/wp\/v2\/pages\/3561\/revisions"}],"predecessor-version":[{"id":5635,"href":"https:\/\/rescop.freepresshost.cloud\/eu\/wp-json\/wp\/v2\/pages\/3561\/revisions\/5635"}],"wp:attachment":[{"href":"https:\/\/rescop.freepresshost.cloud\/eu\/wp-json\/wp\/v2\/media?parent=3561"}],"curies":[{"name":"wp","href":"https:\/\/api.w.org\/{rel}","templated":true}]}}