{"id":210,"date":"2011-10-31T11:57:30","date_gmt":"2011-10-31T11:57:30","guid":{"rendered":"http:\/\/localhost\/wordpress\/?page_id=210"},"modified":"2025-05-20T11:29:36","modified_gmt":"2025-05-20T09:29:36","slug":"enlaces-de-interes","status":"publish","type":"page","link":"https:\/\/rescop.freepresshost.cloud\/eu\/enlaces-de-interes\/","title":{"rendered":"Enlaces de inter\u00e9s"},"content":{"rendered":"<p class=\"qtranxs-available-languages-message qtranxs-available-languages-message-eu\">Sentitzen dugu, baina sarrera hau <a href=\"https:\/\/rescop.freepresshost.cloud\/es\/wp-json\/wp\/v2\/pages\/210\" class=\"qtranxs-available-language-link qtranxs-available-language-link-es\" title=\"Castellano\">Castellano<\/a> bakarrik dago.<\/p><p><\/p>\n<h3>Grupos BDS y de solidaridad con Palestina en el estado espa\u00f1ol<\/h3>\n<ul>\n<li><a href=\"http:\/\/causapalestina.net\" target=\"_blank\" rel=\"noopener\">Red Solidaria contra la Ocupaci\u00f3n de Palestina<\/a><\/li>\n<li><a href=\"http:\/\/bds.cat\/\" target=\"_blank\" rel=\"noopener\">BDS Catalunya<\/a><\/li>\n<li><a href=\"https:\/\/www.facebook.com\/GrupoBDSMadrid\" target=\"_blank\" rel=\"noopener\">BDS Madrid<\/a><\/li>\n<li><a href=\"https:\/\/www.instagram.com\/bdsgaliza\/?hl=en\" target=\"_blank\" rel=\"noopener\">BDS Galiza<\/a><\/li>\n<li><a href=\"https:\/\/www.facebook.com\/pages\/BDS-Pa%C3%ADs-Valenci%C3%A0\/117324538427908\" target=\"_blank\" rel=\"noopener\">BDS Pa\u00eds Valenci\u00e0<\/a><\/li>\n<li><a href=\"https:\/\/www.facebook.com\/bdsalacant\" target=\"_blank\" rel=\"noopener\">BDS Alacant<\/a><\/li>\n<li><a href=\"https:\/\/twitter.com\/BDSBages\" target=\"_blank\" rel=\"noopener\">BDS Bages<\/a><\/li>\n<li><a href=\"https:\/\/twitter.com\/bdstarragona\" target=\"_blank\" rel=\"noopener\">BDS Tarragona<\/a><\/li>\n<li><a href=\"http:\/\/proucomplicitat.cat\/\">Coalici\u00f3 Prou Complicitat amb Israel<\/a><\/li>\n<li><a href=\"http:\/\/causaarabeblog.blogspot.com.es\/\" target=\"_blank\" rel=\"noopener\">Comit\u00e9 de Solidaridad con la Causa \u00c1rabe<\/a><\/li>\n<li><a href=\"http:\/\/palestina.cat\/\" target=\"_blank\" rel=\"noopener\">Palestina.Cat<\/a> (catal\u00e0)<\/li>\n<li><a href=\"http:\/\/www.israeliboikot.org\/\" target=\"_blank\" rel=\"noopener\">Euskal Herria-Palestina Sarea<\/a>\u00a0(euskera-castellano)<\/li>\n<li><a href=\"http:\/\/bdsbizkaia.blogspot.com.es\/\" target=\"_blank\" rel=\"noopener\">BDS Bizkaia<\/a>\u00a0(euskera-castellano)<\/li>\n<li><a href=\"http:\/\/www.alqudsandalucia.org\/\" target=\"_blank\" rel=\"noopener\">Al Quds Andaluc\u00eda<\/a><\/li>\n<li><a href=\"http:\/\/www.sevillaconpalestina.com\/\" target=\"_blank\" rel=\"noopener\">Sevilla con Palestina<\/a><\/li>\n<li><a href=\"http:\/\/negocisocults.org\/\" target=\"_blank\" rel=\"noopener\">Negocis ocults<\/a>: relaciones militares Espa\u00f1a-Israel (catal\u00e0-castellano)<\/li>\n<li><a href=\"http:\/\/castelloperpalestina.blogspot.com.es\/\" target=\"_blank\" rel=\"noopener\">Castell\u00f3 per Palestina<\/a><\/li>\n<li><a href=\"http:\/\/plataformapalestinavalladolid.blogspot.com.es\/\" target=\"_blank\" rel=\"noopener\">Plataforma solidaria con Palestina de Valladolid<\/a><\/li>\n<li><a href=\"http:\/\/taulaperpalestina.blogspot.com.es\/\" target=\"_blank\" rel=\"noopener\">Taula per Palestina<\/a> de Mallorca<\/li>\n<li><a href=\"http:\/\/www.asociacionunadikum.org\/\" target=\"_blank\" rel=\"noopener\">Asociaci\u00f3n Unadikum<\/a><\/li>\n<li><a href=\"https:\/\/hw4p.es\" target=\"_blank\" rel=\"noopener\">Health workers 4 Palestine<\/a><\/li>\n<li><a href=\"\/\/www.facebook.com\/Albacete-Con-Palestina-546206762254442\/?fref=ts&amp;__mref=message_bubble\" target=\"_blank\" rel=\"noopener\">Albacete con Palestina<\/a><\/li>\n<\/ul>\n<h3>Internacional<\/h3>\n<ul>\n<li><a href=\"http:\/\/www.bdsmovement.net\/\" target=\"_blank\" rel=\"noopener\">BDS Movement<\/a>: p\u00e1gina general de la campa\u00f1a BDS (ingl\u00e9s)<\/li>\n<li><a href=\"http:\/\/boycottisrael.info\/http:\/\/boycottisrael.info\/\">Boycott from within<\/a>:\u00a0grupo ciudadanos\/as israel\u00edes que apoyan la llamada palestina al BDS (ingl\u00e9s)<\/li>\n<li><a href=\"http:\/\/www.palestinecampaign.org\/index2b.asp\" target=\"_blank\" rel=\"noopener\">Palestine Solidarity Campaign<\/a>:\u00a0campa\u00f1a de Reino Unido (ingl\u00e9s)<\/li>\n<li><a href=\"http:\/\/www.bdsfrance.org\/\" target=\"_blank\" rel=\"noopener\">BDS France<\/a><\/li>\n<li><a href=\"http:\/\/bdsitalia.org\/\" target=\"_blank\" rel=\"noopener\">BDS Italia<\/a><\/li>\n<li><a href=\"http:\/\/www.whoprofits.org\/\" target=\"_blank\" rel=\"noopener\">Who profits?<\/a>:\u00a0completa base de datos de denuncia a la industria de ocupaci\u00f3n (ingl\u00e9s- \u00e1rabe-hebreo)<\/li>\n<li><a href=\"http:\/\/stopthewall.org\/\" target=\"_blank\" rel=\"noopener\">Stop the Wall<\/a>:\u00a0contra el muro del apartheid (ingl\u00e9s)<\/li>\n<li><a href=\"http:\/\/corporateoccupation.org\/\" target=\"_blank\" rel=\"noopener\">Corporate Watch<\/a>:\u00a0investigaci\u00f3n de empresas que se benefician de la ocupaci\u00f3n (ingl\u00e9s)<\/li>\n<li><a href=\"http:\/\/www.alternativenews.org\/\" target=\"_blank\" rel=\"noopener\">AIC, Alternative Information Center<\/a>:\u00a0informaci\u00f3n alternativa Palestina\/ Israel (ingl\u00e9s-castellano)<\/li>\n<li><a href=\"http:\/\/itisapartheid.org\/\" target=\"_blank\" rel=\"noopener\">itISapartheid<\/a>: materiales y acciones contra el apartheid (ingl\u00e9s)<\/li>\n<li><a href=\"http:\/\/www.ijsn.net\/\" target=\"_blank\" rel=\"noopener\">IJAN, Red de Jud\u00edos Antisionistas<\/a> (ingl\u00e9s) (tambi\u00e9n <a href=\"http:\/\/judiosantisionistasenespanya.blogspot.com.es\/\" target=\"_blank\" rel=\"noopener\">en castellano<\/a>)<\/li>\n<li><a href=\"http:\/\/www.pinkwatchingisrael.com\/\" target=\"_blank\" rel=\"noopener\">PinkWatching Israel<\/a>:\u00a0contra el <em>pinkwashing<\/em> (lavado rosa) de Israel (ingl\u00e9s)<\/li>\n<li><a href=\"http:\/\/pqbds.wordpress.com\/\" target=\"_blank\" rel=\"noopener\">Palestinian Queers for BDS<\/a>:\u00a0activistas <em>queer<\/em> palestinos (ingl\u00e9s)<\/li>\n<li><a href=\"http:\/\/queersagainstapartheid.org\/\" target=\"_blank\" rel=\"noopener\">Queers against Israeli apartheid<\/a><\/li>\n<li><a href=\"http:\/\/visualizingpalestine.org\" target=\"_blank\" rel=\"noopener\">Visualizing Palestine<\/a>: infograf\u00edas sobre el apartheid<\/li>\n<li><a href=\"http:\/\/www.palestineremembered.com\" target=\"_blank\" rel=\"noopener\">Palestine Remembered<\/a>: exhaustiva\u00a0documentaci\u00f3n sobre la Nakba (ingl\u00e9s, \u00e1rabe y hebreo)<\/li>\n<\/ul>\n<h3>Boicot acad\u00e9mico y cultural<\/h3>\n<ul>\n<li><a href=\"http:\/\/pebai.wordpress.com\/\" target=\"_blank\" rel=\"noopener\">BDS Acad\u00e9mico por Palestina<\/a><\/li>\n<li><a href=\"http:\/\/www.pacbi.org\/index.php\" target=\"_blank\" rel=\"noopener\">PACBI<\/a>: Campa\u00f1a Palestina por el Boicot Cultural y Acad\u00e9mico a Israel\u00a0(ingl\u00e9s)<\/li>\n<li><a href=\"http:\/\/pebai.wordpress.com\/\" target=\"_blank\" rel=\"noopener\">Complicitats que maten<\/a>: Campa\u00f1a contra los convenios de colaboraci\u00f3n entre la UVic y universidades israel\u00edes<\/li>\n<li><a href=\"http:\/\/www.bricup.org.uk\/\" target=\"_blank\" rel=\"noopener\">BRICUP<\/a>: Comit\u00e9 brit\u00e1nico por las universidades de Palestina (ingl\u00e9s)<\/li>\n<li><a href=\"http:\/\/www.monabaker.com\/\" target=\"_blank\" rel=\"noopener\">Web de Mona Baker<\/a>, acad\u00e9mica egipcia que aplica el boicot acad\u00e9mico (ingl\u00e9s-\u00e1rabe)<\/li>\n<li><a href=\"http:\/\/usacbi.wordpress.com\/\" target=\"_blank\" rel=\"noopener\">USACBI<\/a>: Campa\u00f1a estadounidense por el boicot acad\u00e9mico y cultural a Israel (ingl\u00e9s)<\/li>\n<li><a href=\"http:\/\/refrainplayingisrael.blogspot.com.es\/\" target=\"_blank\" rel=\"noopener\">Refrain playing in Israel<\/a> (ingl\u00e9s)<\/li>\n<li><a href=\"http:\/\/cuncap.wordpress.com\/\" target=\"_blank\" rel=\"noopener\">CUNCAP<\/a>: Comissi\u00f3 Universit\u00e0ria Catalana per Palestina (catal\u00e0-castellano)<\/li>\n<\/ul>\n<h3>Boicot deportivo<\/h3>\n<ul>\n<li><a href=\"http:\/\/redcardapartheid.weebly.com\/\" target=\"_blank\" rel=\"noopener\">Red Card Israeli Racism<\/a>: Tarjeta Roja al racismo israel\u00ed (ingl\u00e9s)<\/li>\n<li><a href=\"http:\/\/cartonrougeapartheidisrael.weebly.com\/actualites.html\" target=\"_blank\" rel=\"noopener\">Carton rouge pour l&#8217;Apartheid isra\u00e9lien<\/a>: Tarjeta Roja al racismo israel\u00ed (franc\u00e9s)<\/li>\n<\/ul>\n<h3>Grupos BDS en Am\u00e9rica<\/h3>\n<ul>\n<li><a href=\"http:\/\/cboicotisrael.blogspot.com.es\/\" target=\"_blank\" rel=\"noopener\">Coordinadora para el boicot a Israel en Chile<\/a><\/li>\n<li><a href=\"http:\/\/boicotisraelencolombia.wordpress.com\/\" target=\"_blank\" rel=\"noopener\">Boicot a Israel en Colombia<\/a><\/li>\n<li><a href=\"http:\/\/boicot-desinvercion-sanciones.blogspot.com.es\/\" target=\"_blank\" rel=\"noopener\">BDS Argentina<\/a><\/li>\n<li><a href=\"http:\/\/bdsxpalestinaenargentina.blogspot.com.ar\/\" target=\"_blank\" rel=\"noopener\">BDS Argentina<\/a><\/li>\n<li><a href=\"https:\/\/www.facebook.com\/bdsuruguayboicot\" target=\"_blank\" rel=\"noopener\">BDS Uruguay<\/a><\/li>\n<li><a href=\"https:\/\/boicotisraelenecuador.wordpress.com\/\">BDS Ecuador<\/a><\/li>\n<\/ul>\n<p><\/p>","protected":false},"excerpt":{"rendered":"<p>Sentitzen dugu, baina sarrera hau Castellano bakarrik dago. Grupos BDS y de solidaridad con Palestina en el estado espa\u00f1ol Red Solidaria contra la Ocupaci\u00f3n de Palestina BDS Catalunya BDS Madrid BDS Galiza BDS Pa\u00eds Valenci\u00e0 BDS Alacant BDS Bages BDS Tarragona Coalici\u00f3 Prou Complicitat amb Israel Comit\u00e9 de Solidaridad con la Causa \u00c1rabe Palestina.Cat (catal\u00e0) [&hellip;]<\/p>\n","protected":false},"author":11,"featured_media":0,"parent":0,"menu_order":0,"comment_status":"open","ping_status":"open","template":"","meta":{"footnotes":""},"class_list":["post-210","page","type-page","status-publish","hentry"],"_links":{"self":[{"href":"https:\/\/rescop.freepresshost.cloud\/eu\/wp-json\/wp\/v2\/pages\/210","targetHints":{"allow":["GET"]}}],"collection":[{"href":"https:\/\/rescop.freepresshost.cloud\/eu\/wp-json\/wp\/v2\/pages"}],"about":[{"href":"https:\/\/rescop.freepresshost.cloud\/eu\/wp-json\/wp\/v2\/types\/page"}],"author":[{"embeddable":true,"href":"https:\/\/rescop.freepresshost.cloud\/eu\/wp-json\/wp\/v2\/users\/11"}],"replies":[{"embeddable":true,"href":"https:\/\/rescop.freepresshost.cloud\/eu\/wp-json\/wp\/v2\/comments?post=210"}],"version-history":[{"count":42,"href":"https:\/\/rescop.freepresshost.cloud\/eu\/wp-json\/wp\/v2\/pages\/210\/revisions"}],"predecessor-version":[{"id":10698,"href":"https:\/\/rescop.freepresshost.cloud\/eu\/wp-json\/wp\/v2\/pages\/210\/revisions\/10698"}],"wp:attachment":[{"href":"https:\/\/rescop.freepresshost.cloud\/eu\/wp-json\/wp\/v2\/media?parent=210"}],"curies":[{"name":"wp","href":"https:\/\/api.w.org\/{rel}","templated":true}]}}