{"id":8355,"date":"2019-05-29T11:04:00","date_gmt":"2019-05-29T09:04:00","guid":{"rendered":"https:\/\/rescop.freepresshost.cloud\/?page_id=8355"},"modified":"2019-06-05T09:54:35","modified_gmt":"2019-06-05T07:54:35","slug":"caf","status":"publish","type":"page","link":"https:\/\/rescop.freepresshost.cloud\/ca\/caf\/","title":{"rendered":"P\u00eddele a CAF que se retire del proyecto de construcci\u00f3n del tranv\u00eda de Jerusal\u00e9n"},"content":{"rendered":"\n<p>CAF lidera uno de los pocos consorcios que a\u00fan licitan para construir y operar <strong>dos l\u00edneas de tranv\u00eda que conectar\u00e1n Jerusal\u00e9n con los asentamientos israel\u00edes en el territorio palestino ocupado<\/strong>. Este proyecto es contrario a la legalidad internacional y supone un nuevo atentado contra los derechos del pueblo palestino.<\/p>\n\n\n\n<div class=\"wp-block-image\"><figure class=\"aligncenter is-resized\"><img loading=\"lazy\" decoding=\"async\" src=\"https:\/\/rescop.freepresshost.cloud\/wp-content\/uploads\/2019\/06\/caf-tranv\u00eda-01-730x418.jpg\" alt=\"\" class=\"wp-image-8412\" width=\"493\" height=\"282\" srcset=\"https:\/\/rescop.freepresshost.cloud\/wp-content\/uploads\/2019\/06\/caf-tranv\u00eda-01-730x418.jpg 730w, https:\/\/rescop.freepresshost.cloud\/wp-content\/uploads\/2019\/06\/caf-tranv\u00eda-01-280x160.jpg 280w, https:\/\/rescop.freepresshost.cloud\/wp-content\/uploads\/2019\/06\/caf-tranv\u00eda-01-768x440.jpg 768w, https:\/\/rescop.freepresshost.cloud\/wp-content\/uploads\/2019\/06\/caf-tranv\u00eda-01.jpg 800w\" sizes=\"auto, (max-width: 493px) 100vw, 493px\" \/><figcaption>Petici\u00f3n #NoAlTranv\u00edaCAF. Foto de Oren Ziv \/ Activestills<\/figcaption><\/figure><\/div>\n\n\n\n<h3 class=\"wp-block-heading\">\u00a1S\u00famate a nuestra campa\u00f1a para pedirle a CAF que se retire de este proyecto!<\/h3>\n\n\n\n<p>Los asentamientos israel\u00edes en el territorio palestino ocupado, incluyendo Jerusal\u00e9n Este, son <strong>ilegales seg\u00fan el derecho internacional<\/strong> y as\u00ed lo ratifican numerosas resoluciones de las Naciones Unidas, la Corte Internacional de Justicia, la Convenci\u00f3n de Ginebra y otros organismos y mecanismos internacionales de derechos humanos.<\/p>\n\n\n\n<p>Son ya <strong>numerosas las empresas internacionales que se han descolgado de este proceso<\/strong> de licitaci\u00f3n: la canadiense Bombardier, la australiana Macquarie, la alemana Siemens y la francesa Alstom<strong> <\/strong>ya se han retirado de esta competici\u00f3n. Por otro lado, Systra, una filial de la empresa ferroviaria estatal francesa SNCF, ya renunci\u00f3 el a\u00f1o pasado; y la semana pasada se dio a conocer la noticia de que un consorcio griego finalmente tampoco ha presentado su oferta. Citty-Pass, la compa\u00f1\u00eda que tiene actualmente la explotaci\u00f3n de la l\u00ednea Roja tambi\u00e9n ha renunciado a ello.<\/p>\n\n\n\n<p><a href=\"https:\/\/rescop.freepresshost.cloud\/wp-content\/uploads\/2019\/06\/carta-a-accionistas.pdf\" target=\"_blank\" rel=\"noreferrer noopener\" aria-label=\" (abre en una nueva pesta\u00f1a)\">Varias organizaciones le han enviado ya una carta<\/a> a la junta de accionistas de CAF pidi\u00e9ndoles que se retiren de este proyecto. S\u00famate a nuestra campa\u00f1a por la justicia y los derechos humanos y <strong>m\u00e1ndale un mensaje a CAF para pedirle que se retire de este proyecto que lejos de mejorar la situaci\u00f3n en la zona s\u00f3lo contribuir\u00e1 a reforzar un r\u00e9gimen de ocupaci\u00f3n ilegal, colonialismo y apartheid<\/strong>.<\/p>\n\n\n\n<h3 class=\"wp-block-heading\">\u00a1Act\u00faa!<\/h3>\n\n\n\n<p>Comparte alguno de nuestros tweets en tus redes sociales o crea tu propio mensaje con el hashtag <strong>#NoAlTranv\u00edaCAF<\/strong>.<\/p>\n\n\n<span class='bctt-click-to-tweet'><span class='bctt-ctt-text'><a href='https:\/\/twitter.com\/intent\/tweet?url=https%3A%2F%2Frescop.freepresshost.cloud%2Fca%2Fcaf%2F&#038;text=%23CAF%20quiere%20construir%20un%20tranv%C3%ADa%20que%20conectar%C3%A1%20Jerusal%C3%A9n%20con%20los%20asentamientos%20israel%C3%ADes%20en%20la%20Palestina%20ocupada.%20%C2%BFNos%20ayudas%20a%20impedirlo%3F%20Firma%20y%20env%C3%ADa%20este%20email%20a%20sus%20accionistas.%20Yo%20ya%20lo%20he%20hecho%3A%20%23NoAlTranv%C3%ADaCAF&#038;via=RESCOP1&#038;related=RESCOP1' target='_blank'rel=\"noopener noreferrer\">#CAF quiere construir un tranv\u00eda que conectar\u00e1 Jerusal\u00e9n con los asentamientos israel\u00edes en la Palestina ocupada. \u00bfNos ayudas a impedirlo? Firma y env\u00eda este email a sus accionistas. Yo ya lo he hecho: #NoAlTranv\u00edaCAF <\/a><\/span><a href='https:\/\/twitter.com\/intent\/tweet?url=https%3A%2F%2Frescop.freepresshost.cloud%2Fca%2Fcaf%2F&#038;text=%23CAF%20quiere%20construir%20un%20tranv%C3%ADa%20que%20conectar%C3%A1%20Jerusal%C3%A9n%20con%20los%20asentamientos%20israel%C3%ADes%20en%20la%20Palestina%20ocupada.%20%C2%BFNos%20ayudas%20a%20impedirlo%3F%20Firma%20y%20env%C3%ADa%20este%20email%20a%20sus%20accionistas.%20Yo%20ya%20lo%20he%20hecho%3A%20%23NoAlTranv%C3%ADaCAF&#038;via=RESCOP1&#038;related=RESCOP1' target='_blank' class='bctt-ctt-btn'rel=\"noopener noreferrer\">Share on X<\/a><\/span>\n\n<span class='bctt-click-to-tweet'><span class='bctt-ctt-text'><a href='https:\/\/twitter.com\/intent\/tweet?url=https%3A%2F%2Frescop.freepresshost.cloud%2Fca%2Fcaf%2F&#038;text=P%C3%ADdele%20a%20%23CAF%20que%20no%20construya%20una%20red%20de%20tranv%C3%ADa%20que%20s%C3%B3lo%20contribuir%C3%A1%20al%20expolio%20de%20tierras%20palestinas.%20P%C3%ADdele%20a%20CAF%20que%20se%20sume%20a%20nuestra%20red%20por%20la%20justicia%20y%20la%20libertad%20para%20todas%20las%20personas%20%23NoAlTranv%C3%ADaCAF&#038;via=RESCOP1&#038;related=RESCOP1' target='_blank'rel=\"noopener noreferrer\">P\u00eddele a #CAF que no construya una red de tranv\u00eda que s\u00f3lo contribuir\u00e1 al expolio de tierras palestinas. P\u00eddele a CAF que se sume a nuestra red por la justicia y la libertad para todas las personas #NoAlTranv\u00edaCAF <\/a><\/span><a href='https:\/\/twitter.com\/intent\/tweet?url=https%3A%2F%2Frescop.freepresshost.cloud%2Fca%2Fcaf%2F&#038;text=P%C3%ADdele%20a%20%23CAF%20que%20no%20construya%20una%20red%20de%20tranv%C3%ADa%20que%20s%C3%B3lo%20contribuir%C3%A1%20al%20expolio%20de%20tierras%20palestinas.%20P%C3%ADdele%20a%20CAF%20que%20se%20sume%20a%20nuestra%20red%20por%20la%20justicia%20y%20la%20libertad%20para%20todas%20las%20personas%20%23NoAlTranv%C3%ADaCAF&#038;via=RESCOP1&#038;related=RESCOP1' target='_blank' class='bctt-ctt-btn'rel=\"noopener noreferrer\">Share on X<\/a><\/span>\n\n\n<div style=\"height:43px\" aria-hidden=\"true\" class=\"wp-block-spacer\"><\/div>\n\n\n\n<h3 class=\"wp-block-heading\">Firma la petici\u00f3n y enviaremos esta carta a la junta directiva de CAF en tu nombre<\/h3>\n\n\n<p>[emailpetition id=&#8221;7&#8243;]<\/p>\n\n\n\n<p><a href=\"#euskera\">Lee el mail en euskera aqu\u00ed<\/a>. Tambi\u00e9n puedes descargar la <a href=\"https:\/\/rescop.freepresshost.cloud\/wp-content\/uploads\/2019\/06\/Carta-accionistas-EUS.pdf\" target=\"_blank\" rel=\"noreferrer noopener\" aria-label=\" (abre en una nueva pesta\u00f1a)\">carta enviada por varias organizaciones a CAF<\/a>.<\/p>\n\n\n\n<div style=\"height:37px\" aria-hidden=\"true\" class=\"wp-block-spacer\"><\/div>\n\n\n\n<p>A la atenci\u00f3n de los y las accionistas de CAF,<\/p>\n\n\n\n<p>Me dirijo a ustedes como accionistas y m\u00e1ximos responsables de la toma de decisiones de la empresa multinacional CAF, para <strong>pedirles que se retiren de la licitaci\u00f3n para construir y operar dos l\u00edneas de tranv\u00eda que conectar\u00edan Jerusal\u00e9n con el territorio palestino ocupado<\/strong>.<\/p>\n\n\n\n<p>Su empresa participa junto con Superbus y Shapir Civil and Marine Engineering en un proceso de licitaci\u00f3n para construir una segunda l\u00ednea de tren ligero en Jerusal\u00e9n y para operar la l\u00ednea existente. El objeto de la licitaci\u00f3n a la que opta CAF es conectar Jerusal\u00e9n Oeste con los asentamientos israel\u00edes de Cisjordania mediante una red de tren ligero. <\/p>\n\n\n\n<p>Como parte de una sociedad civil global concienciada con el respeto de los derechos humanos, nos dirigirnos a ustedes para llamar la atenci\u00f3n y alertarles sobre las graves vulneraciones del derecho internacional en las puede verse involucrada CAF si contin\u00faa adelante con este proceso de licitaci\u00f3n. Por todo ello, me gustar\u00eda pedirles que como m\u00e1ximos responsables de la toma de decisiones en su empresa, <strong>se retiren de una licitaci\u00f3n que podr\u00eda no s\u00f3lo poner en entredicho su imagen, si no que podr\u00eda hacer que su empresa incurra en la prestaci\u00f3n de ayuda material para la comisi\u00f3n de cr\u00edmenes de guerra<\/strong> y contra la humanidad.<\/p>\n\n\n\n<p>Los asentamientos israel\u00edes en el territorio palestino ocupado, incluyendo Jerusal\u00e9n Este, son ilegales seg\u00fan el derecho internacional y as\u00ed lo ratifican numerosas resoluciones de las Naciones Unidas, la Corte Internacional de Justicia, la Convenci\u00f3n de Ginebra y otros organismos y mecanismos internacionales de derechos humanos.<\/p>\n\n\n\n<p>La participaci\u00f3n de CAF en la construcci\u00f3n de un tren ligero que conecte Jerusal\u00e9n con los asentamientos israel\u00edes en el territorio palestino ocupado supondr\u00eda una clara <strong>vulneraci\u00f3n de la Convenci\u00f3n de Ginebra, de las numerosas resoluciones de de Naciones y del dictamen de la propia Corte Internacional de Justicia<\/strong>, adem\u00e1s de contradecir los Principios Rectores sobre Empresas y Derechos Humanos el consiguiente Plan de Nacional de Acci\u00f3n del Gobierno del Estado espa\u00f1ol y el propio C\u00f3digo de Conducta de su empresa.<\/p>\n\n\n\n<p>Son ya numerosas las empresas internacionales que se han descolgado de este proceso de licitaci\u00f3n: la canadiense <strong>Bombardier<\/strong>, la australiana <strong>Macquarie<\/strong>, la alemana <strong>Siemens <\/strong>y la francesa <strong>Alsthom <\/strong>ya se han retirado de esta competici\u00f3n. Por otro lado, Systra, una filial de la empresa ferroviaria estatal francesa <strong>SNCF <\/strong>ya renunci\u00f3 el a\u00f1o pasado y la semana pasada se dio a conocer la noticia de que un consorcio griego finalmente tampoco ha presentado su oferta. <strong>Cytty-Pass<\/strong>, la compa\u00f1\u00eda que tiene actualmente la explotaci\u00f3n de la l\u00ednea Roja tambi\u00e9n ha renunciado a ello.<\/p>\n\n\n\n<p><strong>Por todos estos motivos, les reitero mi petici\u00f3n de que CAF se retire de este proyecto que s\u00f3lo contribuir\u00eda al expolio de tierras palestinas, a la expansi\u00f3n de los asentamientos israel\u00edes en el territorio palestino ocupado y a graves y flagrantes vulneraciones de derechos humanos.<\/strong><\/p>\n\n\n\n<div class=\"wp-block-image\"><figure class=\"aligncenter\"><img loading=\"lazy\" decoding=\"async\" width=\"730\" height=\"486\" src=\"https:\/\/rescop.freepresshost.cloud\/wp-content\/uploads\/2019\/06\/caf-tranv\u00eda-02-730x486.jpg\" alt=\"\" class=\"wp-image-8417\" srcset=\"https:\/\/rescop.freepresshost.cloud\/wp-content\/uploads\/2019\/06\/caf-tranv\u00eda-02-730x486.jpg 730w, https:\/\/rescop.freepresshost.cloud\/wp-content\/uploads\/2019\/06\/caf-tranv\u00eda-02-280x187.jpg 280w, https:\/\/rescop.freepresshost.cloud\/wp-content\/uploads\/2019\/06\/caf-tranv\u00eda-02-768x512.jpg 768w, https:\/\/rescop.freepresshost.cloud\/wp-content\/uploads\/2019\/06\/caf-tranv\u00eda-02.jpg 800w\" sizes=\"auto, (max-width: 730px) 100vw, 730px\" \/><figcaption> Petici\u00f3n #NoAlTranv\u00edaCAF. Foto de Oren Ziv \/ Activestills <\/figcaption><\/figure><\/div>\n\n\n\n<div style=\"height:20px\" aria-hidden=\"true\" class=\"wp-block-spacer\"><\/div>\n\n\n\n<a name=\"euskera\"><\/a>\n\n\n\n<h3 class=\"wp-block-heading\">Euskera<\/h3>\n\n\n\n<p>CAFeko akziodunei:<\/p>\n\n\n\n<p>CAF enpresa multinazionalaren akziodun eta erabakien arduradun nagusi zaretenez, <strong>hauxe eskatzera natorkizue: erretiratzeko Jerusalem eta Palestinako lurralde okupatua elkarrekin lotuko lituzketen bi tranbia-linea eraikitzeko eta ustiatzeko lizitaziotik<\/strong>.<\/p>\n\n\n\n<p>Jerusalemen tren arinaren bigarren linea eraikitzeko eta lehendik dagoena ustiatzeko lizitazio-prozesu batean dihardu zuen enpresak, Superbus eta Shapir Civil and Marine Engineering konpainiarekin batera. CAFek esku hartzen duen lizitazio horren xedea hauxe da: Jerusalemen mendebaldea eta Zisjordaniako israeldar kokaguneak elkarri lotzea, tren arineko sare batez.<\/p>\n\n\n\n<p>Giza eskubideen aldeko kontzientzia duen gizarte zibilaren partaide garenez, honetaz ohartaraztera gatozkizue: nazioarteko zuzenbidearen aurkako urraketa larriak egin ditzake CAFek lizitazio-proiektu horretan aurrera jarraitzen badu. Horregatik, zuen enpresako erabakien arduradun nagusiak zaretenez, <strong>eskatzen dizuet lizitazio horretatik erretiratzeko, enpresaren irudia kaltetzeaz gain beste hau ere ekar baitezake berekin proiektu horretan parte hartzeak: gerra-krimenak eta gizateriaren aurkakoak egiteko laguntzaile material bihurtzea CAF<\/strong>.<\/p>\n\n\n\n<p>Nazioarteko legeriaren arabera, legez kanpokoak dira Palestinako lurralde okupatuan Israelek dituen kokaguneak, eta hala berresten dute Nazio Batuen, Nazioarteko Justizia Auzitegiaren, Genevako Konbentzioaren eta giza eskubideen aldeko nazioarteko beste zenbait organismo eta mekanismoren ebazpenek.<\/p>\n\n\n\n<p>CAFek parte hartuko balu Jerusalem eta Israelek Palestinako lurralde okupatuan dituen kokaguneak elkarrekin lotzeko tren arin baten proiektuan, nabarmen urratuko lituzke Genevako Konbentzioa, Nazio Batuen hainbat ebazpen eta Nazioarteko Justizia Auzitegiaren irizpena; horrez gain, Estatu Espainoleko Ekintza Plan Nazionalaren Enpresei eta Giza Eskubideei buruzko Printzipio Gidarien aurka arituko litzateke, bai eta enpresaren Jokabide Kodearen kontra ere.<\/p>\n\n\n\n<p>Dagoeneko, nazioarteko enpresa ugari erretiratu dira lizitazio-proiektutik: Kanadako Bombardier, Australiako Macquarie, Alemaniako Siemens eta Frantziako Alsthom. Systra (Frantziako Estatuaren SNCF tren-konpainiaren filiala), berriz, iaz erretiratu zen, eta aurreko astean jakin zen Greziako partzuergo batek ere eskaintzarik ez aurkeztea erabaki duela azkenik. Linea Gorria deritzona egun ustiatzen duen Citty-Pass konpainiak ere alde egin du.<\/p>\n\n\n\n<p><strong>Arrazoi horiek direla eta, berriro natorkizue eskatzera CAF proiektu horretatik erretiratzeko, Palestinako lurraren harrapaketari eta Palestinako lurralde okupatuan Israelen kokaguneak hedatzeari lagunduko bailioke eta giza eskubideen aurkako urraketa larriak eta nabarmenak eragingo balituzke.<\/strong><br \/><\/p>\n\n\n\n<div style=\"height:63px\" aria-hidden=\"true\" class=\"wp-block-spacer\"><\/div>\n\n\n\n<p><em>De acuerdo a lo establecido en la Ley Org\u00e1nica 3\/2018, de 5 de diciembre, de Protecci\u00f3n de Datos Personales y garant\u00eda de los derechos digitales, te informamos que tus datos ser\u00e1n utilizados exclusivamente para los fines de esta campa\u00f1a. No ser\u00e1n cedidos, prestados o vendidos a terceros. Tu correo electr\u00f3nico no se publicar\u00e1 en la web ni ser\u00e1 utilizado para otros fines que los de comprobaci\u00f3n de identidad en su caso, y de informaci\u00f3n sobre la campa\u00f1a de CAF. En caso de querer modificar o eliminar estos datos, puedes entrar en contacto con nosotr@s en causapalestina@gmail.com o boicotisraelbds@gmail.com.<\/em><\/p>\n","protected":false},"excerpt":{"rendered":"<p>CAF lidera uno de los pocos consorcios que a\u00fan licitan para construir y operar dos l\u00edneas de tranv\u00eda que conectar\u00e1n Jerusal\u00e9n con los asentamientos israel\u00edes en el territorio palestino ocupado. Este proyecto es contrario a la legalidad internacional y supone un nuevo atentado contra los derechos del pueblo palestino. \u00a1S\u00famate a nuestra campa\u00f1a para pedirle [&hellip;]<\/p>\n","protected":false},"author":14,"featured_media":8412,"parent":0,"menu_order":0,"comment_status":"closed","ping_status":"closed","template":"","meta":{"footnotes":""},"class_list":["post-8355","page","type-page","status-publish","has-post-thumbnail","hentry"],"_links":{"self":[{"href":"https:\/\/rescop.freepresshost.cloud\/ca\/wp-json\/wp\/v2\/pages\/8355","targetHints":{"allow":["GET"]}}],"collection":[{"href":"https:\/\/rescop.freepresshost.cloud\/ca\/wp-json\/wp\/v2\/pages"}],"about":[{"href":"https:\/\/rescop.freepresshost.cloud\/ca\/wp-json\/wp\/v2\/types\/page"}],"author":[{"embeddable":true,"href":"https:\/\/rescop.freepresshost.cloud\/ca\/wp-json\/wp\/v2\/users\/14"}],"replies":[{"embeddable":true,"href":"https:\/\/rescop.freepresshost.cloud\/ca\/wp-json\/wp\/v2\/comments?post=8355"}],"version-history":[{"count":37,"href":"https:\/\/rescop.freepresshost.cloud\/ca\/wp-json\/wp\/v2\/pages\/8355\/revisions"}],"predecessor-version":[{"id":8438,"href":"https:\/\/rescop.freepresshost.cloud\/ca\/wp-json\/wp\/v2\/pages\/8355\/revisions\/8438"}],"wp:featuredmedia":[{"embeddable":true,"href":"https:\/\/rescop.freepresshost.cloud\/ca\/wp-json\/wp\/v2\/media\/8412"}],"wp:attachment":[{"href":"https:\/\/rescop.freepresshost.cloud\/ca\/wp-json\/wp\/v2\/media?parent=8355"}],"curies":[{"name":"wp","href":"https:\/\/api.w.org\/{rel}","templated":true}]}}