{"id":6008,"date":"2015-03-19T15:41:04","date_gmt":"2015-03-19T14:41:04","guid":{"rendered":"https:\/\/rescop.freepresshost.cloud\/?page_id=6008"},"modified":"2015-03-19T18:41:37","modified_gmt":"2015-03-19T17:41:37","slug":"pt","status":"publish","type":"page","link":"https:\/\/rescop.freepresshost.cloud\/ca\/elai\/pt\/","title":{"rendered":"Espa\u00e7o Livre de Apartheid Israelense (ELAI)"},"content":{"rendered":"<p>Dentro da <a title=\"Yo no compro genocidio ni apartheid israel\u00edes. \u00a1FIRMA por Palestina!\" href=\"https:\/\/rescop.freepresshost.cloud\/yonocomproapartheid\/\" target=\"_blank\">campanha #EuN\u00c3OComproApartheid<\/a>, lan\u00e7ada quando se cumpriam <a title=\"Campa\u00f1a #YoNOComproApartheid a 10 a\u00f1os del incumplimiento de la Sentencia de La Haya contra el Muro\" href=\"https:\/\/rescop.freepresshost.cloud\/bds\/yonocomproapartheid-10-anos-incumplimiento-sentencia-haya-muro\/\" target=\"_blank\">10 anos do pronunciamento do Tribunal de La Haya contra o Muro<\/a> constru\u00eddo ilegalmente por Israel na Palestina, <strong>apresentamos o selo Espa\u00e7o Livre de Apartheid Israelense (<a title=\"Espa\u00e7o Livre de Apartheid Israelense (ELAI)\" href=\"https:\/\/rescop.freepresshost.cloud\/elai\/pt\/\" target=\"_blank\">ELAI<\/a>)<\/strong>. Com ele, queremos apoiar a cria\u00e7\u00e3o, nos nossos bairros, povoados e cidades, de espa\u00e7os comerciais, culturais, pol\u00edticos, desportivos, acad\u00eamicos e sociais do Estado que se negam a colaborar com \u2014ou apoiar passivamente\u2014 o sistema colonial e de apartheid israelense. A ocupa\u00e7\u00e3o da Palestina pelo Estado de Israel iniciou oficialmente em 1948, ou seja, j\u00e1 faz 66 longos e cru\u00e9is anos, e constitui, portanto, uma das maiores injusti\u00e7as pol\u00edticas da hist\u00f3ria.<\/p>\n<figure id=\"attachment_5487\" aria-describedby=\"caption-attachment-5487\" style=\"width: 400px\" class=\"wp-caption aligncenter\"><a href=\"https:\/\/rescop.freepresshost.cloud\/wp-content\/uploads\/2015\/03\/ELAI-por.png\"><img loading=\"lazy\" decoding=\"async\" class=\"wp-image-5487\" src=\"https:\/\/rescop.freepresshost.cloud\/wp-content\/uploads\/2015\/03\/ELAI-por.png\" alt=\"Espa\u00e7o Livre de Apartheid Israelense (ELAI)\" width=\"400\" height=\"400\" \/><\/a><figcaption id=\"caption-attachment-5487\" class=\"wp-caption-text\">Selo Espa\u00e7o Livre de Apartheid Israelense (ELAI).<\/figcaption><\/figure>\n<p>Com este selo que se desenvolve na campanha de solidariedade cidad\u00e3 global, n\u00e3o violenta, antirracista e solid\u00e1ria de Boicote, Desinvestimentos e San\u00e7\u00f5es (BDS) contra o Apartheid israelense, queremos <strong>criar ilhas de consci\u00eancia pol\u00edtica e ir consolidando Espa\u00e7os Livres de Apartheid em diferentes lugares<\/strong> do Estado. A campanha BDS nasce no ano de 2005 no seio da sociedade civil palestina com a publica\u00e7\u00e3o de um <a title=\"Palestinian Civil Society Call for BDS\" href=\"http:\/\/www.bdsmovement.net\/call\" target=\"_blank\">manifesto firmado por quase 200 organiza\u00e7\u00f5es<\/a> sociais, ONG, partidos e sindicatos, tomando como referente a campanha internacional de boicote contra o Apartheid sul-africano, que foi fundamental para acabar com esse regime racista.<\/p>\n<p>A sociedade civil internacional pegou a luva lan\u00e7ada desde a Palestina para estender a campanha por todo o planeta, nos devolvendo a uma <strong>solidariedade de tipo pol\u00edtico, que busca ir ao n\u00facleo do problema e combat\u00ea-lo<\/strong>. Dessa maneira, trata-se de apoiar a luta do povo palestino por seus direitos humanos e direito de igualdade e por autodetermina\u00e7\u00e3o. O movimento BDS almeja:<\/p>\n<ol>\n<li>O <strong>fim da ocupa\u00e7\u00e3o<\/strong> da Cisjord\u00e2nia, Leste de Jerusal\u00e9m e Faixa de Gaza, territ\u00f3rios ocupados ilegalmente por Israel em 1967;<\/li>\n<li>O <strong>direito ao retorno<\/strong> dos 7,5 milh\u00f5es de refugiados e refugiadas palestinas que n\u00e3o podem voltar a Palestina, e<\/li>\n<li>O reconhecimento da <strong>igualdade de cidadania<\/strong> \u00e1rabe-palestina dentro de Israel.<\/li>\n<\/ol>\n<p>No centro do problema est\u00e1 o <strong>sionismo: um projeto pol\u00edtico que pretende construir um estado exclusivo para pessoas judias<\/strong> na Palestina, que desde o in\u00edcio se baseou na ocupa\u00e7\u00e3o e coloniza\u00e7\u00e3o de territ\u00f3rios palestinos, a separa\u00e7\u00e3o dos colonos judeus da popula\u00e7\u00e3o palestina nativa, a expuls\u00e3o desta \u00faltima para fora da Palestina, sua subjuga\u00e7\u00e3o e sua elimina\u00e7\u00e3o f\u00edsica. O sionismo define a Israel como um estado que serve a uma parte de seus cidad\u00e3os em detrimento de outra parte e vincula de maneira direta a constru\u00e7\u00e3o de Israel com a destrui\u00e7\u00e3o do povo palestino.<\/p>\n<p>O <a title=\"Statistics: Victims of the Israeli Offensive on Gaza since 08 July 2014\" href=\"http:\/\/www.pchrgaza.org\/portal\/en\/index.php?option=com_content&amp;view=article&amp;id=10491:statistics-victims-of-the-israeli-offensive-on-gaza-since-08-july-2014&amp;catid=145:in-focus\" target=\"_blank\">\u00faltimo e sanguin\u00e1rio ataque lan\u00e7ado por Israel<\/a> contra a Faixa de Gaza durante o ver\u00e3o de 2014, que causou a morte de mais de 2160 pessoas, das quais 527 eram crian\u00e7as, destruindo <a title=\"[pdf] Gaza. Initial rapid assessment\" href=\"http:\/\/www.ochaopt.org\/documents\/gaza_mira_report_9september.pdf\" target=\"_blank\">milhares de casas e infraestruturas civis<\/a> (incluindo hospitais, escolas e ref\u00fagios da ONU), \u00e9 uma demonstra\u00e7\u00e3o mais que evidente desse projeto pol\u00edtico. Tamb\u00e9m \u00e9 uma demonstra\u00e7\u00e3o desse projeto de governo a amplia\u00e7\u00e3o e consolida\u00e7\u00e3o da ocupa\u00e7\u00e3o israelense na Cosjord\u00e2nia e Leste de Jerusal\u00e9m, por meio das col\u00f4nias, do muro, e do sistema de controle militar, que junto com as massivas deten\u00e7\u00f5es arbitr\u00e1rias tornam invi\u00e1vel o dia-a-dia da popula\u00e7\u00e3o palestina. Enquanto a <strong>economia israelense se alimenta da guerra, da ocupa\u00e7\u00e3o e da Apartheid, o mercado palestino continua sendo um mercado cativo<\/strong>, controlado e asfixiado por Israel.<\/p>\n<figure id=\"attachment_5324\" aria-describedby=\"caption-attachment-5324\" style=\"width: 390px\" class=\"wp-caption alignright\"><a href=\"https:\/\/rescop.freepresshost.cloud\/wp-content\/uploads\/2014\/10\/Mapa-Palestina.png\"><img loading=\"lazy\" decoding=\"async\" class=\" wp-image-5324\" src=\"https:\/\/rescop.freepresshost.cloud\/wp-content\/uploads\/2014\/10\/Mapa-Palestina.png\" alt=\"Mapa de la destrucci\u00f3n de Palestina.\" width=\"390\" height=\"283\" srcset=\"https:\/\/rescop.freepresshost.cloud\/wp-content\/uploads\/2014\/10\/Mapa-Palestina.png 675w, https:\/\/rescop.freepresshost.cloud\/wp-content\/uploads\/2014\/10\/Mapa-Palestina-280x203.png 280w\" sizes=\"auto, (max-width: 390px) 100vw, 390px\" \/><\/a><figcaption id=\"caption-attachment-5324\" class=\"wp-caption-text\">Mapa de la destrucci\u00f3n de Palestina.<\/figcaption><\/figure>\n<p>No campo econ\u00f4mico, a campanha BDS \u00e9 especialmente relevante, j\u00e1 que a Europa \u00e9 a primeira s\u00f3cia comercial de Israel. Gra\u00e7as \u00e0 press\u00e3o do movimento de solidariedade e dos cidad\u00e3os mundiais, a campanha BDS obteve \u00eaxitos importantes. A empresa francesa <a title=\"Descarrila a Veolia \u2013 Alstom y el tranv\u00eda del Apartheid\" href=\"https:\/\/rescop.freepresshost.cloud\/bds\/descarrila-a-veolia-alstom-y-el-tranvia-del-apartheid\/\" target=\"_blank\">Veolia<\/a> teve que abandonar o projeto de constru\u00e7\u00e3o de um trem israelense em territ\u00f3rio palestino ocupado. No \u00e2mbito do agroneg\u00f3cio, a empresa exportadora de produtos agr\u00edcolas <a title=\"Palestinian civil society welcomes Agrexco liquidation, calls for celebration of this BDS victory\" href=\"http:\/\/www.bdsmovement.net\/2011\/palestinian-civil-society-welcomes-agrexco-liquidation-calls-for-celebration-of-this-bds-victory-8096\" target=\"_blank\">Agrexco teve que ser dissolvida<\/a> e substitu\u00edda por outra exportadora p\u00fablica israelense chamada <a title=\"BDS France lance la bataille contre Mehadrin !\" href=\"http:\/\/www.bdsfrance.org\/index.php?option=com_content&amp;view=article&amp;id=610%3A1911-bdsfrance-lance-la-bataille-contre-mehadrin-&amp;catid=42%3Amehadrin&amp;Itemid=93&amp;lang=fr\" target=\"_blank\">Mehadrin<\/a>. Outro exemplo \u00e9 o de Mekorot, empresa israelense que abastece \u00e1gua \u00e0s col\u00f4nias ilegais localizadas nas Ocupa\u00e7\u00f5es Territoriais Palestinas, que viram suas <a title=\"Dutch water company terminates relationship with Mekerot following government advice\" href=\"http:\/\/www.bdsmovement.net\/2013\/dutch-water-company-terminates-relationship-mekerot-government-advice-11502\" target=\"_blank\">rela\u00e7\u00f5es suspendidas<\/a> com a maior empresa holandesa de \u00e1gua, Vitens, por esse motivo. No \u00e2mbito dos desinvestimentos, os fundos de pens\u00e3o da <a title=\"Norway drops Israeli companies from pension fund over East Jerusalem construction\" href=\"http:\/\/www.haaretz.com\/news\/diplomacy-defense\/.premium-1.571505\" target=\"_blank\">Noruega<\/a> e da <a title=\"El fondo holand\u00e9s PGGM se suma al boicot contra Israel\" href=\"https:\/\/rescop.freepresshost.cloud\/bds\/holandes-pggm-boicot-israel\/\" target=\"_blank\">Holanda<\/a> retiraram os investimentos que tinham em empresas e bancos israelenses em virtude de sua cumplicidade dom as col\u00f4nias do territ\u00f3rio palestino.<\/p>\n<p>Na Europa, as empresas produtoras, atacadistas e importadoras t\u00eam a obriga\u00e7\u00e3o de informar aos comerciantes sobre o lugar de origem dos produtos. Muitas vezes, a etiqueta \u201cfabricado em Israel\u201d \u00e9 utilizada por produtores e exportadores israelenses fraudulentos, para comercializar produtos fabricados ou cultivados nas <a title=\"Mehadrin: New evidence of mislabelled settlement produce\" href=\"http:\/\/corporateoccupation.org\/mehadrin-new-evidence-of-mislabelled-settlement-produce\/\" target=\"_blank\">col\u00f4nias israelenses<\/a> dentro dos territ\u00f3rios de ocupa\u00e7\u00e3o palestina. A ilegalidade dessas col\u00f4nias levou o governo espanhol a alertar, em junho de 2014, aos cidad\u00e3os e empresas espanholas dos <strong>riscos legais, econ\u00f4micos e de imagem que envolvem as atividades econ\u00f4micas e financeiras com esses assentamentos<\/strong>.<\/p>\n<p>Nesse contexto, ao se abster de comercializar produtos israelenses, os comerciantes evitam ser c\u00famplices da viola\u00e7\u00e3o do direito internacional e de lograr aos consumidores e consumidoras. Para te ajudar a conhecer os produtos e marcas a evitar, consulte: <a title=\"\u00danete al BDS: Qu\u00e9 productos boicotear\" href=\"https:\/\/rescop.freepresshost.cloud\/productos\/\" target=\"_blank\">https:\/\/rescop.freepresshost.cloud\/produtos<\/a>\u00a0y\u00a0<a title=\"Join the BDS movement and make an impact!\" href=\"http:\/\/www.bdsmovement.net\/make-an-impact\" target=\"_blank\">http:\/\/www.bdsmovement.net\/make-an-impact<\/a>.<\/p>\n<p>Com o selo <a title=\"Espa\u00e7o Livre de Apartheid Israelense (ELAI)\" href=\"https:\/\/rescop.freepresshost.cloud\/elai\/pt\/\" target=\"_blank\">Espa\u00e7o Livre de Apartheid Israelense<\/a>, oferecemos a com\u00e9rcios, mercados e consumidor@s, a possibilidade de <strong>solidarizarem-se com o povo palestino de uma forma que vai mais al\u00e9m da caridade e dos remendos humanit\u00e1rios<\/strong>. Propomos a voc\u00ea que participe de um movimento global de defesa pelos direitos humanos do povo palestino que pressiona Israel para que respeite a legalidade internacional mediante do boicote dos produtos israelenses e da den\u00fancia de suas pol\u00edticas de apartheid.<\/p>\n<p>Os estabelecimentos que se declaram Espa\u00e7o Livre de Apartheid israelense dever\u00e3o:<\/p>\n<ol>\n<li><strong>Aderir<\/strong> formalmente \u00e0 campanha, informando seus dados a <a href=\"http:\/\/www.nodo50.org\/causapalestina\/\" target=\"_blank\">RESCOP<\/a> para que possam ser inclu\u00eddos, se assim desejarem, em um cadastro de Espa\u00e7os Livres de Apartheid Israelense.<\/li>\n<li><strong>Difundir<\/strong> a campanha entre seus consumidores\/as de forma vis\u00edvel, um adesivo identificativo do selo, no estabelecimento ou loja.<\/li>\n<li><strong>Abster-se de comprar e vender produtos procedentes de Israel ou das col\u00f4nias<\/strong> israelenses constru\u00eddas ilegalmente em territ\u00f3rio palestino.<\/li>\n<\/ol>\n<p>Uma vez feita a ades\u00e3o \u00e0 campanha, pode-se utilizar o selo para demonstrar seu compromisso com o respeito dos direitos humanos, a igualdade entre os seres humanos e a autodetermina\u00e7\u00e3o dos povos. Para conseguir o selo, escreva-nos no endere\u00e7o causapalestina@gmail.com e boicotisraelbds@gmail.com.<\/p>\n","protected":false},"excerpt":{"rendered":"<p>Dentro da campanha #EuN\u00c3OComproApartheid, lan\u00e7ada quando se cumpriam 10 anos do pronunciamento do Tribunal de La Haya contra o Muro constru\u00eddo ilegalmente por Israel na Palestina, apresentamos o selo Espa\u00e7o Livre de Apartheid Israelense (ELAI). Com ele, queremos apoiar a cria\u00e7\u00e3o, nos nossos bairros, povoados e cidades, de espa\u00e7os comerciais, culturais, pol\u00edticos, desportivos, acad\u00eamicos e [&hellip;]<\/p>\n","protected":false},"author":11,"featured_media":0,"parent":5451,"menu_order":0,"comment_status":"closed","ping_status":"closed","template":"","meta":{"footnotes":""},"class_list":["post-6008","page","type-page","status-publish","hentry"],"_links":{"self":[{"href":"https:\/\/rescop.freepresshost.cloud\/ca\/wp-json\/wp\/v2\/pages\/6008","targetHints":{"allow":["GET"]}}],"collection":[{"href":"https:\/\/rescop.freepresshost.cloud\/ca\/wp-json\/wp\/v2\/pages"}],"about":[{"href":"https:\/\/rescop.freepresshost.cloud\/ca\/wp-json\/wp\/v2\/types\/page"}],"author":[{"embeddable":true,"href":"https:\/\/rescop.freepresshost.cloud\/ca\/wp-json\/wp\/v2\/users\/11"}],"replies":[{"embeddable":true,"href":"https:\/\/rescop.freepresshost.cloud\/ca\/wp-json\/wp\/v2\/comments?post=6008"}],"version-history":[{"count":7,"href":"https:\/\/rescop.freepresshost.cloud\/ca\/wp-json\/wp\/v2\/pages\/6008\/revisions"}],"predecessor-version":[{"id":6028,"href":"https:\/\/rescop.freepresshost.cloud\/ca\/wp-json\/wp\/v2\/pages\/6008\/revisions\/6028"}],"up":[{"embeddable":true,"href":"https:\/\/rescop.freepresshost.cloud\/ca\/wp-json\/wp\/v2\/pages\/5451"}],"wp:attachment":[{"href":"https:\/\/rescop.freepresshost.cloud\/ca\/wp-json\/wp\/v2\/media?parent=6008"}],"curies":[{"name":"wp","href":"https:\/\/api.w.org\/{rel}","templated":true}]}}