{"id":592,"date":"2012-10-25T10:06:45","date_gmt":"2012-10-25T10:06:45","guid":{"rendered":"https:\/\/rescop.freepresshost.cloud\/?page_id=592"},"modified":"2013-06-03T09:58:05","modified_gmt":"2013-06-03T07:58:05","slug":"empresas","status":"publish","type":"page","link":"https:\/\/rescop.freepresshost.cloud\/ca\/boicot-economico\/empresas\/","title":{"rendered":"Empresas"},"content":{"rendered":"<ul>\n<li><a href=\"http:\/\/www.nodo50.org\/csca\/palestina\/campanya_boicot-2002.html\" target=\"_blank\">Listado de Empresas establecidas en el Estado espa\u00f1ol que son filiales de israel\u00edes o participadas por capital israel\u00ed y a empresas espa\u00f1olas que compran, venden o invierten en Israel.<\/a><\/li>\n<\/ul>\n<p>Haz click en el logo y env\u00edales una carta. Puedes ayudar creando cartas para cualquiera de las empresas del listado, nosotr@s las colgaremos. \u00a1Gracias!<\/p>\n<p><a href=\"https:\/\/rescop.freepresshost.cloud\/old\/carta_caterpillar.html\" target=\"_blank\"><img decoding=\"async\" class=\"alignleft  wp-image-1185\" alt=\"cat_logo\" src=\"https:\/\/rescop.freepresshost.cloud\/wp-content\/uploads\/2013\/01\/cat_logo.gif\" width=\"100\" \/><\/a><\/p>\n<p><img decoding=\"async\" class=\"alignleft  wp-image-1186\" alt=\"corte\" src=\"https:\/\/rescop.freepresshost.cloud\/wp-content\/uploads\/2013\/01\/corte.gif\" width=\"100\" \/><\/p>\n<p><img decoding=\"async\" class=\"alignleft  wp-image-1187\" alt=\"eshet\" src=\"https:\/\/rescop.freepresshost.cloud\/wp-content\/uploads\/2013\/01\/eshet.gif\" width=\"100\" \/><\/p>\n<p><a href=\"https:\/\/rescop.freepresshost.cloud\/old\/carta_hm.html\" target=\"_blank\"><img decoding=\"async\" class=\"alignleft size-full wp-image-1188\" alt=\"hym\" src=\"https:\/\/rescop.freepresshost.cloud\/wp-content\/uploads\/2013\/01\/hym.gif\" width=\"100\" \/><\/a><\/p>\n<p><img decoding=\"async\" class=\"alignleft size-full wp-image-1189\" alt=\"iberia\" src=\"https:\/\/rescop.freepresshost.cloud\/wp-content\/uploads\/2013\/01\/iberia.gif\" width=\"100\" \/><\/p>\n<p><a href=\"https:\/\/rescop.freepresshost.cloud\/old\/cartatelefonica.html\" target=\"_blank\"><img decoding=\"async\" class=\"alignleft size-full wp-image-1190\" alt=\"movistar\" src=\"https:\/\/rescop.freepresshost.cloud\/wp-content\/uploads\/2013\/01\/movistar.gif\" width=\"100\" \/><\/a><\/p>\n<p><a href=\"http:\/\/www.rebelion.org\/noticia.php?id=34542&amp;titular=una-empresa-pro-sionista-que-utiliza-el-%22comercio-justo%22-\" target=\"_blank\"><img decoding=\"async\" class=\"alignleft size-full wp-image-1191\" alt=\"starbucks_logo\" src=\"https:\/\/rescop.freepresshost.cloud\/wp-content\/uploads\/2013\/01\/starbucks_logo.gif\" width=\"100\" \/><\/a><\/p>\n<p><a href=\"https:\/\/rescop.freepresshost.cloud\/old\/cartatelefonica.html\" target=\"_blank\"><img decoding=\"async\" class=\"alignleft size-full wp-image-1192\" alt=\"telefonica\" src=\"https:\/\/rescop.freepresshost.cloud\/wp-content\/uploads\/2013\/01\/telefonica.gif\" width=\"100\" \/><\/a><\/p>\n<p><a href=\"https:\/\/rescop.freepresshost.cloud\/old\/cartavodafone.html\" target=\"_blank\"><img decoding=\"async\" class=\"alignleft size-full wp-image-1193\" alt=\"vodafone\" src=\"https:\/\/rescop.freepresshost.cloud\/wp-content\/uploads\/2013\/01\/vodafone.gif\" width=\"100\" \/><\/a><\/p>\n<p><a href=\"http:\/\/www.rebelion.org\/noticia.php?id=105048&amp;titular=%C2%AB%C2%BFqui%C3%A9n-se-beneficia?%C2%BB-\" target=\"_blank\"><img decoding=\"async\" class=\"alignleft size-full wp-image-1194\" alt=\"volvo\" src=\"https:\/\/rescop.freepresshost.cloud\/wp-content\/uploads\/2013\/01\/volvo.gif\" width=\"100\" \/><\/a><br \/>\n<span style=\"color: #ffffff;\">&#8230;&#8230;&#8230;&#8230;&#8230;&#8230;&#8230;&#8230;&#8230;&#8230;&#8230;&#8230;&#8230;&#8230;&#8230;&#8230;&#8230;&#8230;&#8230;&#8230;&#8230;&#8230;&#8230;&#8230;&#8230;&#8230;&#8230;&#8230;&#8230;&#8230;&#8230;&#8230;<\/span><\/p>\n<p>[blog category=&#8221;54&#8243; images=&#8221;true&#8221; images=&#8221;true&#8221; image_width=&#8221;120&#8243; image_height=&#8221;100&#8243; post_content=&#8221;excerpt&#8221; excerpt_length=&#8221;50&#8243; show_date=&#8221;true&#8221; author_link=&#8221;false&#8221; comments_link=&#8221;true&#8221; show_category_list=&#8221;false&#8221; show_tag_list=&#8221;false&#8221; posts_per_page=&#8221;7&#8243; paging=&#8221;true&#8221;]<\/p>\n","protected":false},"excerpt":{"rendered":"<p>Listado de Empresas establecidas en el Estado espa\u00f1ol que son filiales de israel\u00edes o participadas por capital israel\u00ed y a empresas espa\u00f1olas que compran, venden o invierten en Israel. Haz click en el logo y env\u00edales una carta. Puedes ayudar creando cartas para cualquiera de las empresas del listado, nosotr@s las colgaremos. \u00a1Gracias! &#8230;&#8230;&#8230;&#8230;&#8230;&#8230;&#8230;&#8230;&#8230;&#8230;&#8230;&#8230;&#8230;&#8230;&#8230;&#8230;&#8230;&#8230;&#8230;&#8230;&#8230;&#8230;&#8230;&#8230;&#8230;&#8230;&#8230;&#8230;&#8230;&#8230;&#8230;&#8230; [blog [&hellip;]<\/p>\n","protected":false},"author":11,"featured_media":0,"parent":480,"menu_order":3,"comment_status":"closed","ping_status":"closed","template":"","meta":{"footnotes":""},"class_list":["post-592","page","type-page","status-publish","hentry"],"_links":{"self":[{"href":"https:\/\/rescop.freepresshost.cloud\/ca\/wp-json\/wp\/v2\/pages\/592","targetHints":{"allow":["GET"]}}],"collection":[{"href":"https:\/\/rescop.freepresshost.cloud\/ca\/wp-json\/wp\/v2\/pages"}],"about":[{"href":"https:\/\/rescop.freepresshost.cloud\/ca\/wp-json\/wp\/v2\/types\/page"}],"author":[{"embeddable":true,"href":"https:\/\/rescop.freepresshost.cloud\/ca\/wp-json\/wp\/v2\/users\/11"}],"replies":[{"embeddable":true,"href":"https:\/\/rescop.freepresshost.cloud\/ca\/wp-json\/wp\/v2\/comments?post=592"}],"version-history":[{"count":18,"href":"https:\/\/rescop.freepresshost.cloud\/ca\/wp-json\/wp\/v2\/pages\/592\/revisions"}],"predecessor-version":[{"id":1918,"href":"https:\/\/rescop.freepresshost.cloud\/ca\/wp-json\/wp\/v2\/pages\/592\/revisions\/1918"}],"up":[{"embeddable":true,"href":"https:\/\/rescop.freepresshost.cloud\/ca\/wp-json\/wp\/v2\/pages\/480"}],"wp:attachment":[{"href":"https:\/\/rescop.freepresshost.cloud\/ca\/wp-json\/wp\/v2\/media?parent=592"}],"curies":[{"name":"wp","href":"https:\/\/api.w.org\/{rel}","templated":true}]}}