{"id":5656,"date":"2015-01-12T11:50:23","date_gmt":"2015-01-12T10:50:23","guid":{"rendered":"https:\/\/rescop.freepresshost.cloud\/?page_id=5656"},"modified":"2017-03-30T02:44:31","modified_gmt":"2017-03-30T00:44:31","slug":"atletijuegolimpio","status":"publish","type":"page","link":"https:\/\/rescop.freepresshost.cloud\/ca\/atletijuegolimpio\/","title":{"rendered":"#AtletiJuegoLimpio: Plus500 es un patrocinio manchado de sangre"},"content":{"rendered":"<h6 style=\"text-align: right;\"><a title=\"Plus500, bloodstained sponsorship deal: #AtletiJuegoLimpio\" href=\"https:\/\/rescop.freepresshost.cloud\/atletijuegolimpio\/en\/\">Here information in English.<\/a><\/h6>\n<p>Lanzamos una <a href=\"https:\/\/oiga.me\/es\/campaigns\/atleti-juego-limpio-di-no-al-patrocinio-de-la-empresa-israeli-plus500\" target=\"_blank\">campa\u00f1a de env\u00edo de correos<\/a> para expresar nuestra preocupaci\u00f3n ante el contrato de\u00a0<strong>patrocinio al club Atl\u00e9tico de Madrid por parte de\u00a0la empresa israel\u00ed Plus500<\/strong>, que representa y fomenta, seg\u00fan sus propios fundadores, los <a title=\"Plus500: Absolutely Israeli\" href=\"http:\/\/www.globes.co.il\/en\/article-1000872650\" target=\"_blank\">intereses econ\u00f3micos del Estado de Israel<\/a>, un Estado que mantiene desde hace m\u00e1s de setenta a\u00f1os una ocupaci\u00f3n militar sobre territorios palestinos y que perpet\u00faa continuas violaciones de Derechos Humanos contra el pueblo palestino.<\/p>\n<p><a href=\"https:\/\/oiga.me\/es\/campaigns\/atleti-juego-limpio-di-no-al-patrocinio-de-la-empresa-israeli-plus500\" target=\"_blank\">https:\/\/oiga.me\/es\/campaigns\/atleti-juego-limpio-di-no-al-patrocinio-de-la-empresa-israeli-plus500<\/a><\/p>\n<figure id=\"attachment_5678\" aria-describedby=\"caption-attachment-5678\" style=\"width: 623px\" class=\"wp-caption aligncenter\"><a href=\"https:\/\/rescop.freepresshost.cloud\/wp-content\/uploads\/2015\/01\/AtletiJuegoLimpio.jpg\"><img loading=\"lazy\" decoding=\"async\" class=\" wp-image-5678\" src=\"https:\/\/rescop.freepresshost.cloud\/wp-content\/uploads\/2015\/01\/AtletiJuegoLimpio-623.jpg\" alt=\"Atleti Juego Limpio\" width=\"623\" height=\"327\" \/><\/a><figcaption id=\"caption-attachment-5678\" class=\"wp-caption-text\">Campa\u00f1a #AtletiJuegoLimpio contra el patrocinio de la empresa israel\u00ed Plus500.<\/figcaption><\/figure>\n<p>Una muestra de ello son los ataques sobre\u00a0la Franja de Gaza, teniendo como \u00faltimo ejemplo la matanza de m\u00e1s de 2.300 personas en julio y agosto de 2014; as\u00ed como el <strong>derribo de casas, la persecuci\u00f3n, los presos pol\u00edticos, el expolio de recursos, el bloqueo, la negaci\u00f3n del derecho al retorno<\/strong>&#8230; y un largo etc\u00e9tera de violaciones de Derechos Humanos que condenan al pueblo palestino a vivir bajo un r\u00e9gimen de apartheid.<\/p>\n<p><strong>El mundo del deporte palestino no es ajeno a esta situaci\u00f3n<\/strong>. Los y las deportistas palestinas ven restringida de forma rutinaria y sistem\u00e1tica todas sus libertades fundamentales. Durante la Copa Asi\u00e1tica que se est\u00e1 disputando ahora en Australia, Israel ha <a title=\"Palestinian Football Association condemns Israel after player banned from travel\" href=\"https:\/\/www.middleeastmonitor.com\/news\/middle-east\/16223-palestinian-football-association-condemns-israel-after-player-banned-from-travel\" target=\"_blank\">prohibido viajar al jugador de la selecci\u00f3n palestina Sameh Marabah<\/a>, una \u201cdecisi\u00f3n contraria a todas las convenciones y leyes internacionales, especialmente los reglamentos del Comit\u00e9 Ol\u00edmpico Internacional y de la FIFA que garantizan la libertad de movimiento de todos los jugadores\u201d, seg\u00fan declar\u00f3 la Federaci\u00f3n de F\u00fatbol de Palestina.<\/p>\n<p>Asimismo, las <strong>instalaciones futbol\u00edsticas y deportivas palestinas han sido el blanco de ataques militares israel\u00edes<\/strong>, incluyendo la sede del <a title=\"NPC Palestine headquarters destroyed\" href=\"http:\/\/www.paralympic.org\/news\/npc-palestine-headquarters-destroyed\" target=\"_blank\">Comit\u00e9 Nacional Paral\u00edmpico<\/a> y el <a title=\"Palestinians report casualties, extensive damage as IDF bombs Gaza stadium\" href=\"http:\/\/www.haaretz.com\/news\/diplomacy-defense\/palestinians-report-casualties-extensive-damage-as-idf-bombs-gaza-stadium-1.479608\" target=\"_blank\">Estadio Nacional de Gaza<\/a> en 2012. Seg\u00fan <a title=\"Un mill\u00f3n de USD comprometidos para instalaciones en Gaza\" href=\"http:\/\/es.fifa.com\/aboutfifa\/footballdevelopment\/projects\/news\/newsid=2503641\/index.html\" target=\"_blank\">la FIFA<\/a>, &#8220;el 70% de las infraestructuras deportivas de Gaza quedaron destruidas&#8221; durante los ataques del verano de 2014. El \u00faltimo episodio, que sienta otro peligroso precedente, fue la <a title=\"Israeli forces raid Palestinian Football Association HQ\" href=\"http:\/\/rcir.org.uk\/?p=1088\" target=\"_blank\">redada que soldados israel\u00edes armados hicieron en las oficinas centrales de la Federaci\u00f3n de F\u00fatbol de Palestina en Ramallah<\/a>. Los patios escolares, parques infantiles y lugares de recreo tampoco se han librado de esta violencia, como demuestra el bombardeo de <a title=\"http:\/\/www.huffingtonpost.es\/2014\/07\/16\/ninos-palestinos-playa_n_5591936.html\" href=\"http:\/\/www.huffingtonpost.es\/2014\/07\/16\/ninos-palestinos-playa_n_5591936.html\" target=\"_blank\">cuatros ni\u00f1os palestinos de la familia Baker que jugaban al f\u00fatbol<\/a> en una playa de Gaza , frente al hotel que albergaba a mucha de la prensa extranjera.<\/p>\n<p>Aparte de los bombardeos, <strong>deportistas profesionales y aficionados han sido atacados por las autoridades militares israel\u00edes<\/strong> teniendo como resultado su muerte o secuelas graves que les han impedido volver a practicar deporte. El 31 de enero de 2014 <a title=\"\u201c\u00bfLa FIFA va a liberar a nuestros hijos?\u201d: Asociaciones de f\u00fatbol internacionales discuten sobre la ocupaci\u00f3n israel\u00ed antes del Mundial\" href=\"https:\/\/rescop.freepresshost.cloud\/bds\/fifa-liberar-nuestros-hijos\/\" target=\"_blank\">Jawhar y Adam<\/a>, dos j\u00f3venes palestinos de 19 y 17 a\u00f1os, estaban regresando a su casa despu\u00e9s de un entrenamiento de f\u00fatbol en el estadio Faisal al-Husseini cuando fueron disparados por fuerzas israel\u00edes al aproximarse a un <em>checkpoint<\/em>. Ambos recibieron disparos en el pie, lo que les ha impedido volver a jugar al f\u00fatbol. Tambi\u00e9n en mayo de 2014 <a title=\"Carta desde Ramallah, por Ben Ehrenreich\" href=\"https:\/\/rescop.freepresshost.cloud\/bds\/carta-ramallah-ben-ehrenreich\/\" target=\"_blank\">Nadeem Nowarrah<\/a>, un palestino de 17 a\u00f1os aficionado al baloncesto, recibi\u00f3 cinco disparos, uno directamente en el coraz\u00f3n, cuando participaba en una manifestaci\u00f3n en Ramallah.<\/p>\n<p>Deportistas y futbolistas de Palestina tambi\u00e9n han sufrido los arrestos injustificados. Uno de los casos m\u00e1s conocidos es el del integrante de la selecci\u00f3n nacional palestina\u00a0<strong><a title=\"From football to falafel - Palestinian footballer Mahmoud Sarsak on prison, torture and how his national dish changed his life\" href=\"http:\/\/www.amnesty.org.uk\/blogs\/press-release-me-let-me-go\/football-falafel-palestinian-footballer-mahmoud-sarsak-prison\" target=\"_blank\">Mahmoud Sarsak<\/a>, que estuvo detenido durante tres a\u00f1os sin cargos ni juicio<\/strong> tras ser detenido cuando se dirig\u00eda desde Gaza a su nuevo equipo Balata Youth, en Cisjordania. Tras 101 d\u00edas de huelga de hambre, por la que casi pierde la vida, y una gran protesta internacional con el apoyo de importantes figuras como Eric Cantona, Fr\u00e9d\u00e9ric Kanout\u00e9, Abou Diaby y Lilian Thuram, consigui\u00f3 que las autoridades israel\u00edes le liberaran.<\/p>\n<p>Ante este tipo de ataques, personalidades del deporte, profesionales y aficiones han levantado su voz. Las <a title=\"Platini threatens to annul Israel's membership of UEFA\" href=\"https:\/\/www.middleeastmonitor.com\/news\/middle-east\/1551-platini-threatens-to-annul-israels-membership-of-uefa\" target=\"_blank\">declaraciones de Michel Platini<\/a>, presidente de la UEFA, en diciembre de 2010 ilustran este compromiso al afirmar que \u201cIsrael tiene que escoger entre permitir que el deporte palestino se desarrolle y florezca o enfrentarse a las consecuencias de su comportamiento actual\u201c.<\/p>\n<p>En Junio de 2011, <a title=\"Palestinian sports community appeal to UEFA \u2013 Red Card Israeli Apartheid\" href=\"http:\/\/www.bdsmovement.net\/2011\/letter-to-platini-7377\" target=\"_blank\">42 clubes de f\u00fatbol palestinos<\/a> exhortaron a Platini a <strong>reconsiderar la decisi\u00f3n de celebrar el campeonato masculino de f\u00fatbol Sub21 en Israel<\/strong>. Este llamamiento fue respaldado por seguidores del f\u00fatbol, profesionales y defensores de los derechos humanos con acciones como una petici\u00f3n en la red con m\u00e1s de 13.000 firmas, una declaraci\u00f3n firmada por <a title=\"European footballers declare support for Palestine\" href=\"http:\/\/www.kanoute.com\/EUROPEAN-FOOTBALLERS-DECLARE-SUPPORT-FOR-PALESTINE_ad-id!35.ks\" target=\"_blank\">50 estrellas europeas del f\u00fatbol<\/a> o la carta de la exministra francesa de deportes <a title=\"Coupe d'Europe de football en Isra\u00ebl, Marie Georges Buffet \u00e9crit \u00e0 Platini\" href=\"http:\/\/cartonrougeapartheidisrael.weebly.com\/actualites\/coupe-deurope-de-football-en-isral-marie-georges-buffet-crit-platini\" target=\"_blank\">Marie-George Buffet<\/a>.<\/p>\n<p>En septiembre de 2014, la <strong>UEFA rechaz\u00f3 la candidatura israel\u00ed para albergar partidos de la Eurocopa de f\u00fatbol de 2020<\/strong> <a title=\"Victoria de la campa\u00f1a BDS: La UEFA rechaza la candidatura israel\u00ed\" href=\"https:\/\/rescop.freepresshost.cloud\/bds\/victoria-bds-uefa-rechaza-israeli\/\" target=\"_blank\">tras una campa\u00f1a internacional<\/a> en la que participaron equipos y ONG palestinas as\u00ed como activistas europeos que alegaban que aceptar la candidatura equivaldr\u00eda a \u201crecompensar\u201d a Israel por su masacre de m\u00e1s de 2.300 personas palestinas, incluyendo m\u00e1s de 500 ni\u00f1as y ni\u00f1os, durante su reciente ataque de 52 d\u00edas.<\/p>\n<p>Estas campa\u00f1as, enmarcadas dentro del movimiento global, no violento y antirracista de\u00a0<a title=\"\u00bfQu\u00e9 es la campa\u00f1a de BDS contra Israel y por qu\u00e9 est\u00e1 funcionando?\" href=\"https:\/\/rescop.freepresshost.cloud\/bds\/que-es-bds-contra-israel-y-por-que-esta-funcionando\/\" target=\"_blank\">Boicot, Desinversiones y Sanciones (BDS)<\/a> que la sociedad civil palestina lanz\u00f3 en 2005, se inspiran en el <strong>movimiento antiapartheid en Sud\u00e1frica en cuya victoria el boicot deportivo jug\u00f3 un papel decisivo<\/strong>.<\/p>\n<p>Este acuerdo de financiaci\u00f3n llega en un contexto en el que el Club Atl\u00e9tico de Madrid est\u00e1 tristemente en portada por hechos que nada tienen que ver con la visi\u00f3n y los valores del juego limpio. <strong>Pilares como la deportividad y el antirracismo son los que constituyen las bases del f\u00fatbol en el que creemos tanto aficionados como profesionales<\/strong>. En estos valores no cabe la Ocupaci\u00f3n ni el Apartheid israel\u00ed.<\/p>\n<p>Entendemos que una empresa que se identifica con los intereses del Estado de Israel aparezca en la camiseta de los jugadores del equipo sirve para normalizar la imagen de un r\u00e9gimen cuyo comportamiento es contrario a los valores del juego limpio y el deporte. Por ello, <strong>solicitamos que el Atl\u00e9tico de Madrid se mantenga al lado del juego limpio y anule el acuerdo con la empresa Plus500<\/strong>.<\/p>\n<p><a name=\"envio\"><\/a><\/p>\n<h2>Env\u00eda un correo mostrando tu desacuerdo con el patrocinio de Plus500: \u00a1Exige #AtletiJuegoLimpio!<\/h2>\n<p>Si est\u00e1s utilizando un smpartphone o tablet, elige la opci\u00f3n para confiar en la fuente y acceder a la p\u00e1gina de la petici\u00f3n: <a href=\"https:\/\/oiga.me\/es\/campaigns\/atleti-juego-limpio-di-no-al-patrocinio-de-la-empresa-israeli-plus500\">https:\/\/oiga.me\/es\/campaigns\/atleti-juego-limpio-di-no-al-patrocinio-de-la-empresa-israeli-plus500<\/a>.<br \/>\n<script src=\"https:\/\/oiga.me\/es\/campaigns\/atleti-juego-limpio-di-no-al-patrocinio-de-la-empresa-israeli-plus500\/widget.js\" type=\"text\/javascript\"><\/script><\/p>\n","protected":false},"excerpt":{"rendered":"<p>Here information in English. Lanzamos una campa\u00f1a de env\u00edo de correos para expresar nuestra preocupaci\u00f3n ante el contrato de\u00a0patrocinio al club Atl\u00e9tico de Madrid por parte de\u00a0la empresa israel\u00ed Plus500, que representa y fomenta, seg\u00fan sus propios fundadores, los intereses econ\u00f3micos del Estado de Israel, un Estado que mantiene desde hace m\u00e1s de setenta a\u00f1os [&hellip;]<\/p>\n","protected":false},"author":11,"featured_media":5703,"parent":0,"menu_order":0,"comment_status":"closed","ping_status":"closed","template":"","meta":{"footnotes":""},"class_list":["post-5656","page","type-page","status-publish","has-post-thumbnail","hentry"],"_links":{"self":[{"href":"https:\/\/rescop.freepresshost.cloud\/ca\/wp-json\/wp\/v2\/pages\/5656","targetHints":{"allow":["GET"]}}],"collection":[{"href":"https:\/\/rescop.freepresshost.cloud\/ca\/wp-json\/wp\/v2\/pages"}],"about":[{"href":"https:\/\/rescop.freepresshost.cloud\/ca\/wp-json\/wp\/v2\/types\/page"}],"author":[{"embeddable":true,"href":"https:\/\/rescop.freepresshost.cloud\/ca\/wp-json\/wp\/v2\/users\/11"}],"replies":[{"embeddable":true,"href":"https:\/\/rescop.freepresshost.cloud\/ca\/wp-json\/wp\/v2\/comments?post=5656"}],"version-history":[{"count":22,"href":"https:\/\/rescop.freepresshost.cloud\/ca\/wp-json\/wp\/v2\/pages\/5656\/revisions"}],"predecessor-version":[{"id":5744,"href":"https:\/\/rescop.freepresshost.cloud\/ca\/wp-json\/wp\/v2\/pages\/5656\/revisions\/5744"}],"wp:featuredmedia":[{"embeddable":true,"href":"https:\/\/rescop.freepresshost.cloud\/ca\/wp-json\/wp\/v2\/media\/5703"}],"wp:attachment":[{"href":"https:\/\/rescop.freepresshost.cloud\/ca\/wp-json\/wp\/v2\/media?parent=5656"}],"curies":[{"name":"wp","href":"https:\/\/api.w.org\/{rel}","templated":true}]}}