{"id":556,"date":"2012-10-24T11:47:44","date_gmt":"2012-10-24T11:47:44","guid":{"rendered":"https:\/\/rescop.freepresshost.cloud\/?page_id=556"},"modified":"2023-11-03T19:10:19","modified_gmt":"2023-11-03T18:10:19","slug":"boicot-academico","status":"publish","type":"page","link":"https:\/\/rescop.freepresshost.cloud\/ca\/boicot-academico\/","title":{"rendered":"Boicot acad\u00e9mico"},"content":{"rendered":"<p><\/p>\n<h5><a href=\"https:\/\/rescop.freepresshost.cloud\/bds\/academico\/\">Directrices de la Campa\u00f1a Palestina para el Boicot Acad\u00e9mico y Cultural a Israel (PACBI) para el boicot acad\u00e9mico internacional a Israel<\/a>, actualizadas a julio de 2014.<\/p>\n<p>Si perteneces a la comunidad universitaria del estado espa\u00f1ol, firma y adhi\u00e9rete al <a href=\"http:\/\/pebai.wordpress.com\/firma-el-manifiesto-lista-de-personas-firmantes\/\">Manifiesto del BDS Acad\u00e9mico por Palestina<\/a>.<\/h5>\n<p><span style=\"color: #ffffff;\">.<\/span><br \/>\n[blog category=&#8221;39&#8243; images=&#8221;true&#8221; image_width=&#8221;120&#8243; image_height=&#8221;100&#8243; post_content=&#8221;excerpt&#8221; excerpt_length=&#8221;50&#8243; show_date=&#8221;true&#8221; author_link=&#8221;false&#8221; comments_link=&#8221;true&#8221; show_category_list=&#8221;false&#8221; show_tag_list=&#8221;false&#8221; posts_per_page=&#8221;7&#8243; paging=&#8221;true&#8221;]<\/p>","protected":false},"excerpt":{"rendered":"<p>Directrices de la Campa\u00f1a Palestina para el Boicot Acad\u00e9mico y Cultural a Israel (PACBI) para el boicot acad\u00e9mico internacional a Israel, actualizadas a julio de 2014. Si perteneces a la comunidad universitaria del estado espa\u00f1ol, firma y adhi\u00e9rete al Manifiesto del BDS Acad\u00e9mico por Palestina. . [blog category=&#8221;39&#8243; images=&#8221;true&#8221; image_width=&#8221;120&#8243; image_height=&#8221;100&#8243; post_content=&#8221;excerpt&#8221; excerpt_length=&#8221;50&#8243; show_date=&#8221;true&#8221; author_link=&#8221;false&#8221; [&hellip;]<\/p>\n","protected":false},"author":11,"featured_media":0,"parent":0,"menu_order":0,"comment_status":"closed","ping_status":"closed","template":"","meta":{"footnotes":""},"class_list":["post-556","page","type-page","status-publish","hentry"],"_links":{"self":[{"href":"https:\/\/rescop.freepresshost.cloud\/ca\/wp-json\/wp\/v2\/pages\/556","targetHints":{"allow":["GET"]}}],"collection":[{"href":"https:\/\/rescop.freepresshost.cloud\/ca\/wp-json\/wp\/v2\/pages"}],"about":[{"href":"https:\/\/rescop.freepresshost.cloud\/ca\/wp-json\/wp\/v2\/types\/page"}],"author":[{"embeddable":true,"href":"https:\/\/rescop.freepresshost.cloud\/ca\/wp-json\/wp\/v2\/users\/11"}],"replies":[{"embeddable":true,"href":"https:\/\/rescop.freepresshost.cloud\/ca\/wp-json\/wp\/v2\/comments?post=556"}],"version-history":[{"count":11,"href":"https:\/\/rescop.freepresshost.cloud\/ca\/wp-json\/wp\/v2\/pages\/556\/revisions"}],"predecessor-version":[{"id":8836,"href":"https:\/\/rescop.freepresshost.cloud\/ca\/wp-json\/wp\/v2\/pages\/556\/revisions\/8836"}],"wp:attachment":[{"href":"https:\/\/rescop.freepresshost.cloud\/ca\/wp-json\/wp\/v2\/media?parent=556"}],"curies":[{"name":"wp","href":"https:\/\/api.w.org\/{rel}","templated":true}]}}