{"id":5451,"date":"2014-12-01T15:57:44","date_gmt":"2014-12-01T14:57:44","guid":{"rendered":"https:\/\/rescop.freepresshost.cloud\/?page_id=5451"},"modified":"2014-12-12T18:17:55","modified_gmt":"2014-12-12T17:17:55","slug":"elai","status":"publish","type":"page","link":"https:\/\/rescop.freepresshost.cloud\/ca\/elai\/","title":{"rendered":"Espai Lliure d\u2019Apartheid Israeli\u00e0 (ELAI)"},"content":{"rendered":"<p><br \/>\n<b>Consulta la <a href=\"https:\/\/rescop.freepresshost.cloud\/ca\/elai\/mapa\">llista dels espais lliures d&#8217;apartheid israeli\u00e0 adherits<\/a> a la campanya.<\/b><\/p>\n<p>Dins de la <a title=\"Jo no compre apartheid, signa per Palestina!\" href=\"https:\/\/rescop.freepresshost.cloud\/ca\/yonocomproapartheid\/\" target=\"_blank\">campanya #YoNOComproApartheid<\/a>,\u00a0llan\u00e7ada quan es compliren <a title=\"Campa\u00f1a #YoNOComproApartheid a 10 a\u00f1os del incumplimiento de la Sentencia de La Haya contra el Muro\" href=\"https:\/\/rescop.freepresshost.cloud\/bds\/yonocomproapartheid-10-anos-incumplimiento-sentencia-haya-muro\/\" target=\"_blank\">10 anys del dictamen del\u00a0Tribunal de La Haia contra el Mur<\/a> constru\u00eft\u00a0il\u00b7legalment per Israel a Palestina, <strong>presentem el segell\u00a0\u201cEspai Lliure d\u2019Apartheid israeli\u00e0\u201d (<a title=\"Espai Lliure d'Apartheid Israeli\u00e0 (ELAI)\" href=\"https:\/\/rescop.freepresshost.cloud\/ca\/elai\/\" target=\"_blank\">ELAI<\/a>)<\/strong>. Volem\u00a0donar suport a la creaci\u00f3 als nostres barris, pobles i\u00a0ciutats d\u2019espais comercials, culturals, pol\u00edtics,\u00a0esportius, acad\u00e8mics i socials de l\u2019Estat espanyol que\u00a0es neguen a col\u00b7laborar amb \u2013o donar suport\u00a0passivament- el sistema colonial i d\u2019apartheid israeli\u00e0.\u00a0L\u2019ocupaci\u00f3 de Palestina per l\u2019Estat d\u2019Israel s\u2019inici\u00e0\u00a0oficialment al 1948, \u00e9s a dir, fa ja 66 llargs i cruents\u00a0anys, i per tant constitueix una de les injust\u00edcies\u00a0pol\u00edtiques m\u00e9s llargues de la hist\u00f2ria.<\/p>\n<figure id=\"attachment_5487\" aria-describedby=\"caption-attachment-5487\" style=\"width: 400px\" class=\"wp-caption aligncenter\"><a href=\"https:\/\/rescop.freepresshost.cloud\/wp-content\/uploads\/2014\/12\/ELAI-cat.png\"><img loading=\"lazy\" decoding=\"async\" class=\"wp-image-5487\" src=\"https:\/\/rescop.freepresshost.cloud\/wp-content\/uploads\/2014\/12\/ELAI-cat.png\" alt=\"Espai Lliure d'Apartheid Israeli\u00e0 (ELAI)\" width=\"400\" height=\"400\" srcset=\"https:\/\/rescop.freepresshost.cloud\/wp-content\/uploads\/2014\/12\/ELAI-cat.png 1122w, https:\/\/rescop.freepresshost.cloud\/wp-content\/uploads\/2014\/12\/ELAI-cat-150x150.png 150w, https:\/\/rescop.freepresshost.cloud\/wp-content\/uploads\/2014\/12\/ELAI-cat-280x280.png 280w, https:\/\/rescop.freepresshost.cloud\/wp-content\/uploads\/2014\/12\/ELAI-cat-600x600.png 600w, https:\/\/rescop.freepresshost.cloud\/wp-content\/uploads\/2014\/12\/ELAI-cat-50x50.png 50w\" sizes=\"auto, (max-width: 400px) 100vw, 400px\" \/><\/a><figcaption id=\"caption-attachment-5487\" class=\"wp-caption-text\">Segell Espai Lliure d&#8217;Apartheid Israeli\u00e0 (ELAI).<\/figcaption><\/figure>\n<p>Amb el segell \u201cEspai Lliure d\u2019Apartheid israeli\u00e0\u201d, que\u00a0s\u2019emmarca en la campanya solidaria ciutadana global,\u00a0no-violenta, antirracista i solid\u00e0ria de Boicot,\u00a0Desinversions i Sancions (BDS) contra l&#8217;Apartheid\u00a0israeli\u00e0, volem <strong>crear illes de consci\u00e8ncia pol\u00edtica i\u00a0anar consolidant Espais Lliures d\u2019Apartheid a\u00a0diferents indrets de l&#8217;Estat<\/strong> espanyol. La campanya\u00a0BDS naix l&#8217;any 2005 dins de la societat civil palestina\u00a0amb la publicaci\u00f3 d&#8217;un <a title=\"Llamamiento de la sociedad civil palestina al BDS\" href=\"https:\/\/rescop.freepresshost.cloud\/llamamiento-bds\/\" target=\"_blank\">manifest signat per gaireb\u00e9\u00a0200 organitzacions<\/a> socials, ONGs, partits i sindicats,\u00a0prenent com a referent la campanya internacional de\u00a0boicot contra l&#8217;Apartheid sud-afric\u00e0, que va ser\u00a0fonamental per acabar amb eixe r\u00e8gim racista.<\/p>\n<p>La societat civil internacional ha recollit el guant\u00a0llan\u00e7at des de Palestina per estendre la campanya per\u00a0tot el planeta, tornant-nos a una <strong>solidaritat que busca\u00a0anar al nucli del problema i combatre&#8217;l<\/strong>. D&#8217;aquesta\u00a0manera, es tracta de donar suport a la lluita del poble\u00a0palest\u00ed pels seus drets humans i pel dret a la igualtat i\u00a0a l&#8217;autodeterminaci\u00f3. El moviment BDS persegueix:<\/p>\n<ol>\n<li>La <strong>fi de l&#8217;ocupaci\u00f3<\/strong> de\u00a0Cisjord\u00e0nia, Jerusalem Est i la Franja de Gaza,\u00a0territoris ocupats il\u00b7legalment per Israel al 1967.<\/li>\n<li>El\u00a0<strong>dret al retorn<\/strong> dels 7,5 milions de refugiats i refugiades palestines que no poden tornar a Palestina.<\/li>\n<li>El reconeixement de la <strong>igualtat de la ciutadania<\/strong> arabopalestina dins d&#8217;Israel.<\/li>\n<\/ol>\n<p>Al centre del problema hi \u00e9s el <strong>sionisme: un projecte pol\u00edtic que pret\u00e9n construir un estat exclusiu per a persones jueves<\/strong> a Palestina, que des dels seus inicis es desenvolupa mitjan\u00e7ant: l&#8217;ocupaci\u00f3 i la colonitzaci\u00f3 de territoris palestins, la separaci\u00f3 dels colons jueus de la poblaci\u00f3 palestina aut\u00f2ctona, l&#8217;expulsi\u00f3 d&#8217;aquesta \u00faltima fora de Palestina, la seua subjugaci\u00f3 i la seua destrucci\u00f3 f\u00edsica. El sionisme defineix Israel com a un estat que serveix a una part de la seua ciutadania en contra d&#8217;una altra i vincula de manera directa la construcci\u00f3 d&#8217;Israel amb la destrucci\u00f3 del poble palest\u00ed.<\/p>\n<p>L&#8217;<a title=\"Statistics: Victims of the Israeli Offensive on Gaza since 08 July 2014\" href=\"http:\/\/www.pchrgaza.org\/portal\/en\/index.php?option=com_content&amp;view=article&amp;id=10491:statistics-victims-of-the-israeli-offensive-on-gaza-since-08-july-2014\" target=\"_blank\">\u00faltim i sanguinari atac llan\u00e7at per Israel<\/a> contra la Franja de Gaza durant l&#8217;estiu de 2014, que ha causat la mort de m\u00e9s de 2.160 persones, de les quals 527 eren nens i nenes, destruint alhora <a title=\"[pdf] United Nations Office for the Coordination of Humanitarian Affairs - occupied Palestinian territory - Gaza Initial Rapid Assesments\" href=\"http:\/\/www.ochaopt.org\/documents\/gaza_mira_report_9september.pdf\" target=\"_blank\">milers de cases i infraestructures civils<\/a> (incloent hospitals , escoles i refugis de l&#8217;ONU), \u00e9s una demostraci\u00f3 m\u00e9s que evident d&#8217;aquest projecte pol\u00edtic. Tamb\u00e9 ho \u00e9s l&#8217;ampliaci\u00f3 i consolidaci\u00f3 de l&#8217;ocupaci\u00f3 israeliana a Cisjord\u00e0nia i Jerusalem Est, a trav\u00e9s de les col\u00f2nies, el mur, i un sistema de controls militars, que juntament amb les detencions arbitr\u00e0ries massives,\u00a0fan inviable el dia a dia de la poblaci\u00f3 palestina. Mentre que <strong>l&#8217;economia israeliana s&#8217;alimenta de la guerra, l&#8217;ocupaci\u00f3 i l&#8217;apartheid<\/strong>, el mercat palest\u00ed segueix sent un <a title=\"El olivo est\u00e1 cautivo de la colonizaci\u00f3n\" href=\"https:\/\/rescop.freepresshost.cloud\/bds\/el-olivo-esta-cautivo-de-la-colonizacion\/\" target=\"_blank\">mercat captiu controlat i asfixiat per Israel<\/a>.<\/p>\n<figure id=\"attachment_5324\" aria-describedby=\"caption-attachment-5324\" style=\"width: 390px\" class=\"wp-caption alignright\"><a href=\"https:\/\/rescop.freepresshost.cloud\/wp-content\/uploads\/2014\/10\/Mapa-Palestina.png\"><img loading=\"lazy\" decoding=\"async\" class=\"wp-image-5324\" src=\"https:\/\/rescop.freepresshost.cloud\/wp-content\/uploads\/2014\/10\/Mapa-Palestina.png\" alt=\"Mapa de la destrucci\u00f3 de Palestina..\" width=\"390\" height=\"283\" srcset=\"https:\/\/rescop.freepresshost.cloud\/wp-content\/uploads\/2014\/10\/Mapa-Palestina.png 675w, https:\/\/rescop.freepresshost.cloud\/wp-content\/uploads\/2014\/10\/Mapa-Palestina-280x203.png 280w\" sizes=\"auto, (max-width: 390px) 100vw, 390px\" \/><\/a><figcaption id=\"caption-attachment-5324\" class=\"wp-caption-text\">Mapa de la destrucci\u00f3 de Palestina.<\/figcaption><\/figure>\n<p>En el camp econ\u00f2mic, la campanya BDS \u00e9s especialment rellevant, ja que Europa \u00e9s el primer soci comercial d&#8217;Israel. Gr\u00e0cies a la pressi\u00f3 del moviment de solidaritat i de la ciutadania mundial, la campanya BDS ha obtingut \u00e8xits importants. L&#8217;empresa francesa <a title=\"Descarrila a Veolia \u2013 Alstom y el tranv\u00eda del Apartheid\" href=\"https:\/\/rescop.freepresshost.cloud\/bds\/descarrila-a-veolia-alstom-y-el-tranvia-del-apartheid\/\" target=\"_blank\">Veolia<\/a> va haver d&#8217;abandonar el projecte de construcci\u00f3 d&#8217;un tramvia israeli\u00e0 en territori palest\u00ed ocupat. En l&#8217;\u00e0mbit agroalimentari, l&#8217;empresa exportadora de productes agr\u00edcoles <a title=\"Palestinian civil society welcomes Agrexco liquidation, calls for celebration of this BDS victory\" href=\"http:\/\/www.bdsmovement.net\/2011\/palestinian-civil-society-welcomes-agrexco-liquidation-calls-for-celebration-of-this-bds-victory-8096\" target=\"_blank\">Agrexco va haver de ser liquidada<\/a> i reempla\u00e7ada per una altra exportadora p\u00fablica israeliana anomenada <a title=\"BDS France lance la bataille contre Mehadrin !\" href=\"http:\/\/www.bdsfrance.org\/index.php?option=com_content&amp;view=article&amp;id=610%3A1911-bdsfrance-lance-la-bataille-contre-mehadrin-\" target=\"_blank\">Mehadrin<\/a>. Un altre exemple \u00e9s el de Mekorot, empresa israeliana que subministra aigua a les col\u00f2nies il\u00b7legals ubicades en els Territoris Palestins Ocupats, i va veure <a title=\"Dutch water company terminates relationship with Mekerot following government advice - See more at: http:\/\/www.bdsmovement.net\/2013\/dutch-water-company-terminates-relationship-mekerot-government-advice-11502#sthash.0tB3HG6B.dpuf\" href=\"http:\/\/www.bdsmovement.net\/2013\/dutch-water-company-terminates-relationship-mekerot-government-advice-11502\" target=\"_blank\">suspeses les seues relacions<\/a> amb la major empresa holandesa d&#8217;aig\u00fces, Vitens, per aquest motiu. En l&#8217;\u00e0mbit de les desinversions, els fons de pensions de <a title=\"Norway drops Israeli companies from pension fund over East Jerusalem construction\" href=\"http:\/\/www.haaretz.com\/news\/diplomacy-defense\/.premium-1.571505\" target=\"_blank\">Noruega<\/a> i <a title=\"El fondo holand\u00e9s PGGM se suma al boicot contra Israel\" href=\"https:\/\/rescop.freepresshost.cloud\/bds\/holandes-pggm-boicot-israel\/\" target=\"_blank\">Holanda<\/a> van retirar les inversions que tenien en empreses i bancs israelians per la seua complicitat amb les col\u00f2nies en territori palest\u00ed.<\/p>\n<p>A Europa, els productors, majoristes i importadors tenen l&#8217;obligaci\u00f3 d&#8217;informar els comerciants sobre el lloc d&#8217;origen dels productes. Moltes vegades, l&#8217;etiqueta &#8220;fabricat a Israel&#8221; \u00e9s utilitzada per productors i exportadors israelians en frau de llei per comercialitzar productes fabricats o cultivats a les <a title=\"Mehadrin: New evidence of mislabelled settlement produce\" href=\"http:\/\/corporateoccupation.org\/mehadrin-new-evidence-of-mislabelled-settlement-produce\/\" target=\"_blank\">col\u00f2nies israelianes<\/a> en territori palest\u00ed ocupat. La il\u00b7legalitat d&#8217;aquestes col\u00f2nies ha portat al govern espanyol a alertar a juny de 2014 a la ciutadania i les empreses espanyoles dels riscos legals, econ\u00f2mics i d&#8217;imatge que comporten les activitats econ\u00f2miques i financeres amb aquests assentaments. En aquest context, quan els comerciants s\u2019abstenen de comercialitzar productes israelians, eviten ser c\u00f2mplices de la vulneraci\u00f3 del dret internacional i de l&#8217;engany als consumidors i consumidores. Per ajudarte a con\u00e8ixer els productes i marques a evitar, pots consultar <a title=\"\u00danete al BDS: Qu\u00e9 productos boicotear\" href=\"https:\/\/rescop.freepresshost.cloud\/productos\/\" target=\"_blank\">https:\/\/rescop.freepresshost.cloud\/productos<\/a>.<\/p>\n<p>Amb el segell <a title=\"Espai Lliure d\u2019Apartheid Israeli\u00e0 (ELAI)\" href=\"https:\/\/rescop.freepresshost.cloud\/ca\/elai\/\" target=\"_blank\">Espai Lliure d\u2019Apartheid Israeli\u00e0<\/a>, oferim als comer\u00e7os, mercats i consumidors\/es, la possibilitat de <strong>solidaritzar-se amb el poble palest\u00ed d&#8217;una manera que vaja m\u00e9s enll\u00e0 de la caritat i dels pegats humanitaris<\/strong>. Us proposem anar a l&#8217;arrel del problema i participar en un moviment global de defensa dels drets humans del poble palest\u00ed que pressiona Israel perqu\u00e8 respecte la legalitat internacional, mitjan\u00e7ant el boicot dels productes israelians i la den\u00fancia de les seues pol\u00edtiques d&#8217;apartheid.<\/p>\n<p>Les botigues, comer\u00e7os i empreses que es declaren Espai Lliure d&#8217;Apartheid israeli\u00e0 hauran de:<\/p>\n<ol>\n<li><strong>Adherir-se<\/strong> formalment a la campanya informar a la <a title=\"Red Solidaria contra la Ocupaci\u00f3n de Palestina\" href=\"http:\/\/www.nodo50.org\/causapalestina\/\" target=\"_blank\">RESCOP<\/a> de les seues dades per poder ser incloses, si ho desitgen, en un <a title=\"Mapa ELAI\" href=\"https:\/\/rescop.freepresshost.cloud\/ca\/elai\/mapa\/\">directori d&#8217;Espais Lliures d&#8217;Apartheid israeli\u00e0<\/a>.<\/li>\n<li><strong>Difondre<\/strong> la campanya entre els seus consumidors\/es col\u00b7locant de forma visible un adhesiu identificatiu del segell a la botiga o local.<\/li>\n<li><strong>Abstenir-se de comprar i vendre productes procedents d&#8217;Israel o de les col\u00f2nies<\/strong> israelianes constru\u00efdes il\u00b7legalment en territori palest\u00ed.<\/li>\n<\/ol>\n<p>Un cop adherits a la campanya, podran utilitzar el segell per demostrar el seu comprom\u00eds amb el respecte dels drets humans, la igualtat entre els \u00e9ssers humans i l&#8217;autodeterminaci\u00f3 dels pobles. Per aconseguir el segell, escriu-nos a causapalestina@gmail.com o boicotisraelbds@gmail.com.<\/p>\n<h2>Mapa dels espais adherits<\/h2>\n<p>Consulta la <a title=\"Mapa ELAI\" href=\"https:\/\/rescop.freepresshost.cloud\/ca\/elai\/mapa\/\">llista completa d&#8217;espais<\/a>.<\/p>\n<p style=\"text-align: center;\"><iframe loading=\"lazy\" src=\"https:\/\/mapsengine.google.com\/map\/embed?mid=z_ok8EIqv19Y.kWRzuwi3KJXI\" width=\"840\" height=\"480\"><\/iframe><\/p>\n<h2>Adhereix-te!<\/h2>\n<p>Consulta tota la informaci\u00f3 sobre el segell ELAI. Pots descarregar-te els fulls informatius tant per a espais comercials, culturals, socials, esportius&#8230; (<a href=\"https:\/\/rescop.freepresshost.cloud\/wp-content\/uploads\/2014\/12\/ELAI-comercial-cat.pdf\" title=\"Segell Espai Lliure d'Apartheid Israeli\u00e0 (ELAI)\">catal\u00e0<\/a> y <a href=\"https:\/\/rescop.freepresshost.cloud\/wp-content\/uploads\/2014\/12\/ELAI-comercial-cas.pdf\" title=\"[pdf] Sello Espacio Libre de Apartheid Israel\u00ed (ELAI)\">castellano<\/a>), com per a institucions com sindicats, ayutamientos, partits, governs regionals, ONG, col\u00b7lectius&#8230; (<a href=\"https:\/\/rescop.freepresshost.cloud\/wp-content\/uploads\/2014\/12\/ELAI-institucional-cat.pdf\" title=\"Segell Espai Lliure d'Apartheid Israeli\u00e0 (ELAI) - Institucional\">catal\u00e0<\/a> y <a href=\"https:\/\/rescop.freepresshost.cloud\/wp-content\/uploads\/2014\/12\/ELAI-institucional-cas.pdf\" title=\"[pdf] Sello Espacio Libre de Apartheid Israel\u00ed (ELAI) - Institucional\">castellano<\/a>).<\/p>\n<p>Per unir-te a la campanya Espai Lliure d\u2019Apartheid Israeli\u00e0, <a href=\"https:\/\/rescop.freepresshost.cloud\/elai\/mapa\/#formulario\">omple aquest formulari<\/a> o escriu-nos a boicotisraelbds@gmail.com i ens posarem en contacte amb tu.<br \/>\n<\/p>","protected":false},"excerpt":{"rendered":"<p>Consulta la llista dels espais lliures d&#8217;apartheid israeli\u00e0 adherits a la campanya. Dins de la campanya #YoNOComproApartheid,\u00a0llan\u00e7ada quan es compliren 10 anys del dictamen del\u00a0Tribunal de La Haia contra el Mur constru\u00eft\u00a0il\u00b7legalment per Israel a Palestina, presentem el segell\u00a0\u201cEspai Lliure d\u2019Apartheid israeli\u00e0\u201d (ELAI). Volem\u00a0donar suport a la creaci\u00f3 als nostres barris, pobles i\u00a0ciutats d\u2019espais comercials, [&hellip;]<\/p>\n","protected":false},"author":11,"featured_media":5489,"parent":0,"menu_order":0,"comment_status":"closed","ping_status":"closed","template":"","meta":{"footnotes":""},"class_list":["post-5451","page","type-page","status-publish","has-post-thumbnail","hentry"],"_links":{"self":[{"href":"https:\/\/rescop.freepresshost.cloud\/ca\/wp-json\/wp\/v2\/pages\/5451","targetHints":{"allow":["GET"]}}],"collection":[{"href":"https:\/\/rescop.freepresshost.cloud\/ca\/wp-json\/wp\/v2\/pages"}],"about":[{"href":"https:\/\/rescop.freepresshost.cloud\/ca\/wp-json\/wp\/v2\/types\/page"}],"author":[{"embeddable":true,"href":"https:\/\/rescop.freepresshost.cloud\/ca\/wp-json\/wp\/v2\/users\/11"}],"replies":[{"embeddable":true,"href":"https:\/\/rescop.freepresshost.cloud\/ca\/wp-json\/wp\/v2\/comments?post=5451"}],"version-history":[{"count":24,"href":"https:\/\/rescop.freepresshost.cloud\/ca\/wp-json\/wp\/v2\/pages\/5451\/revisions"}],"predecessor-version":[{"id":10761,"href":"https:\/\/rescop.freepresshost.cloud\/ca\/wp-json\/wp\/v2\/pages\/5451\/revisions\/10761"}],"wp:featuredmedia":[{"embeddable":true,"href":"https:\/\/rescop.freepresshost.cloud\/ca\/wp-json\/wp\/v2\/media\/5489"}],"wp:attachment":[{"href":"https:\/\/rescop.freepresshost.cloud\/ca\/wp-json\/wp\/v2\/media?parent=5451"}],"curies":[{"name":"wp","href":"https:\/\/api.w.org\/{rel}","templated":true}]}}