{"id":5230,"date":"2014-10-06T17:16:54","date_gmt":"2014-10-06T15:16:54","guid":{"rendered":"https:\/\/rescop.freepresshost.cloud\/?page_id=5230"},"modified":"2014-10-06T17:40:06","modified_gmt":"2014-10-06T15:40:06","slug":"redcardisrael","status":"publish","type":"page","link":"https:\/\/rescop.freepresshost.cloud\/ca\/redcardisrael\/","title":{"rendered":"RedCardIsrael"},"content":{"rendered":"<h2>Comunicados<\/h2>\n<p>11\/9\/2014: <a href=\"https:\/\/rescop.freepresshost.cloud\/bds\/tarjeta-roja-israel-eurocopa-2020-redcardisrael\/\" target=\"_blank\"><i>Saca a Israel la Tarjeta Roja: Israel no puede albergar la Eurocopa de f\u00fatbol 2020 #RedCardIsrael<\/i><\/a>, comunicado pidiendo a la UEFA que descarte la candidatura israel\u00ed para que Jerusal\u00e9n sea una de las ciudades de la Eurocopa 2020.<\/p>\n<p>29\/4\/2013: <a href=\"https:\/\/rescop.freepresshost.cloud\/bds\/saca-la-tarjeta-roja-al-racismo-israeli\/\" target=\"_blank\"><i>Saca la Tarjeta Roja al racismo israel\u00ed<\/i><\/a>, comunicado pidiendo a la UEFA que la Eurocopa Sub-21 de 2013 no se celebrase en Israel.<\/p>\n<h2>Materiales de audio y v\u00eddeo<\/h2>\n<p> &nbsp;<\/p>\n<hr \/>\n<h2>Art\u00edculos en la web sobre Tarjeta Roja a Israel<\/h2>\n<p>[blog tag=&#8221;tarjeta-roja-racismo-israeli&#8221; columns=&#8221;3&#8243; rows=&#8221;3&#8243; images=&#8221;true&#8221; image_width=&#8221;120&#8243; image_height=&#8221;100&#8243; post_content=&#8221;excerpt&#8221; excerpt_length=&#8221;50&#8243; show_date=&#8221;true&#8221; author_link=&#8221;false&#8221; comments_link=&#8221;true&#8221; show_category_list=&#8221;false&#8221; show_tag_list=&#8221;false&#8221; posts_per_page=&#8221;7&#8243; paging=&#8221;true&#8221;]<\/p>\n","protected":false},"excerpt":{"rendered":"<p>Comunicados 11\/9\/2014: Saca a Israel la Tarjeta Roja: Israel no puede albergar la Eurocopa de f\u00fatbol 2020 #RedCardIsrael, comunicado pidiendo a la UEFA que descarte la candidatura israel\u00ed para que Jerusal\u00e9n sea una de las ciudades de la Eurocopa 2020. 29\/4\/2013: Saca la Tarjeta Roja al racismo israel\u00ed, comunicado pidiendo a la UEFA que la [&hellip;]<\/p>\n","protected":false},"author":11,"featured_media":0,"parent":0,"menu_order":0,"comment_status":"closed","ping_status":"closed","template":"","meta":{"footnotes":""},"class_list":["post-5230","page","type-page","status-publish","hentry"],"_links":{"self":[{"href":"https:\/\/rescop.freepresshost.cloud\/ca\/wp-json\/wp\/v2\/pages\/5230","targetHints":{"allow":["GET"]}}],"collection":[{"href":"https:\/\/rescop.freepresshost.cloud\/ca\/wp-json\/wp\/v2\/pages"}],"about":[{"href":"https:\/\/rescop.freepresshost.cloud\/ca\/wp-json\/wp\/v2\/types\/page"}],"author":[{"embeddable":true,"href":"https:\/\/rescop.freepresshost.cloud\/ca\/wp-json\/wp\/v2\/users\/11"}],"replies":[{"embeddable":true,"href":"https:\/\/rescop.freepresshost.cloud\/ca\/wp-json\/wp\/v2\/comments?post=5230"}],"version-history":[{"count":8,"href":"https:\/\/rescop.freepresshost.cloud\/ca\/wp-json\/wp\/v2\/pages\/5230\/revisions"}],"predecessor-version":[{"id":5232,"href":"https:\/\/rescop.freepresshost.cloud\/ca\/wp-json\/wp\/v2\/pages\/5230\/revisions\/5232"}],"wp:attachment":[{"href":"https:\/\/rescop.freepresshost.cloud\/ca\/wp-json\/wp\/v2\/media?parent=5230"}],"curies":[{"name":"wp","href":"https:\/\/api.w.org\/{rel}","templated":true}]}}