{"id":50,"date":"2011-10-21T08:33:22","date_gmt":"2011-10-21T08:33:22","guid":{"rendered":"http:\/\/localhost\/wordpress\/?page_id=50"},"modified":"2013-06-03T10:10:57","modified_gmt":"2013-06-03T08:10:57","slug":"preguntas-frecuentes","status":"publish","type":"page","link":"https:\/\/rescop.freepresshost.cloud\/ca\/preguntas-frecuentes\/","title":{"rendered":"Preguntas Frecuentes"},"content":{"rendered":"<h3>\u00bfPor qu\u00e9 un boicot a Israel?<\/h3>\n<p>Los boicots son un medio c\u00edvico para cambiar situaciones de injusticia y violencia institucional y avanzar hacia la justicia y la paz.<\/p>\n<p>Desde el a\u00f1o 2000 las pol\u00edticas coloniales y racistas de Israel contra los palestinos se han agudizado, manifest\u00e1ndose en el uso sistem\u00e1tico del castigo colectivo, la colonizaci\u00f3n y la construcci\u00f3n del Muro de Apartheid en tierra ocupada; el saqueo de los recursos naturales palestinos; la fragmentaci\u00f3n de la sociedad, la demolici\u00f3n de hogares, la negaci\u00f3n de libertades fundamentales mediante el asedio y las continuas incursiones militares; el encarcelamiento de miles de presos pol\u00edticos, la denegaci\u00f3n de acceso a los servicios educativos y sanitarios b\u00e1sicos, el asesinato indiscriminado de civiles, siendo un tercio de ellos, ni\u00f1os, la destrucci\u00f3n sistem\u00e1tica de las infraestructuras sociales y una devastaci\u00f3n sustancial de las tierras agr\u00edcolas y el medioambiente palestinos.<\/p>\n<p>Ante la pasividad de los gobiernos occidentales, incluyendo los de la Uni\u00f3n Europea, y en respuesta al <a href=\"http:\/\/boicotaisrael.blogspot.com\/2009\/08\/llamamiento-al-boicot-retirada-de.html\">llamamiento de una gran coalici\u00f3n de grupos palestinos <\/a>en 2005 nace la campa\u00f1a de Boicot Desinversiones y Sanciones (BDS) contra Israel, similar a las adoptada contra Sud\u00e1frica en la \u00e9poca del apartheid<\/p>\n<p>El boicot a Israel es una campa\u00f1a internacional organizada, impulsada por redes y plataformas europeas de organizaciones de solidaridad con Palestina y apoyada tambi\u00e9n tanto por grupos israel\u00edes no sionistas como por palestinos. Los ciudadanos y ciudadanas de este pa\u00eds tenemos la capacidad de incidir pol\u00edticamente como consumidores. Esto es poder y tambi\u00e9n responsabilidad.<\/p>\n<p>El mundo empresarial israel\u00ed y el occidental deben convencerse de que continuar con la discriminaci\u00f3n y la ocupaci\u00f3n tiene un rechazo y un coste. Si la ocupaci\u00f3n perjudica los negocios habr\u00e1 un inter\u00e9s en acabar con ella. Del mismo modo que ocurri\u00f3 en Sud\u00e1frica.<\/p>\n<p>\u00a1No colabores con la ocupaci\u00f3n y el apartheid en Palestina con tu consumo!<\/p>\n<p>\u00a1Presiona a tu Gobierno para que realice una pol\u00edtica acorde con una paz justa en Palestina!<\/p>\n<p>&nbsp;<\/p>\n<h3>\u00bfC\u00f3mo puedo participar en el boicot a Israel?<\/h3>\n<p>Como consumidores podemos mostrar nuestro rechazo al proyecto de apartheid israeli participando en el boicot de bienes y servicios israelies. Esto funcionaria de dos maneras:<\/p>\n<p>1) Denunciando la complicidad de las empresas involucradas en la ocupaci\u00f3n de palestina y en la sistematica violaci\u00f3n de los DDHH de sus habitantes. Lo cual evidentemente generara una mala publiciadad para la empresa.<\/p>\n<p>2) Practicando una presi\u00f3n economica contra la empresa evitando comprar sus productos y animando a cuanta mas gente sea posible a que haga lo mismo.<\/p>\n<p>Por motivos practicos el boicot debe centrarse en objetivos estrategicos de especial relevancia por su implicaci\u00f3n en la ocuaci\u00f3n y sistematica violaci\u00f3n de los derechos palestinos, as\u00ed <a href=\"http:\/\/boicotaisrael.blogspot.com\/2010\/07\/5-aniversario-de-la-campana-boicot.html\">en el 5\u00ba aniversario del inicio de la campa\u00f1a de Boicot Desinversiones y Sanciones contra Israel<\/a> se hizo un llamamiento al boicot de las siguientes empresas:<\/p>\n<p>\u2022Agrexco<\/p>\n<p>\u2022Eden Springs<\/p>\n<p>\u2022H&amp;M.<\/p>\n<p>\u2022Veolia Environnement.<\/p>\n<p>Si bien las dos ultimas empresas no son israel\u00edes, si participan activamente en la consolidaci\u00f3n de la ocupaci\u00f3n y por tanto esta sobradamente justificado el boicot, como lo estaba el boicot al Barclays Bank (Reino Unido) el cual decidi\u00f3 en 1986 retirarse de la Sudafrica del apartheid tras una intensa campa\u00f1a de boicot.<\/p>\n<p>Teniendo en cuenta que si bien el boicot es un acto individual solo toma fuerza si se promueve de manera colectiva por lo que te sugerimos que te sumes a las iniciativas ya existentes o crees la tuya propia. La uni\u00f3n hace la fuerza;<\/p>\n<p>No compres productos israel\u00edes ni de empresas c\u00f3mplices con el apartheid israeli.<\/p>\n<p>Identifica tanto los productos como donde se venden. Distribuidores mayoristas y minoristas deben ser presionados para que dejen de venderlos. Difunde la informaci\u00f3n.<\/p>\n<p>Promueve el boicot, organiza una campa\u00f1a local.<\/p>\n<p>Crea una iniciativa etica donde se propongan productos alternativos a los boicoteados, premia a las empresas que se distancien publicamente de la economia israel\u00ed.<\/p>\n<p>&nbsp;<\/p>\n<h3>\u00bfC\u00f3mo identifico un producto israel\u00ed?<\/h3>\n<p><a href=\"http:\/\/3.bp.blogspot.com\/-wJcKJgW7Hpk\/TY-rRvEnCYI\/AAAAAAAABf8\/XeuMezTrTdU\/s1600\/boicot.jpg\"><img decoding=\"async\" id=\"BLOGGER_PHOTO_ID_5588873983772002690\" alt=\"\" src=\"http:\/\/3.bp.blogspot.com\/-wJcKJgW7Hpk\/TY-rRvEnCYI\/AAAAAAAABf8\/XeuMezTrTdU\/s320\/boicot.jpg\" border=\"0\" \/><\/a><\/p>\n<p>Para saber si una empresa es israel\u00ed se debe de consultar el codigo de barras. Si las tres primeras cifras del mismo son 729 significa que la empresa es de Israel.<\/p>\n<p>Esto no significa que todos los productos israel\u00edes lleven el 729 ya que el codigo de barras solo indica el origen de la empresa no el origen del producto.<\/p>\n<p>De esta manera por ejemplo nos podemos encontrar (ver imagen de abajo) el caso de las remesas de patatas de origen israeli que la empresa espa\u00f1ola Almacenes Lazaro vende a Mercadona donde aparece el codigo de barras perteneciente a Espa\u00f1a (84) pero podemos leer en la etiqueta que el origen del producto es israeli.<\/p>\n<p>Por lo tanto es importante consultar ambos datos, codigo de barras y origen del producto.<\/p>\n<p><a href=\"http:\/\/2.bp.blogspot.com\/--gEbx-cdS4c\/TY-rHwv5DYI\/AAAAAAAABf0\/gD4qzQtzBkg\/s1600\/Captura.JPG\"><img decoding=\"async\" id=\"BLOGGER_PHOTO_ID_5588873812423282050\" alt=\"\" src=\"http:\/\/2.bp.blogspot.com\/--gEbx-cdS4c\/TY-rHwv5DYI\/AAAAAAAABf0\/gD4qzQtzBkg\/s320\/Captura.JPG\" border=\"0\" \/><\/a><\/p>\n","protected":false},"excerpt":{"rendered":"<p>\u00bfPor qu\u00e9 un boicot a Israel? Los boicots son un medio c\u00edvico para cambiar situaciones de injusticia y violencia institucional y avanzar hacia la justicia y la paz. Desde el a\u00f1o 2000 las pol\u00edticas coloniales y racistas de Israel contra los palestinos se han agudizado, manifest\u00e1ndose en el uso sistem\u00e1tico del castigo colectivo, la colonizaci\u00f3n [&hellip;]<\/p>\n","protected":false},"author":11,"featured_media":0,"parent":0,"menu_order":0,"comment_status":"open","ping_status":"open","template":"page-fullwidth.php","meta":{"footnotes":""},"class_list":["post-50","page","type-page","status-publish","hentry"],"_links":{"self":[{"href":"https:\/\/rescop.freepresshost.cloud\/ca\/wp-json\/wp\/v2\/pages\/50","targetHints":{"allow":["GET"]}}],"collection":[{"href":"https:\/\/rescop.freepresshost.cloud\/ca\/wp-json\/wp\/v2\/pages"}],"about":[{"href":"https:\/\/rescop.freepresshost.cloud\/ca\/wp-json\/wp\/v2\/types\/page"}],"author":[{"embeddable":true,"href":"https:\/\/rescop.freepresshost.cloud\/ca\/wp-json\/wp\/v2\/users\/11"}],"replies":[{"embeddable":true,"href":"https:\/\/rescop.freepresshost.cloud\/ca\/wp-json\/wp\/v2\/comments?post=50"}],"version-history":[{"count":1,"href":"https:\/\/rescop.freepresshost.cloud\/ca\/wp-json\/wp\/v2\/pages\/50\/revisions"}],"predecessor-version":[{"id":1940,"href":"https:\/\/rescop.freepresshost.cloud\/ca\/wp-json\/wp\/v2\/pages\/50\/revisions\/1940"}],"wp:attachment":[{"href":"https:\/\/rescop.freepresshost.cloud\/ca\/wp-json\/wp\/v2\/media?parent=50"}],"curies":[{"name":"wp","href":"https:\/\/api.w.org\/{rel}","templated":true}]}}