{"id":495,"date":"2012-10-19T18:25:10","date_gmt":"2012-10-19T18:25:10","guid":{"rendered":"https:\/\/rescop.freepresshost.cloud\/?page_id=495"},"modified":"2019-06-03T00:00:09","modified_gmt":"2019-06-02T22:00:09","slug":"video-en-la-home","status":"publish","type":"page","link":"https:\/\/rescop.freepresshost.cloud\/ca\/video-en-la-home\/","title":{"rendered":"Video en la home"},"content":{"rendered":"<p><a href=\"https:\/\/rescop.freepresshost.cloud\/yonocomproapartheid\"><img decoding=\"async\" class=\"size-full wp-image-3439 aligncenter\" alt=\"#YoNOComproApartheid\" title=\"Yo no compro genocidio ni apartheid israel\u00edes. \u00a1FIRMA por Palestina!\" src=\"https:\/\/rescop.freepresshost.cloud\/wp-content\/uploads\/2014\/07\/YoNOComproApartheid-Gaza-300.jpg\" width=\"288\"\/><\/a><\/p>\n<h4><a href=\"https:\/\/rescop.freepresshost.cloud\/yonocomproapartheid\"><strong>Campa\u00f1a de adhesiones #YoNOComproApartheid<\/strong><\/a><br \/>\n\u00a1Firma por Palestina! Que tu cesta de la compra no financie su r\u00e9gimen de Apartheid y Ocupaci\u00f3n. Consulta aqu\u00ed <a href=\"https:\/\/rescop.freepresshost.cloud\/productos\" title=\"\u00danete al BDS: Qu\u00e9 productos boicotear\">productos a boicotear<\/a>.<\/h4>\n","protected":false},"excerpt":{"rendered":"<p>Campa\u00f1a de adhesiones #YoNOComproApartheid \u00a1Firma por Palestina! Que tu cesta de la compra no financie su r\u00e9gimen de Apartheid y Ocupaci\u00f3n. Consulta aqu\u00ed productos a boicotear.<\/p>\n","protected":false},"author":11,"featured_media":0,"parent":0,"menu_order":0,"comment_status":"open","ping_status":"open","template":"","meta":{"footnotes":""},"class_list":["post-495","page","type-page","status-publish","hentry"],"_links":{"self":[{"href":"https:\/\/rescop.freepresshost.cloud\/ca\/wp-json\/wp\/v2\/pages\/495","targetHints":{"allow":["GET"]}}],"collection":[{"href":"https:\/\/rescop.freepresshost.cloud\/ca\/wp-json\/wp\/v2\/pages"}],"about":[{"href":"https:\/\/rescop.freepresshost.cloud\/ca\/wp-json\/wp\/v2\/types\/page"}],"author":[{"embeddable":true,"href":"https:\/\/rescop.freepresshost.cloud\/ca\/wp-json\/wp\/v2\/users\/11"}],"replies":[{"embeddable":true,"href":"https:\/\/rescop.freepresshost.cloud\/ca\/wp-json\/wp\/v2\/comments?post=495"}],"version-history":[{"count":68,"href":"https:\/\/rescop.freepresshost.cloud\/ca\/wp-json\/wp\/v2\/pages\/495\/revisions"}],"predecessor-version":[{"id":8367,"href":"https:\/\/rescop.freepresshost.cloud\/ca\/wp-json\/wp\/v2\/pages\/495\/revisions\/8367"}],"wp:attachment":[{"href":"https:\/\/rescop.freepresshost.cloud\/ca\/wp-json\/wp\/v2\/media?parent=495"}],"curies":[{"name":"wp","href":"https:\/\/api.w.org\/{rel}","templated":true}]}}