{"id":491,"date":"2012-10-19T18:23:24","date_gmt":"2012-10-19T18:23:24","guid":{"rendered":"https:\/\/rescop.freepresshost.cloud\/?page_id=491"},"modified":"2019-06-02T23:59:14","modified_gmt":"2019-06-02T21:59:14","slug":"texto-de-la-home","status":"publish","type":"page","link":"https:\/\/rescop.freepresshost.cloud\/ca\/texto-de-la-home\/","title":{"rendered":"Texto de la home"},"content":{"rendered":"<p><a href=\"https:\/\/rescop.freepresshost.cloud\/elai\"><img decoding=\"async\" class=\"size-full wp-image-3439 aligncenter\" alt=\"ELAI\" title=\"Espacio Libre de Apartheid Israel\u00ed (ELAI)\" src=\"https:\/\/rescop.freepresshost.cloud\/wp-content\/uploads\/2014\/12\/ELAI-cas-300.png\" width=\"288\"\/><\/a><\/p>\n<h4><a href=\"https:\/\/rescop.freepresshost.cloud\/elai\"><strong>Sello Espacio Libre de Apartheid Israel\u00ed (ELAI)<\/strong><\/a><br \/>\nDeclara tu comercio, instituci\u00f3n, colectivo, centro cultural o deportivo&#8230; un Espacio Libre de Apartheid Israel\u00ed. \u00a1Contacta con nosotras para obtener el sello!<\/h4>\n","protected":false},"excerpt":{"rendered":"<p>Sello Espacio Libre de Apartheid Israel\u00ed (ELAI) Declara tu comercio, instituci\u00f3n, colectivo, centro cultural o deportivo&#8230; un Espacio Libre de Apartheid Israel\u00ed. \u00a1Contacta con nosotras para obtener el sello!<\/p>\n","protected":false},"author":11,"featured_media":0,"parent":0,"menu_order":0,"comment_status":"open","ping_status":"open","template":"","meta":{"footnotes":""},"class_list":["post-491","page","type-page","status-publish","hentry"],"_links":{"self":[{"href":"https:\/\/rescop.freepresshost.cloud\/ca\/wp-json\/wp\/v2\/pages\/491","targetHints":{"allow":["GET"]}}],"collection":[{"href":"https:\/\/rescop.freepresshost.cloud\/ca\/wp-json\/wp\/v2\/pages"}],"about":[{"href":"https:\/\/rescop.freepresshost.cloud\/ca\/wp-json\/wp\/v2\/types\/page"}],"author":[{"embeddable":true,"href":"https:\/\/rescop.freepresshost.cloud\/ca\/wp-json\/wp\/v2\/users\/11"}],"replies":[{"embeddable":true,"href":"https:\/\/rescop.freepresshost.cloud\/ca\/wp-json\/wp\/v2\/comments?post=491"}],"version-history":[{"count":42,"href":"https:\/\/rescop.freepresshost.cloud\/ca\/wp-json\/wp\/v2\/pages\/491\/revisions"}],"predecessor-version":[{"id":8366,"href":"https:\/\/rescop.freepresshost.cloud\/ca\/wp-json\/wp\/v2\/pages\/491\/revisions\/8366"}],"wp:attachment":[{"href":"https:\/\/rescop.freepresshost.cloud\/ca\/wp-json\/wp\/v2\/media?parent=491"}],"curies":[{"name":"wp","href":"https:\/\/api.w.org\/{rel}","templated":true}]}}