{"id":4330,"date":"2014-05-20T16:59:34","date_gmt":"2014-05-20T14:59:34","guid":{"rendered":"https:\/\/rescop.freepresshost.cloud\/?page_id=4330"},"modified":"2025-05-20T10:35:21","modified_gmt":"2025-05-20T08:35:21","slug":"yonocomproapartheid","status":"publish","type":"page","link":"https:\/\/rescop.freepresshost.cloud\/ca\/yonocomproapartheid\/","title":{"rendered":"Yo no compro genocidio ni apartheid israel\u00edes. \u00a1FIRMA por Palestina!"},"content":{"rendered":"<p><\/p>\n<h6>[Traducci\u00f3n en curso]<\/h6>\n<p>El 9 de julio 2014, har\u00e1 10 a\u00f1os que el Tribunal Internacional de Justicia de La Haya exigi\u00f3 el desmantelamiento del Muro de Anexi\u00f3n y Apartheid construido por Israel en territorio palestino. Pero Israel se niega a acatar esta sentencia y sigue apropi\u00e1ndose impunemente tierras, recursos y vidas palestinas.<\/p>\n<p>Con motivo del d\u00e9cimo aniversario de esta sentencia hist\u00f3rica, la <a href=\"http:\/\/www.nodo50.org\/causapalestina\/\" target=\"_blank\" rel=\"noopener\">Red de Solidaridad contra la Ocupaci\u00f3n de Palestina<\/a> lanza una campa\u00f1a de adhesi\u00f3n ciudadana al boicot de los productos israel\u00edes en se\u00f1al de protesta contra las pol\u00edticas de Apartheid, ocupaci\u00f3n, despojo, colonizaci\u00f3n y asedio impuestas por Israel al pueblo palestino. Al adherirme a la campa\u00f1a <strong>#YoNOcomproApartheid<\/strong>, afirmo que no quiero que mi cesta de la compra beneficie al Apartheid israel\u00ed.<\/p>\n<h6 style=\"text-align: center;\"><iframe loading=\"lazy\" src=\"\/\/www.youtube.com\/embed\/W1pCXhczx-M\" width=\"640\" height=\"360\" frameborder=\"0\" allowfullscreen=\"allowfullscreen\"><\/iframe><\/h6>\n<h3>\u00bfPor qu\u00e9 #YoNOComproApartheid?<\/h3>\n<figure id=\"attachment_4446\" aria-describedby=\"caption-attachment-4446\" style=\"width: 375px\" class=\"wp-caption alignright\"><a href=\"https:\/\/rescop.freepresshost.cloud\/wp-content\/uploads\/2014\/07\/YoNOComproApartheid-Gaza.jpg\" target=\"_blank\" rel=\"noopener\"><img loading=\"lazy\" decoding=\"async\" class=\" wp-image-4446\" src=\"https:\/\/rescop.freepresshost.cloud\/wp-content\/uploads\/2014\/10\/YoNOComproApartheid-Gaza-600.jpg\" alt=\"Yo no compro apartheid\" width=\"375\" height=\"375\" \/><\/a><figcaption id=\"caption-attachment-4446\" class=\"wp-caption-text\">Campa\u00f1a #YoNOComproApartheid. <a href=\"https:\/\/rescop.freepresshost.cloud\/wp-content\/uploads\/2014\/07\/YoNOComproApartheid-Gaza.jpg\" target=\"_blank\" rel=\"noopener\">Descarga aqu\u00ed<\/a> en m\u00e1xima calidad.<\/figcaption><\/figure>\n<ul>\n<li>\u00a0Porque 66 a\u00f1os desde la <b>expulsi\u00f3n de entre 700 y 950 mil palestinos y palestinas<\/b> y la confiscaci\u00f3n de sus viviendas, tierras y propiedades, ning\u00fan refugiado o refugiada ha podido retornar a sus casas ni ha recibido reparaci\u00f3n.<\/li>\n<li>\u00a0Porque han transcurrido 47 a\u00f1os desde la <b>ocupaci\u00f3n de Cisjordania, Gaza y Jerusal\u00e9n Este<\/b>, y estos territorios siguen bajo control militar israel\u00ed.<\/li>\n<li>\u00a0Porque 10 a\u00f1os despu\u00e9s de la Sentencia del Tribunal Internacional de Justicia de la Haya que exigi\u00f3 el desmantelamiento del Muro, Israel <b>mantiene impunemente esta infraestructura de Apartheid<\/b>.<\/li>\n<li>\u00a0Porque desde el inicio de las supuestas conversaciones de paz iniciadas en agosto 2013 y suspendidas a finales de abril por Israel, este pa\u00eds ocupante ha autorizado la <b>construcci\u00f3n de 14.000 nuevas viviendas israel\u00edes en asentamientos ilegales<\/b>, 3226 de ellas en Jerusal\u00e9n Este; ha asesinado a 61 personas palestinas y herido a 1751; ha demolido 508 viviendas, escuelas, f\u00e1bricas y dem\u00e1s construcciones palestinas; ha desplazado a 899 y arrestado a 3300 palestinos y palestinas.<\/li>\n<li>\u00a0Porque Israel no ha cesado de colonizar la tierra palestina y de expoliar al pueblo palestino de sus recursos, <b>negando su autodeterminaci\u00f3n y violando sus derechos fundamentales<\/b>, con total impunidad.<\/li>\n<li>\u00a0Porque sus <b>pol\u00edticas discriminatorias contra los palestinos y palestinas<\/b> han sido comparadas con las que los Boers aplicaron a la poblaci\u00f3n sudafricana, y el Tribunal Russel sobre Palestina, en su audiencia en Ciudad del Cabo en 2011, las calific\u00f3 de <b>Apartheid<\/b>.<\/li>\n<li>\u00a0Porque la Uni\u00f3n Europea es el primer destinatario de las exportaciones israel\u00edes, y gran parte de estos productos son <b>fabricados ilegalmente en territorio ocupado palestino<\/b>, y porque las empresas que los comercializan en nuestro pa\u00eds <b>nos enga\u00f1an<\/b>, vendi\u00e9ndolos como si fueran fabricados en territorio israel\u00ed.<\/li>\n<li>\u00a0Porque <b>no quiero ser c\u00f3mplice<\/b> de esta violaci\u00f3n del Derecho Internacional Humanitario, y <b>me resisto<\/b> a comprar productos israel\u00edes.<\/li>\n<li>\u00a0Porque a trav\u00e9s de la campa\u00f1a global no-violenta de <b>Boicot, Desinversi\u00f3n y Sanciones<\/b> contra Israel, puedo adem\u00e1s contribuir a detener la injusticia, las violaciones de Derechos Humanos y los cr\u00edmenes de guerra cometidos por Israel contra la poblaci\u00f3n palestina.<\/li>\n<li>\u00a0Porque quiero que en nuestros pueblos y ciudades, se vayan abriendo <b>espacios libres de apartheid israel\u00ed<\/b>, en los que no se vendan productos fabricados en este pa\u00eds o en las colonias construidas ilegalmente en territorio palestino.<\/li>\n<\/ul>\n<p>Por todo ello, apoyo esta campa\u00f1a de firmas y te invito a que t\u00fa tambi\u00e9n hagas p\u00fablico tu deseo de consumir de forma responsable y solidaria con el pueblo palestino.<\/p>\n<h3>\u00a1Firma!<\/h3>\n<p>[emailpetition id=&#8221;1&#8243;]<\/p>\n<p>Para adhesiones de colectivos, instituciones y otro tipo de organizaciones escr\u00edbenos un correo a boicotisraelbds@gmail.com.<\/p>\n<p><em>De acuerdo a lo establecido en la Ley Org\u00e1nica 15\/1999, de 13 de diciembre, de Protecci\u00f3n de Datos de Car\u00e1cter Personal, te informamos que tus datos ser\u00e1n utilizados exclusivamente para los fines de esta campa\u00f1a. No ser\u00e1n cedidos, prestados o vendidos a terceros. Tu correo electr\u00f3nico no se publicar\u00e1 en la web ni ser\u00e1 utilizado para otros fines que los de comprobaci\u00f3n de identidad en su caso, y de informaci\u00f3n sobre la campa\u00f1a #YoNOcomproApartheid. En caso de querer modificar o eliminar estos datos, puedes entrar en contacto con nosotr@s en causapalestina@gmail.com o boicotisraelbds@gmail.com.<\/em><br \/>\n<\/p>","protected":false},"excerpt":{"rendered":"<p>[Traducci\u00f3n en curso] El 9 de julio 2014, har\u00e1 10 a\u00f1os que el Tribunal Internacional de Justicia de La Haya exigi\u00f3 el desmantelamiento del Muro de Anexi\u00f3n y Apartheid construido por Israel en territorio palestino. Pero Israel se niega a acatar esta sentencia y sigue apropi\u00e1ndose impunemente tierras, recursos y vidas palestinas. Con motivo del [&hellip;]<\/p>\n","protected":false},"author":11,"featured_media":0,"parent":0,"menu_order":0,"comment_status":"closed","ping_status":"closed","template":"","meta":{"footnotes":""},"class_list":["post-4330","page","type-page","status-publish","hentry"],"_links":{"self":[{"href":"https:\/\/rescop.freepresshost.cloud\/ca\/wp-json\/wp\/v2\/pages\/4330","targetHints":{"allow":["GET"]}}],"collection":[{"href":"https:\/\/rescop.freepresshost.cloud\/ca\/wp-json\/wp\/v2\/pages"}],"about":[{"href":"https:\/\/rescop.freepresshost.cloud\/ca\/wp-json\/wp\/v2\/types\/page"}],"author":[{"embeddable":true,"href":"https:\/\/rescop.freepresshost.cloud\/ca\/wp-json\/wp\/v2\/users\/11"}],"replies":[{"embeddable":true,"href":"https:\/\/rescop.freepresshost.cloud\/ca\/wp-json\/wp\/v2\/comments?post=4330"}],"version-history":[{"count":88,"href":"https:\/\/rescop.freepresshost.cloud\/ca\/wp-json\/wp\/v2\/pages\/4330\/revisions"}],"predecessor-version":[{"id":10692,"href":"https:\/\/rescop.freepresshost.cloud\/ca\/wp-json\/wp\/v2\/pages\/4330\/revisions\/10692"}],"wp:attachment":[{"href":"https:\/\/rescop.freepresshost.cloud\/ca\/wp-json\/wp\/v2\/media?parent=4330"}],"curies":[{"name":"wp","href":"https:\/\/api.w.org\/{rel}","templated":true}]}}