{"id":3314,"date":"2013-12-10T15:54:06","date_gmt":"2013-12-10T14:54:06","guid":{"rendered":"https:\/\/rescop.freepresshost.cloud\/?page_id=3314"},"modified":"2013-12-20T09:30:34","modified_gmt":"2013-12-20T08:30:34","slug":"nocompresapartheid","status":"publish","type":"page","link":"https:\/\/rescop.freepresshost.cloud\/ca\/nocompresapartheid\/","title":{"rendered":"No compres apartheid, \u00a1solidaridad con Palestina!"},"content":{"rendered":"<figure id=\"attachment_2590\" aria-describedby=\"caption-attachment-2590\" style=\"width: 200px\" class=\"wp-caption alignleft\"><a href=\"https:\/\/rescop.freepresshost.cloud\/wp-content\/uploads\/2013\/12\/NoCompresApartheid.jpg\"><img decoding=\"async\" class=\" wp-image-2590    \" alt=\"\" src=\"https:\/\/rescop.freepresshost.cloud\/wp-content\/uploads\/2013\/12\/NoCompresApartheid.png\" width=\"200\" \/><\/a><figcaption id=\"caption-attachment-2590\" class=\"wp-caption-text\">Campa\u00f1a #NoCompresApartheid.<\/figcaption><\/figure>\n<h6><\/h6>\n<h6><strong>En solidaridad con Palestina te proponemos que ni compres, ni regales estos seis productos, pero recuerda mirar siempre la etiqueta y comprobar que no se trata de un producto <em>\u00abMade in Israel\u00bb<\/em>. Si no aparece tienes derecho a saberlo: \u00a1pregunta a tu comerciante!\u00a0\u00a1No compres apartheid!<\/strong><\/h6>\n<p>En las fiestas de fin de a\u00f1o, \u00a1consume de forma responsable y solidaria! No te hagas c\u00f3mplice del apartheid israel\u00ed y de la colonizaci\u00f3n ilegal de Palestina. Desde la <a href=\"http:\/\/causapalestina.net\" target=\"_blank\">Red Solidaria Contra la Ocupaci\u00f3n de Palestina<\/a> (RESCOP) te proponemos que hagas <strong>boicot a estos populares productos y difundas todo lo que puedas la informaci\u00f3n sobre estas compa\u00f1\u00edas<\/strong>. Quiz\u00e1s tu vecina o tu amigo no conoc\u00edan esta informaci\u00f3n, \u00a1h\u00e1zsela llegar! El <a title=\"Llamamiento de la sociedad civil palestina al BDS\" href=\"https:\/\/rescop.freepresshost.cloud\/llamamiento-bds\/\" target=\"_blank\">llamamiento al BDS que el pueblo palestino<\/a>\u00a0nos lanz\u00f3 es un arma muy poderosa con la que contamos la sociedad civil internacional para que Israel entienda que sus constantes violaciones de los Derechos Humanos ni pasan desapercibidas, ni permitiremos que queden impunes.<\/p>\n<p>Haz clic en las im\u00e1genes o en los t\u00edtulos de cada una de las empresas para acceder a una informaci\u00f3n m\u00e1s detallada de cada uno de ellas.<\/p>\n<p>&nbsp;<\/p>\n<hr \/>\n<p><a href=\"https:\/\/rescop.freepresshost.cloud\/imaginarium\"><img decoding=\"async\" class=\"alignright size-full\" alt=\"\" src=\"https:\/\/rescop.freepresshost.cloud\/wp-content\/uploads\/2013\/12\/ImagenesBDS_imaginarium_cas.png\" width=\"275\" \/><\/a><\/p>\n<h2><strong><a href=\"https:\/\/rescop.freepresshost.cloud\/imaginarium\">IMAGINARIUM<\/a><\/strong><\/h2>\n<p>La jugueter\u00eda IMAGINARIUM nacida en Zaragoza, ahora con presencia en todo el mundo, vende juguetes que han sido <strong>construidos en f\u00e1bricas pertenecientes a Israel<\/strong>, un estado que comete cr\u00edmenes de guerra y que imposibilita diariamente el derecho a la educaci\u00f3n, el juego y, en definitiva, una vida digna para los y las ni\u00f1as palestinas. Recordemos que durante la ofensiva en noviembre del 2012 Israel bombarde\u00f3 la Franja de Gaza asesinando indiscriminadamente a civiles, entre ellos m\u00e1s de 25 menores.<\/p>\n<p>Este hecho queda muy lejos de la imagen que la cadena pretende proyectar:\u00a0convivencia, tolerancia, libertad, interculturalidad, solidaridad&#8230;\u00a0<strong>Admirable declaraci\u00f3n de principios que dif\u00edcilmente se puede conciliar con las relaciones econ\u00f3micas<\/strong> y comerciales que IMAGINARIUM mantiene con empresas israel\u00edes.<\/p>\n<p>Es imprescindible pedirle a IMAGINARIUM que retire sus juguetes de procedencia israel\u00ed y que clausure sus franquicias en Israel para poder ser fiel a los principios que predica.<\/p>\n<p>&nbsp;<\/p>\n<hr \/>\n<p><a href=\"https:\/\/rescop.freepresshost.cloud\/rummikub\"><img decoding=\"async\" class=\"alignleft size-full \" alt=\"\" src=\"https:\/\/rescop.freepresshost.cloud\/wp-content\/uploads\/2013\/12\/ImagenesBDS_rummikub_cas.png\" width=\"275\" \/><\/a><\/p>\n<h2><strong><a href=\"https:\/\/rescop.freepresshost.cloud\/rummikub\">RUMMIKUB<\/a><\/strong><\/h2>\n<p>El RUMMIKUB es el <strong>juego m\u00e1s exportado de Israel<\/strong>, pues la mayor\u00eda de los tres millones que se producen anualmente se venden en el extranjero. Est\u00e1 presente en m\u00e1s de 54 pa\u00edses en todo el mundo y ha sido traducido a 26 idiomas.<\/p>\n<p>En Israel este juego se vende bajo la marca Kod Kod. En el Estado espa\u00f1ol, bajo el nombre de RUMMIKUB, lo distribuye la compa\u00f1\u00eda estadounidense Hasbro, la segunda empresa de juguetes m\u00e1s importante del mundo.<\/p>\n<p>En el a\u00f1o 2010 se consigui\u00f3 un logro muy importante al conseguir que, tras una larga campa\u00f1a en Catalunya, la cooperativa <strong>Abacus retirara este producto de todas sus tiendas<\/strong>, coincidiendo con el despiadado ataque de Israel sobre Gaza en la operaci\u00f3n &#8220;Plomo Fundido&#8221;.<\/p>\n<p>Si lo encuentras en jugueter\u00edas, no lo compres, e informa al vendedor o vendedora de lo que supone tener este producto en sus tiendas.<\/p>\n<p>&nbsp;<\/p>\n<hr \/>\n<p><a href=\"https:\/\/rescop.freepresshost.cloud\/premier\"><img decoding=\"async\" class=\"alignright size-full \" alt=\"\" src=\"https:\/\/rescop.freepresshost.cloud\/wp-content\/uploads\/2013\/12\/ImagenesBDS_premier_cas.png\" width=\"275\" \/><\/a><\/p>\n<h2><strong><a href=\"https:\/\/rescop.freepresshost.cloud\/premier\">PREMIER<\/a><\/strong><\/h2>\n<p>Los productos cosm\u00e9ticos israel\u00edes de la marca PREMIER, que se venden en muchos lugares del Estado espa\u00f1ol y en puestos muy vistosos, son producidos en el Kibbutz Kalia, una colonia israel\u00ed en Cisjordania, al borde del mar muerto. Esta <strong>explotaci\u00f3n se realiza en total violaci\u00f3n del derecho internacional y de las resoluciones de las Naciones Unidas<\/strong> que reconocen la soberan\u00eda palestina sobre estos territorios.<\/p>\n<p>Gracias a la presi\u00f3n de muchas personas solidarias y activistas que defienden los derechos del pueblo palestino, los <strong>productos Premier han sido retirados ya de muchas tiendas<\/strong>, por ejemplo en Irlanda y Gran Breta\u00f1a. Ay\u00fadanos a que eso tambi\u00e9n pase en tu ciudad.<\/p>\n<p>No compres estos productos y protesta por la presencia de los puestos de PREMIER lugares p\u00fablicos de tu ciudad, como es el caso de las <strong>estaciones de Atocha en Madrid o Sants en Barcelona<\/strong>.<\/p>\n<p>&nbsp;<\/p>\n<p>&nbsp;<\/p>\n<hr \/>\n<p><a href=\"https:\/\/rescop.freepresshost.cloud\/ahava\"><img decoding=\"async\" class=\"alignleft size-full\" alt=\"\" src=\"https:\/\/rescop.freepresshost.cloud\/wp-content\/uploads\/2013\/12\/ImagenesBDS_ahava_cas.png\" width=\"275\" \/><\/a><\/p>\n<h2><strong><a href=\"https:\/\/rescop.freepresshost.cloud\/ahava\">AHAVA<\/a><\/strong><\/h2>\n<p>En su publicidad, esta empresa israel\u00ed promete venderte \u201cSecretos de Belleza del Mar Muerto\u201d, pero los secretos de AHAVA no tienen nada de bello ni de bonito. Lo que compras con AHAVA es una <strong>fea realidad de expolio de recursos y ocupaci\u00f3n ilegal en Palestina<\/strong>.<\/p>\n<p>A pesar de su etiqueta \u201c<em>Made in Israel<\/em>\u201d, AHAVA fabrica sus cremas con productos que provienen del <strong>robo de recursos naturales de la Cisjordania ocupada<\/strong>, concretamente en el asentamiento israel\u00ed ilegal de Mitzpe Shalem, a unos viente kil\u00f3metros de la milenaria ciudad palestina de Jeric\u00f3.<\/p>\n<p>No te hagas c\u00f3mplice de este pillaje injusto y de la colonizaci\u00f3n y el apartheid israel\u00edes. Si quieres comprar productos de belleza provenientes del Mar Muerto, los hay que se fabrican leg\u00edtimamente, los puedes f\u00e1cilmente encontrar en internet.<\/p>\n<p>&nbsp;<\/p>\n<p>&nbsp;<\/p>\n<hr \/>\n<p><a href=\"https:\/\/rescop.freepresshost.cloud\/medjoul\"><img decoding=\"async\" class=\"alignright size-full\" alt=\"\" src=\"https:\/\/rescop.freepresshost.cloud\/wp-content\/uploads\/2013\/12\/ImagenesBDS_medjoul_cas.png\" width=\"275\" \/><\/a><\/p>\n<h2><strong><a href=\"https:\/\/rescop.freepresshost.cloud\/medjoul\">D\u00c1TILES ISRAEL\u00cdES<\/a><\/strong><\/h2>\n<p>Israel export\u00f3 en 2012 d\u00e1tiles por valor de 45 millones de euros. La mayor parte de ellos se cultivan en las <strong>colonias sionistas de Cisjordania, sobre tierras expropiadas por la fuerza a la poblaci\u00f3n palestina<\/strong>. Aproximadamente la mitad de las colonias cultivan estos d\u00e1tiles, que les proporcionan grandes beneficios y contribuyen a su viabilidad.<\/p>\n<p>Los d\u00e1tiles israel\u00edes suelen ser de la variedad <strong><em>medjoul<\/em><\/strong>, tambi\u00e9n llamada <em>jumbo<\/em>, m\u00e1s grandes, oscuros y caros de lo habitual. Israel es el mayor productor mundial de d\u00e1tiles medjoul, un <strong>80% de los cuales se exporta a Europa<\/strong>. Todos los que se venden en el Estado espa\u00f1ol son importados de Israel.<\/p>\n<p>Si eres vendedor, <strong>no vendas<\/strong> d\u00e1tiles israel\u00edes y explica a tus clientes por qu\u00e9. Si eres comprador, <strong>no los compres y exige que se ponga fin a su venta<\/strong>, de palabra o mediante cartas u hojas de reclamaciones: comprar este producto contribuye de una manera clara y directa al r\u00e9gimen de ocupaci\u00f3n que sufre el pueblo palestino y al robo de sus recursos naturales.<\/p>\n<p>&nbsp;<\/p>\n<hr \/>\n<p><a href=\"https:\/\/rescop.freepresshost.cloud\/sodastream\"><img decoding=\"async\" class=\"alignleft size-full\" alt=\"\" src=\"https:\/\/rescop.freepresshost.cloud\/wp-content\/uploads\/2013\/12\/ImagenesBDS_sodastream_cas.png\" width=\"275\" \/><\/a><\/p>\n<h2><strong><a href=\"https:\/\/rescop.freepresshost.cloud\/sodastream\">SODASTREAM<\/a><\/strong><\/h2>\n<p>La empresa israel\u00ed SodaStream no s\u00f3lo vende burbujas, tambi\u00e9n <strong>vende mentiras, pillaje, colonialismo y Apartheid<\/strong>. SodaStream est\u00e1 instalada en <strong>Mishor Edomim, una colonia israel\u00ed ilegal situada en la Cisjordania palestina ocupada<\/strong>.<\/p>\n<p>Estas colonias, que no han cesado de aumentar incluso durante el supuesto proceso de negociaciones en curso, violan las Convenciones de Ginebra, y son un obst\u00e1culo insalvable a la soberan\u00eda del pueblo palestino sobre su territorio y sus recursos.<\/p>\n<p>Con las m\u00e1quinas que esta empresa israel\u00ed intenta introducir en nuestras casas, <strong>nos quiere hacer c\u00f3mplices de una situaci\u00f3n de injusticia<\/strong> manifiesta.<\/p>\n<p>En este periodo de fiestas, \u00a1rechaza esos brebajes de ocupaci\u00f3n ilegal, injusticia y despojo!<\/p>\n<p>&nbsp;<\/p>\n<hr \/>\n","protected":false},"excerpt":{"rendered":"<p>En solidaridad con Palestina te proponemos que ni compres, ni regales estos seis productos, pero recuerda mirar siempre la etiqueta y comprobar que no se trata de un producto \u00abMade in Israel\u00bb. Si no aparece tienes derecho a saberlo: \u00a1pregunta a tu comerciante!\u00a0\u00a1No compres apartheid! En las fiestas de fin de a\u00f1o, \u00a1consume de forma [&hellip;]<\/p>\n","protected":false},"author":11,"featured_media":0,"parent":0,"menu_order":0,"comment_status":"closed","ping_status":"closed","template":"","meta":{"footnotes":""},"class_list":["post-3314","page","type-page","status-publish","hentry"],"_links":{"self":[{"href":"https:\/\/rescop.freepresshost.cloud\/ca\/wp-json\/wp\/v2\/pages\/3314","targetHints":{"allow":["GET"]}}],"collection":[{"href":"https:\/\/rescop.freepresshost.cloud\/ca\/wp-json\/wp\/v2\/pages"}],"about":[{"href":"https:\/\/rescop.freepresshost.cloud\/ca\/wp-json\/wp\/v2\/types\/page"}],"author":[{"embeddable":true,"href":"https:\/\/rescop.freepresshost.cloud\/ca\/wp-json\/wp\/v2\/users\/11"}],"replies":[{"embeddable":true,"href":"https:\/\/rescop.freepresshost.cloud\/ca\/wp-json\/wp\/v2\/comments?post=3314"}],"version-history":[{"count":87,"href":"https:\/\/rescop.freepresshost.cloud\/ca\/wp-json\/wp\/v2\/pages\/3314\/revisions"}],"predecessor-version":[{"id":3533,"href":"https:\/\/rescop.freepresshost.cloud\/ca\/wp-json\/wp\/v2\/pages\/3314\/revisions\/3533"}],"wp:attachment":[{"href":"https:\/\/rescop.freepresshost.cloud\/ca\/wp-json\/wp\/v2\/media?parent=3314"}],"curies":[{"name":"wp","href":"https:\/\/api.w.org\/{rel}","templated":true}]}}