{"id":3208,"date":"2013-12-05T19:45:47","date_gmt":"2013-12-05T18:45:47","guid":{"rendered":"https:\/\/rescop.freepresshost.cloud\/?page_id=3208"},"modified":"2013-12-18T16:15:37","modified_gmt":"2013-12-18T15:15:37","slug":"rummikub","status":"publish","type":"page","link":"https:\/\/rescop.freepresshost.cloud\/ca\/rummikub\/","title":{"rendered":"Boicot a RUMMIKUB: No compres apartheid, solidaridad con Palestina"},"content":{"rendered":"<h6><strong>El RUMMIKUB es el juego m\u00e1s exportado de Israel, pues se venden a m\u00e1s de 54 pa\u00edses la mayor\u00eda de los tres millones que se producen cada a\u00f1o. No hagas que tu dinero financie la ocupaci\u00f3n, no regales RUMMIKUB.<\/strong><\/h6>\n<figure id=\"attachment_2590\" aria-describedby=\"caption-attachment-2590\" style=\"width: 295px\" class=\"wp-caption alignleft\"><a href=\"https:\/\/rescop.freepresshost.cloud\/wp-content\/uploads\/2013\/12\/ImagenesBDS_rummikub_cas.jpg\"><img loading=\"lazy\" decoding=\"async\" class=\" wp-image-2590    \" alt=\"\" src=\"https:\/\/rescop.freepresshost.cloud\/wp-content\/uploads\/2013\/12\/ImagenesBDS_rummikub_cas.png\" width=\"295\" height=\"313\" \/><\/a><figcaption id=\"caption-attachment-2590\" class=\"wp-caption-text\">Boicot a RUMMIKUB: <a href=\"https:\/\/rescop.freepresshost.cloud\/nocompresapartheid\">#NoCompresApartheid<\/a>. Solidaridad con Palestina.<\/figcaption><\/figure>\n<p>El boicot al juego de mesa RUMMIKUB responde a la campa\u00f1a BDS (Boicot, Desinversiones y Sanciones al Estado de Israel). El motivo del boicot es que la empresa propietaria y fabricante del juego es israel\u00ed. Y el mensaje es claro: mientras el Estado de Israel contin\u00fae <strong>vulnerando sistem\u00e1ticamente los derechos humanos con la impunidad que le otorga la inacci\u00f3n de los organismos internacionales<\/strong>, ser\u00e1 la sociedad internacional quien a trav\u00e9s del boicot a su comercio y a sus instituciones acad\u00e9micas, culturales y deportivas, presionar\u00e1 para el fin de la impunidad y para el fin de la vulneraci\u00f3n de los derechos humanos.<\/p>\n<p>El RUMMIKUB\u00a0es un juego de mesa basado en la combinaci\u00f3n de n\u00fameros. Es el <strong>juego m\u00e1s exportado de Israel<\/strong>. Se producen unos 3 millones al a\u00f1o, la mayor\u00eda para la exportaci\u00f3n, se vende a m\u00e1s de 54 pa\u00edses en el mundo y se hacen versiones en 26 idiomas.<\/p>\n<p>La empresa que hace el proceso de producci\u00f3n del juego es la israel\u00ed Lemada Light Industries Ltd, propiedad de la familia Hertzano. La f\u00e1brica est\u00e1 situada a Arad, Estado de Israel, a 25 km del Mar Muerto, en el desierto del Naqab\/Negev. La sede y las oficinas principales se encuentran en Moshav Magshimim, cerca del aeropuerto internacional israel\u00ed Ben Gurion.<\/p>\n<p>En el Estado israel\u00ed el juego se vende bajo la marca Kod Kod. En el Estado espa\u00f1ol, bajo el nombre de RUMMIKUB, lo distribuye la compa\u00f1\u00eda estadounidense <strong>Hasbro<\/strong>, la segunda empresa de juguetes m\u00e1s importante del mundo.<\/p>\n<p>Pedimos que se promueva el boicot a Israel como medida de presi\u00f3n ante este Estado. Y especialmente, pedimos el boicot al juego de mesa RUMMIKUB. Pedimos a quien pueda que mande peticiones de boicot a RUMMIKUB\u00a0a la empresa distribuidora Hasbro (e-mail: consumidor@hasbro.es, tel. 900-180377), as\u00ed como a aquellos establecimientos donde se venda.<\/p>\n<p>[message_box]<\/p>\n<h2><strong>Act\u00faa<\/strong><\/h2>\n<p>\u00a1Ay\u00fadanos a difundir la campa\u00f1a! <strong>Descarga la imagen en <a href=\"https:\/\/rescop.freepresshost.cloud\/wp-content\/uploads\/2013\/12\/ImagenesBDS_rummikub_cat.jpg\">catal\u00e1n<\/a> o <a href=\"https:\/\/rescop.freepresshost.cloud\/wp-content\/uploads\/2013\/12\/ImagenesBDS_rummikub_cas.jpg\">castellano<\/a><\/strong>\u00a0y hazla llegar a tus amigas y amigos.<\/p>\n<p>\u00bfUtilizas <strong>redes sociales<\/strong>? Comparte esta p\u00e1gina y h\u00e1zsela llegar a tus contactos. Si tienes Twitter te proponemos unos cuantos ejemplos para tuitearlos desde tu cuenta (simplemente haz clic sobre las frases), o escribe tus propios tuits con el <em>hashtag<\/em> <a href=\"https:\/\/twitter.com\/search?q=%23NoCompresApartheid&#038;src=hash\" target=\"_blank\">#NoCompresApartheid<\/a>:<\/p>\n<ul>\n<li><a href=\"http:\/\/ctt.ec\/hc747\" target=\"_blank\">El @RummikubCom es el juego m\u00e1s exportado de #Israel: #NoCompresApartheid https:\/\/rescop.freepresshost.cloud\/rummikub http:\/\/twitpic.com\/do9qoh #BDS<\/a><\/li>\n<li><a href=\"http:\/\/ctt.ec\/96KE0\" target=\"_blank\">\u00bfJugar @RummikubCom y financiar ocupaci\u00f3n #palestina? \u00a1NO, gracias! http:\/\/twitpic.com\/do9qoh rescop.org\/rummikub #NoCompresApartheid<\/a><\/li>\n<li><a href=\"http:\/\/ctt.ec\/Vsfk8\" target=\"_blank\">En 2010 se retir\u00f3 el juguete israel\u00ed @RummikubCom de @AbacusCoop, \u00a1sigamos el camino! https:\/\/rescop.freepresshost.cloud\/rummikub #NoCompresApartheid<\/a><\/li>\n<\/ul>\n<p><strong>Contacta con Rummikub<\/strong>. Les puedes escribir a trav\u00e9s del <a href=\"http:\/\/www.rummikub.com\/info\/Contact.aspx\" target=\"_blank\">formulario en su p\u00e1gina web<\/a>, o dejarles un comentario en redes sociales como <a href=\"https:\/\/twitter.com\/rummikubcom\" target=\"_blank\">Twitter<\/a>. Si te lo encuentras en <strong>jugueter\u00edas habla con los dependientes<\/strong>, expl\u00edcales que vendiendo Rummikub est\u00e1n participando directamente (y quiz\u00e1s de forma inconsciente) en la financiaci\u00f3n de un estado de apartheid como es Israel.<\/p>\n<p>[\/message_box]<\/p>\n<hr \/>\n<h6><strong>Productos a boicotear de la campa\u00f1a <a href=\"https:\/\/rescop.freepresshost.cloud\/nocompresapartheid\">#NoCompresApartheid<\/a>:<\/strong><\/h6>\n<p><a title=\"Boicot a la jugueter\u00eda IMAGINARIUM\" href=\"https:\/\/rescop.freepresshost.cloud\/imaginarium\"><img loading=\"lazy\" decoding=\"async\" class=\"wp-image-2590\" alt=\"\" src=\"https:\/\/rescop.freepresshost.cloud\/wp-content\/uploads\/2013\/12\/ImagenesBDS_imaginarium_cas_p.png\" width=\"165\" height=\"175\" \/><\/a><a title=\"Boicot a RUMMIKUB\" href=\"https:\/\/rescop.freepresshost.cloud\/rummikub\"><img loading=\"lazy\" decoding=\"async\" class=\"wp-image-2590\" alt=\"Rummikub\" src=\"https:\/\/rescop.freepresshost.cloud\/wp-content\/uploads\/2013\/12\/ImagenesBDS_rummikub_cas_p.png\" width=\"165\" height=\"175\" \/><\/a><a title=\"Boicot a los cosm\u00e9ticos AHAVA\" href=\"https:\/\/rescop.freepresshost.cloud\/ahava\"><img loading=\"lazy\" decoding=\"async\" class=\"wp-image-2590\" alt=\"\" src=\"https:\/\/rescop.freepresshost.cloud\/wp-content\/uploads\/2013\/12\/ImagenesBDS_ahava_cas_p.png\" width=\"165\" height=\"175\" \/><\/a><a title=\"Boicot a los cosm\u00e9ticos PREMIER\" href=\"https:\/\/rescop.freepresshost.cloud\/premier\"><img loading=\"lazy\" decoding=\"async\" class=\"wp-image-2590\" alt=\"\" src=\"https:\/\/rescop.freepresshost.cloud\/wp-content\/uploads\/2013\/12\/ImagenesBDS_premier_cas_p.png\" width=\"165\" height=\"175\" \/><\/a><a title=\"Boicot a los d\u00e1tiles MEDJOUL\" href=\"https:\/\/rescop.freepresshost.cloud\/medjoul\"><img loading=\"lazy\" decoding=\"async\" class=\"wp-image-2590\" alt=\"\" src=\"https:\/\/rescop.freepresshost.cloud\/wp-content\/uploads\/2013\/12\/ImagenesBDS_medjoul_cas_p.png\" width=\"165\" height=\"175\" \/><\/a><a title=\"Boicot a SodaStream\" href=\"https:\/\/rescop.freepresshost.cloud\/sodastream\"><img loading=\"lazy\" decoding=\"async\" class=\"wp-image-2590\" alt=\"\" src=\"https:\/\/rescop.freepresshost.cloud\/wp-content\/uploads\/2013\/12\/ImagenesBDS_sodastream_cas_p.png\" width=\"165\" height=\"175\" \/><\/a><\/p>\n","protected":false},"excerpt":{"rendered":"<p>El RUMMIKUB es el juego m\u00e1s exportado de Israel, pues se venden a m\u00e1s de 54 pa\u00edses la mayor\u00eda de los tres millones que se producen cada a\u00f1o. No hagas que tu dinero financie la ocupaci\u00f3n, no regales RUMMIKUB. El boicot al juego de mesa RUMMIKUB responde a la campa\u00f1a BDS (Boicot, Desinversiones y Sanciones [&hellip;]<\/p>\n","protected":false},"author":11,"featured_media":0,"parent":0,"menu_order":0,"comment_status":"closed","ping_status":"closed","template":"","meta":{"footnotes":""},"class_list":["post-3208","page","type-page","status-publish","hentry"],"_links":{"self":[{"href":"https:\/\/rescop.freepresshost.cloud\/ca\/wp-json\/wp\/v2\/pages\/3208","targetHints":{"allow":["GET"]}}],"collection":[{"href":"https:\/\/rescop.freepresshost.cloud\/ca\/wp-json\/wp\/v2\/pages"}],"about":[{"href":"https:\/\/rescop.freepresshost.cloud\/ca\/wp-json\/wp\/v2\/types\/page"}],"author":[{"embeddable":true,"href":"https:\/\/rescop.freepresshost.cloud\/ca\/wp-json\/wp\/v2\/users\/11"}],"replies":[{"embeddable":true,"href":"https:\/\/rescop.freepresshost.cloud\/ca\/wp-json\/wp\/v2\/comments?post=3208"}],"version-history":[{"count":11,"href":"https:\/\/rescop.freepresshost.cloud\/ca\/wp-json\/wp\/v2\/pages\/3208\/revisions"}],"predecessor-version":[{"id":3522,"href":"https:\/\/rescop.freepresshost.cloud\/ca\/wp-json\/wp\/v2\/pages\/3208\/revisions\/3522"}],"wp:attachment":[{"href":"https:\/\/rescop.freepresshost.cloud\/ca\/wp-json\/wp\/v2\/media?parent=3208"}],"curies":[{"name":"wp","href":"https:\/\/api.w.org\/{rel}","templated":true}]}}