{"id":3186,"date":"2013-12-05T19:02:36","date_gmt":"2013-12-05T18:02:36","guid":{"rendered":"https:\/\/rescop.freepresshost.cloud\/?page_id=3186"},"modified":"2013-12-18T16:20:25","modified_gmt":"2013-12-18T15:20:25","slug":"ahava","status":"publish","type":"page","link":"https:\/\/rescop.freepresshost.cloud\/ca\/ahava\/","title":{"rendered":"Boicot a los cosm\u00e9ticos AHAVA: No compres apartheid, solidaridad con Palestina"},"content":{"rendered":"<h6><strong>Las fiestas de fin de a\u00f1o son un periodo en el que m\u00e1s que nunca deber\u00edamos consumir de forma responsable. Por eso, te invitamos a que NO COMPRES NI REGALES AHAVA.<\/strong><\/h6>\n<figure id=\"attachment_2590\" aria-describedby=\"caption-attachment-2590\" style=\"width: 295px\" class=\"wp-caption alignleft\"><a href=\"https:\/\/rescop.freepresshost.cloud\/wp-content\/uploads\/2013\/12\/ImagenesBDS_ahava_cas.jpg\"><img loading=\"lazy\" decoding=\"async\" class=\" wp-image-2590    \" alt=\"\" src=\"https:\/\/rescop.freepresshost.cloud\/wp-content\/uploads\/2013\/12\/ImagenesBDS_ahava_cas.png\" width=\"295\" height=\"313\" \/><\/a><figcaption id=\"caption-attachment-2590\" class=\"wp-caption-text\">Boicot a AHAVA: <a href=\"https:\/\/rescop.freepresshost.cloud\/nocompresapartheid\">#NoCompresApartheid<\/a>. Solidaridad con Palestina.<\/figcaption><\/figure>\n<p>En su publicidad, esta empresa israel\u00ed promete venderte \u201cSecretos de Belleza del Mar Muerto\u201d, pero los secretos de AHAVA no tienen nada de bello ni de bonito. Lo que compras con AHAVA es una fea realidad de <strong>pillaje de recursos y ocupaci\u00f3n ilegal en Palestina<\/strong>. A pesar de su etiqueta \u201cMade in Israel\u201d, AHAVA fabrica sus cremas con productos que provienen del robo de recursos naturales de la Cisjordania ocupada, concretamente en el asentamiento israel\u00ed ilegal de Mitzpe Shalem, a unos viente kil\u00f3metros de la milenaria ciudad palestina de Jeric\u00f3.<\/p>\n<p>Cuando compras AHAVA, financias la ocupaci\u00f3n ilegal de un territorio y el pillaje de recursos naturales que por derecho internacional, pertenecen al pueblo palestino, sin pagarle derechos de explotaci\u00f3n ni impuesto de ning\u00fan tipo. Puedes encontrar un informe completo sobre AHAVA y sus violaciones del derecho internacional en la p\u00e1gina de <a title=\"Ahava. Tracking the Traid Trail of Settlement Products\" href=\"http:\/\/whoprofits.org\/sites\/default\/files\/ahava_report_final.pdf\" target=\"_blank\">Who Profits<\/a>\u00a0(en ingl\u00e9s).<\/p>\n<p>S\u00e9 solidari@ con el pueblo palestino. No te hagas c\u00f3mplice de este pillaje injusto y de la colonizaci\u00f3n y el apartheid israel\u00edes. Si quieres comprar productos de belleza provenientes del Mar Muerto, los hay que se fabrican leg\u00edtimamente, los puedes f\u00e1cilmente encontrar en internet. Tambi\u00e9n puedes exigir a la direcci\u00f3n de la tienda en donde encuentras productos AHAVA que retire estos productos.<\/p>\n<p>&nbsp;<\/p>\n<p>&nbsp;<\/p>\n<p>&nbsp;<\/p>\n<p>[message_box]<\/p>\n<h2><strong>Act\u00faa<\/strong><\/h2>\n<p>\u00a1Ay\u00fadanos a difundir la campa\u00f1a! <strong>Descarga la imagen en <a href=\"https:\/\/rescop.freepresshost.cloud\/wp-content\/uploads\/2013\/12\/ImagenesBDS_ahava_cat.jpg\">catal\u00e1n<\/a> o <a href=\"https:\/\/rescop.freepresshost.cloud\/wp-content\/uploads\/2013\/12\/ImagenesBDS_ahava_cas.jpg\">castellano<\/a><\/strong>\u00a0y hazla llegar a tus amigas y amigos.<\/p>\n<p>\u00bfUtilizas <strong>redes sociales<\/strong>? Comparte esta p\u00e1gina y h\u00e1zsela llegar a tus contactos. Si tienes Twitter te proponemos unos cuantos ejemplos para tuitearlos desde tu cuenta (simplemente haz clic sobre las frases), o escribe tus propios tuits con el <em>hashtag<\/em> <a href=\"https:\/\/twitter.com\/search?q=%23NoCompresApartheid&#038;src=hash\" target=\"_blank\">#NoCompresApartheid<\/a>:<\/p>\n<ul>\n<li><a href=\"http:\/\/ctt.ec\/fF4_U\" target=\"_blank\">Nada bello en el expolio de Palestina: NO compres cosm\u00e9ticos #AHAVA: rescop.org\/ahava\/ http:\/\/twitpic.com\/do9q9l #NoCompresApartheid<\/a><\/li>\n<li><a href=\"http:\/\/ctt.ec\/n5uSA\" target=\"_blank\">AHAVA, cosm\u00e9ticos procedentes del expolio y la ocupaci\u00f3n de #Palestina: rescop.org\/ahava http:\/\/twitpic.com\/do9q9l #NoCompresApartheid<\/a><\/li>\n<li><a href=\"http:\/\/ctt.ec\/Dip0o\" target=\"_blank\">Ni compro ni regalo cosm\u00e9ticos #AHAVA, ni compro ni regalo expolio y apartheid en #Palestina http:\/\/twitpic.com\/do9q9l #NoCompresApartheid<\/a><\/li>\n<\/ul>\n<p><strong>Contacta con AHAVA<\/strong> <a href=\"http:\/\/www.ahava.com\/contacts\/\" target=\"_blank\">a trav\u00e9s de su formulario web<\/a> o en su <a href=\"https:\/\/www.facebook.com\/AHAVA\" target=\"\"> p\u00e1gina en Facebook<\/a> y con las tiendas que vendan cosm\u00e9ticos israel\u00edes. Nosotras los hemos encontrado a trav\u00e9s de <a href=\"http:\/\/www.disavo.com\/index.php?option=com_content&amp;task=section&amp;id=17&amp;Itemid=45\" target=\"_blank\">tiendas en Internet como DISAVO<\/a> (con tienda f\u00edsica en Xix\u00f3n) o <a href=\"http:\/\/www.elcorteingles.es\/informacion\/ayuda.asp\" target=\"_blank\">El Corte Ingl\u00e9s<\/a>.<\/p>\n<p>&nbsp;<\/p>\n<h2><strong>M\u00e1s informaci\u00f3n<\/strong><\/h2>\n<p>Las compa\u00f1eras de CodePink han preparado una p\u00e1gina web dedicado al boicot a AHAVA: <a href=\"http:\/\/www.stolenbeauty.org\/\" target=\"_blank\">Stolen Beauty<\/a>. En \u00e9l existe multitud de art\u00edculos sobre la compa\u00f1\u00eda, enlaces, acciones y material para difundir.<\/p>\n<p>Recomendable tambi\u00e9n <a title=\"\u00bfEl Mar Muerto cura?\" href=\"http:\/\/prezi.com\/pk-qjucscv9f\/el-mar-muerto-cura\/\" target=\"_bank\">esta presentaci\u00f3n<\/a> que pone en evidencia el mito de los efectos curativos de los productos del Mar Muerto, exponiendo tambi\u00e9n la complicidad directa que el expolio de recursos naturales provoca en la poblaci\u00f3n originaria.<\/p>\n<p>Tambi\u00e9n desde Canadians for Justice in Middle East prepararon un <a href=\"http:\/\/www.cjpmo.org\/DisplayDocument.aspx?DocumentID=2172\" target=\"_blank\">dosier informativo<\/a> sobre cosm\u00e9ticos producto del expolio de recursos del Mar Muerto [en ingl\u00e9s].<\/p>\n<p>[\/message_box]<\/p>\n<hr \/>\n<h6><strong>Productos a boicotear de la campa\u00f1a <a href=\"https:\/\/rescop.freepresshost.cloud\/nocompresapartheid\">#NoCompresApartheid<\/a>:<\/strong><\/h6>\n<p><a title=\"Boicot a la jugueter\u00eda IMAGINARIUM\" href=\"https:\/\/rescop.freepresshost.cloud\/imaginarium\"><img loading=\"lazy\" decoding=\"async\" class=\"wp-image-2590\" alt=\"\" src=\"https:\/\/rescop.freepresshost.cloud\/wp-content\/uploads\/2013\/12\/ImagenesBDS_imaginarium_cas_p.png\" width=\"165\" height=\"175\" \/><\/a><a title=\"Boicot a RUMMIKUB\" href=\"https:\/\/rescop.freepresshost.cloud\/rummikub\"><img loading=\"lazy\" decoding=\"async\" class=\"wp-image-2590\" alt=\"Rummikub\" src=\"https:\/\/rescop.freepresshost.cloud\/wp-content\/uploads\/2013\/12\/ImagenesBDS_rummikub_cas_p.png\" width=\"165\" height=\"175\" \/><\/a><a title=\"Boicot a los cosm\u00e9ticos AHAVA\" href=\"https:\/\/rescop.freepresshost.cloud\/ahava\"><img loading=\"lazy\" decoding=\"async\" class=\"wp-image-2590\" alt=\"\" src=\"https:\/\/rescop.freepresshost.cloud\/wp-content\/uploads\/2013\/12\/ImagenesBDS_ahava_cas_p.png\" width=\"165\" height=\"175\" \/><\/a><a title=\"Boicot a los cosm\u00e9ticos PREMIER\" href=\"https:\/\/rescop.freepresshost.cloud\/premier\"><img loading=\"lazy\" decoding=\"async\" class=\"wp-image-2590\" alt=\"\" src=\"https:\/\/rescop.freepresshost.cloud\/wp-content\/uploads\/2013\/12\/ImagenesBDS_premier_cas_p.png\" width=\"165\" height=\"175\" \/><\/a><a title=\"Boicot a los d\u00e1tiles MEDJOUL\" href=\"https:\/\/rescop.freepresshost.cloud\/medjoul\"><img loading=\"lazy\" decoding=\"async\" class=\"wp-image-2590\" alt=\"\" src=\"https:\/\/rescop.freepresshost.cloud\/wp-content\/uploads\/2013\/12\/ImagenesBDS_medjoul_cas_p.png\" width=\"165\" height=\"175\" \/><\/a><a title=\"Boicot a SodaStream\" href=\"https:\/\/rescop.freepresshost.cloud\/sodastream\"><img loading=\"lazy\" decoding=\"async\" class=\"wp-image-2590\" alt=\"\" src=\"https:\/\/rescop.freepresshost.cloud\/wp-content\/uploads\/2013\/12\/ImagenesBDS_sodastream_cas_p.png\" width=\"165\" height=\"175\" \/><\/a><\/p>\n","protected":false},"excerpt":{"rendered":"<p>Las fiestas de fin de a\u00f1o son un periodo en el que m\u00e1s que nunca deber\u00edamos consumir de forma responsable. Por eso, te invitamos a que NO COMPRES NI REGALES AHAVA. En su publicidad, esta empresa israel\u00ed promete venderte \u201cSecretos de Belleza del Mar Muerto\u201d, pero los secretos de AHAVA no tienen nada de bello [&hellip;]<\/p>\n","protected":false},"author":11,"featured_media":0,"parent":0,"menu_order":0,"comment_status":"closed","ping_status":"closed","template":"","meta":{"footnotes":""},"class_list":["post-3186","page","type-page","status-publish","hentry"],"_links":{"self":[{"href":"https:\/\/rescop.freepresshost.cloud\/ca\/wp-json\/wp\/v2\/pages\/3186","targetHints":{"allow":["GET"]}}],"collection":[{"href":"https:\/\/rescop.freepresshost.cloud\/ca\/wp-json\/wp\/v2\/pages"}],"about":[{"href":"https:\/\/rescop.freepresshost.cloud\/ca\/wp-json\/wp\/v2\/types\/page"}],"author":[{"embeddable":true,"href":"https:\/\/rescop.freepresshost.cloud\/ca\/wp-json\/wp\/v2\/users\/11"}],"replies":[{"embeddable":true,"href":"https:\/\/rescop.freepresshost.cloud\/ca\/wp-json\/wp\/v2\/comments?post=3186"}],"version-history":[{"count":21,"href":"https:\/\/rescop.freepresshost.cloud\/ca\/wp-json\/wp\/v2\/pages\/3186\/revisions"}],"predecessor-version":[{"id":6352,"href":"https:\/\/rescop.freepresshost.cloud\/ca\/wp-json\/wp\/v2\/pages\/3186\/revisions\/6352"}],"wp:attachment":[{"href":"https:\/\/rescop.freepresshost.cloud\/ca\/wp-json\/wp\/v2\/media?parent=3186"}],"curies":[{"name":"wp","href":"https:\/\/api.w.org\/{rel}","templated":true}]}}