{"id":3139,"date":"2013-12-04T23:32:34","date_gmt":"2013-12-04T22:32:34","guid":{"rendered":"https:\/\/rescop.freepresshost.cloud\/?page_id=3139"},"modified":"2014-01-10T11:16:07","modified_gmt":"2014-01-10T10:16:07","slug":"imaginarium","status":"publish","type":"page","link":"https:\/\/rescop.freepresshost.cloud\/ca\/imaginarium\/","title":{"rendered":"Boicot a IMAGINARIUM: No compres apartheid, solidaridad con Palestina"},"content":{"rendered":"<h6><strong>Exigimos a IMAGINARIUM que deje de vender juguetes que han sido construidos por f\u00e1bricas pertenecientes a un Estado que comete cr\u00edmenes de guerra y que imposibilita diariamente el derecho a la educaci\u00f3n, el juego y, en definitiva, una vida digna para los y las ni\u00f1as palestinas. Durante la ofensiva en noviembre del 2012 Israel ha bombardeado la Franja de Gaza asesinando indiscriminadamente a civiles, entre ellos m\u00e1s de 25 menores.<\/strong><\/h6>\n<figure id=\"attachment_2590\" aria-describedby=\"caption-attachment-2590\" style=\"width: 295px\" class=\"wp-caption alignleft\"><a href=\"https:\/\/rescop.freepresshost.cloud\/wp-content\/uploads\/2013\/12\/ImagenesBDS_imaginarium_cas.jpg\"><img loading=\"lazy\" decoding=\"async\" class=\" wp-image-2590    \" alt=\"\" src=\"https:\/\/rescop.freepresshost.cloud\/wp-content\/uploads\/2013\/12\/ImagenesBDS_imaginarium_cas.png\" width=\"295\" height=\"313\" \/><\/a><figcaption id=\"caption-attachment-2590\" class=\"wp-caption-text\">Boicot a IMAGINARIUM: <a href=\"https:\/\/rescop.freepresshost.cloud\/nocompresapartheid\">#NoCompresApartheid<\/a>. Solidaridad con Palestina.<\/figcaption><\/figure>\n<p>Las jugueter\u00edas IMAGINARIUM se pretenden distinguir por incorporar en su ideario valores fundamentales en la vida de los ni\u00f1os como la convivencia, tolerancia, libertad, mezcla de razas, solidaridad. En su apartado de Responsabilidad Social Corporativa enfatizan su esfuerzo \u201cpor contribuir a que todos los ni\u00f1os del mundo disfruten de su derecho al juego y a la educaci\u00f3n\u201d.<\/p>\n<p>Esto constituye sin duda, una <strong>admirable declaraci\u00f3n de principios que dif\u00edcilmente se puede conciliar con las relaciones econ\u00f3micas y comerciales que IMAGINARIUM\u00a0mantiene con empresas israel\u00edes<\/strong> que se benefician de la ocupaci\u00f3n ilegal, la explotaci\u00f3n de los recursos naturales y de la limpieza \u00e9tnica contra el pueblo palestino, parte todo ello del r\u00e9gimen de Apartheid que mantiene el Estado de Israel sobre este pueblo.<\/p>\n<p>Resulta incongruente vender juguetes que han sido construidos por f\u00e1bricas pertenecientes a un Estado que comete cr\u00edmenes de guerra, como queda patente en el <a title=\"Informe de la Misi\u00f3n de Investigaci\u00f3n de las Naciones Unidas sobre el Conflicto en Gaza - Naciones Unidas, 2009 [PDF]\" href=\"http:\/\/www.un.org\/es\/comun\/docs\/?symbol=A\/HRC\/12\/48\">Informe Goldstone<\/a> (ONU, 2010) y que imposibilita diariamente el derecho a la educaci\u00f3n, el juego y en definitiva a una vida digna para las y los ni\u00f1os palestinos.<\/p>\n<p>Como documentan las organizaciones internacionales y las organizaciones humanitarias, <strong>los y las ni\u00f1as palestinas son\u00a0las primeras y m\u00e1s sensibles v\u00edctimas de la pol\u00edtica genocida de Israel<\/strong>. El relator de la ONU para los derechos de los palestinos en los territorios ocupados conden\u00f3 la <strong>detenci\u00f3n de ni\u00f1os en celdas de aislamiento<\/strong> por parte de las autoridades de Israel y urgi\u00f3 al gobierno israel\u00ed a tratar a los menores palestinos detenidos de acuerdo con las leyes internacionales de derechos humanos. Por su parte, el Comit\u00e9 Especial de la ONU encargado de investigar las pr\u00e1cticas israel\u00edes en los Territorios Palestinos Ocupados se\u00f1al\u00f3 que el <strong>maltrato contra los menores<\/strong> palestinos comienza desde el momento de la detenci\u00f3n e indic\u00f3 que los ni\u00f1os no son informados sobre sus derechos y en muchos casos, se los presiona para convertirse en informantes.<\/p>\n<p>A todo esto hay que unir la ineludible afectaci\u00f3n psicol\u00f3gica sobre los ni\u00f1os y sus familias al ver diariamente demolidas sus viviendas de la mano del ej\u00e9rcito israel\u00ed, la humillaci\u00f3n diaria que sufren al tener que atravesar <em>chekpoints<\/em> para ir a sus escuelas, la falta de escuelas y de salubridad en \u00e9stas a causa de los continuos bombardeos y de la contaminaci\u00f3n de la tierra y el agua (por falta de plantas depuradoras destruidas por Israel y nunca reconstruidas por el bloqueo que se somete a la Franja). No son m\u00e1s que unos pocos ejemplos de la grave y compleja situaci\u00f3n de los ni\u00f1os de la Palestina ocupada, pero cuyo alcance es raz\u00f3n suficiente, creemos, para no hacer negocios con empresas que se benefician de estos cr\u00edmenes contra la humanidad.<\/p>\n<p>Por eso consideramos imprescindible pedirle a IMAGINARIUM que retire sus juguetes de procedencia israel\u00ed y que clausure sus franquicias en Israel para poder ser fiel a los principios que predica.<\/p>\n<p>&nbsp;<\/p>\n<p>[message_box]<\/p>\n<h2><strong>Act\u00faa<\/strong><\/h2>\n<p>\u00a1Ay\u00fadanos a difundir la campa\u00f1a! <strong>Descarga la imagen en <a href=\"https:\/\/rescop.freepresshost.cloud\/wp-content\/uploads\/2013\/12\/ImagenesBDS_imaginarium_cat.jpg\">catal\u00e1n<\/a> o <a href=\"https:\/\/rescop.freepresshost.cloud\/wp-content\/uploads\/2013\/12\/ImagenesBDS_imaginarium_cas.jpg\">castellano<\/a><\/strong>\u00a0y hazla llegar a tus amigas y amigos.<\/p>\n<p>\u00bfUtilizas <strong>redes sociales<\/strong>? Comparte esta p\u00e1gina y h\u00e1zsela llegar a tus contactos. Si tienes Twitter te proponemos unos cuantos ejemplos para tuitearlos desde tu cuenta (simplemente haz clic sobre las frases), o escribe tus propios tuits con el <em>hashtag<\/em> <a href=\"https:\/\/twitter.com\/search?q=%23NoCompresApartheid&amp;src=hash\" target=\"_blank\">#NoCompresApartheid<\/a>:<\/p>\n<ul>\n<li><a href=\"http:\/\/ctt.ec\/5Eb2L\" target=\"_blank\">Aunque @Imaginarium se vista de seda, \u00a1c\u00f3mplice de la ocupaci\u00f3n se queda! http:\/\/twitpic.com\/do9qj8 #BDS #NoCompresApartheid<\/a><\/li>\n<li><a href=\"http:\/\/ctt.ec\/EGde3\" target=\"_blank\">Juguetes @Imaginarium, manchados de ocupaci\u00f3n y apartheid http:\/\/youtu.be\/ItTnbsVvqA0 rescop.org\/imaginarium #NoCompresApartheid<\/a><\/li>\n<li><a href=\"http:\/\/ctt.ec\/AfUcc\" target=\"_blank\">Nada le importan a @Imaginarium los y las ni\u00f1as palestinas: rescop.org\/imaginarium http:\/\/twitpic.com\/do9qj8 #NoCompresApartheid<\/a><\/li>\n<li><a href=\"http:\/\/ctt.ec\/6XO6s\" target=\"_blank\">En 2012 hicimos acciones por todo el estado para retirar juguetes israel\u00edes de @Imaginarium: http:\/\/j.mp\/Vq8BdB #NoCompresApartheid<\/a><\/li>\n<\/ul>\n<p><strong>Contacta con Imaginarium<\/strong>. Puedes llamar a la compa\u00f1\u00eda para pedirles explicaciones al 902 214 215 (de lunes a viernes de 9 a 21h). Tambi\u00e9n les puedes escribir a trav\u00e9s del <a href=\"http:\/\/www.imaginarium.es\/contacto.htm\" target=\"_blank\">formulario en su p\u00e1gina web<\/a>, o dejarles un comentario en redes sociales como <a href=\"https:\/\/twitter.com\/Imaginarium\" target=\"_blank\">Twitter<\/a>\u00a0y\/o <a href=\"https:\/\/www.facebook.com\/Imaginarium\" target=\"_blank\">Facebook<\/a>.<\/p>\n<p>&nbsp;<\/p>\n<h2><strong>M\u00e1s informaci\u00f3n<\/strong><\/h2>\n<p>Durante las fiestas de fin de a\u00f1o del 2012\/13 <a title=\"Le piden a IMAGINARIUM que retire sus juguetes de procedencia israel\u00ed y que clausure sus franquicias en Israel\" href=\"http:\/\/www.nodo50.org\/causapalestina\/spip.php?article278\" target=\"_blank\">se hicieron en varias ciudades de todo el estado<\/a> acciones denunciando la complicidad directa de IMAGINARIUM en la ocupaci\u00f3n de Palestina al vender juguetes fabricados en Israel.<\/p>\n<p>Hay v\u00eddeos de las concentraciones de <a title=\"Acci\u00f3n BDS - IMAGINARIUM Barcelona - 05\/01\/12 - Subtitles ENGLISH\" href=\"http:\/\/youtu.be\/ZIxw67YubGA\" target=\"_blank\">Barcelona<\/a>, <a title=\"Boicot Imaginarium M\u00e1laga\" href=\"http:\/\/youtu.be\/ItTnbsVvqA0\" target=\"_blank\">M\u00e1laga<\/a> y <a title=\"Acci\u00f3n BDS Imaginarium\" href=\"http:\/\/youtu.be\/LoY2W42FUsE\" target=\"_blank\">Madrid<\/a>.<br \/>\n[\/message_box]<\/p>\n<hr \/>\n<h6><strong>Productos a boicotear de la campa\u00f1a <a href=\"https:\/\/rescop.freepresshost.cloud\/nocompresapartheid\">#NoCompresApartheid<\/a>:<\/strong><\/h6>\n<p><a title=\"Boicot a la jugueter\u00eda IMAGINARIUM\" href=\"https:\/\/rescop.freepresshost.cloud\/imaginarium\"><img loading=\"lazy\" decoding=\"async\" class=\"wp-image-2590\" alt=\"\" src=\"https:\/\/rescop.freepresshost.cloud\/wp-content\/uploads\/2013\/12\/ImagenesBDS_imaginarium_cas_p.png\" width=\"165\" height=\"175\" \/><\/a><a title=\"Boicot a RUMMIKUB\" href=\"https:\/\/rescop.freepresshost.cloud\/rummikub\"><img loading=\"lazy\" decoding=\"async\" class=\"wp-image-2590\" alt=\"Rummikub\" src=\"https:\/\/rescop.freepresshost.cloud\/wp-content\/uploads\/2013\/12\/ImagenesBDS_rummikub_cas_p.png\" width=\"165\" height=\"175\" \/><\/a><a title=\"Boicot a los cosm\u00e9ticos AHAVA\" href=\"https:\/\/rescop.freepresshost.cloud\/ahava\"><img loading=\"lazy\" decoding=\"async\" class=\"wp-image-2590\" alt=\"\" src=\"https:\/\/rescop.freepresshost.cloud\/wp-content\/uploads\/2013\/12\/ImagenesBDS_ahava_cas_p.png\" width=\"165\" height=\"175\" \/><\/a><a title=\"Boicot a los cosm\u00e9ticos PREMIER\" href=\"https:\/\/rescop.freepresshost.cloud\/premier\"><img loading=\"lazy\" decoding=\"async\" class=\"wp-image-2590\" alt=\"\" src=\"https:\/\/rescop.freepresshost.cloud\/wp-content\/uploads\/2013\/12\/ImagenesBDS_premier_cas_p.png\" width=\"165\" height=\"175\" \/><\/a><a title=\"Boicot a los d\u00e1tiles MEDJOUL\" href=\"https:\/\/rescop.freepresshost.cloud\/medjoul\"><img loading=\"lazy\" decoding=\"async\" class=\"wp-image-2590\" alt=\"\" src=\"https:\/\/rescop.freepresshost.cloud\/wp-content\/uploads\/2013\/12\/ImagenesBDS_medjoul_cas_p.png\" width=\"165\" height=\"175\" \/><\/a><a title=\"Boicot a SodaStream\" href=\"https:\/\/rescop.freepresshost.cloud\/sodastream\"><img loading=\"lazy\" decoding=\"async\" class=\"wp-image-2590\" alt=\"\" src=\"https:\/\/rescop.freepresshost.cloud\/wp-content\/uploads\/2013\/12\/ImagenesBDS_sodastream_cas_p.png\" width=\"165\" height=\"175\" \/><\/a><\/p>\n","protected":false},"excerpt":{"rendered":"<p>Exigimos a IMAGINARIUM que deje de vender juguetes que han sido construidos por f\u00e1bricas pertenecientes a un Estado que comete cr\u00edmenes de guerra y que imposibilita diariamente el derecho a la educaci\u00f3n, el juego y, en definitiva, una vida digna para los y las ni\u00f1as palestinas. Durante la ofensiva en noviembre del 2012 Israel ha [&hellip;]<\/p>\n","protected":false},"author":11,"featured_media":0,"parent":0,"menu_order":0,"comment_status":"closed","ping_status":"closed","template":"","meta":{"footnotes":""},"class_list":["post-3139","page","type-page","status-publish","hentry"],"_links":{"self":[{"href":"https:\/\/rescop.freepresshost.cloud\/ca\/wp-json\/wp\/v2\/pages\/3139","targetHints":{"allow":["GET"]}}],"collection":[{"href":"https:\/\/rescop.freepresshost.cloud\/ca\/wp-json\/wp\/v2\/pages"}],"about":[{"href":"https:\/\/rescop.freepresshost.cloud\/ca\/wp-json\/wp\/v2\/types\/page"}],"author":[{"embeddable":true,"href":"https:\/\/rescop.freepresshost.cloud\/ca\/wp-json\/wp\/v2\/users\/11"}],"replies":[{"embeddable":true,"href":"https:\/\/rescop.freepresshost.cloud\/ca\/wp-json\/wp\/v2\/comments?post=3139"}],"version-history":[{"count":46,"href":"https:\/\/rescop.freepresshost.cloud\/ca\/wp-json\/wp\/v2\/pages\/3139\/revisions"}],"predecessor-version":[{"id":3630,"href":"https:\/\/rescop.freepresshost.cloud\/ca\/wp-json\/wp\/v2\/pages\/3139\/revisions\/3630"}],"wp:attachment":[{"href":"https:\/\/rescop.freepresshost.cloud\/ca\/wp-json\/wp\/v2\/media?parent=3139"}],"curies":[{"name":"wp","href":"https:\/\/api.w.org\/{rel}","templated":true}]}}