{"id":1943,"date":"2013-06-03T10:37:32","date_gmt":"2013-06-03T08:37:32","guid":{"rendered":"https:\/\/rescop.freepresshost.cloud\/?page_id=1943"},"modified":"2014-03-24T13:30:49","modified_gmt":"2014-03-24T12:30:49","slug":"llamamiento-bds","status":"publish","type":"page","link":"https:\/\/rescop.freepresshost.cloud\/ca\/llamamiento-bds\/","title":{"rendered":"Llamamiento de la sociedad civil palestina al BDS"},"content":{"rendered":"<h4>La sociedad civil palestina demanda Boicot, Desinversi\u00f3n y Sanciones contra Israel hasta que cumpla con la Ley Internacional y los Principios Universales de Derechos Humanos<\/h4>\n<p style=\"text-align: right;\"><em>9 de julio de 2005<\/em><\/p>\n<p>A un a\u00f1o despu\u00e9s de la hist\u00f3rica Opini\u00f3n Asesora de la Corte Internacional de Justicia (CIJ) que encontr\u00f3 que el Muro de Israel construido sobre territorio palestino es ilegal, Israel contin\u00faa su construcci\u00f3n del Muro colonial con un total desprecio a la decisi\u00f3n de la Corte. Despu\u00e9s de 38 a\u00f1os de ocupaci\u00f3n israel\u00ed de la Franja de Gaza y Cisjordania palestinas (incluyendo Jerusal\u00e9n Oriental) y de los Altos del Gol\u00e1n sirios, Israel contin\u00faa expandiendo las colonias jud\u00edas. \u00c9sta ha anexionado unilateralmente Jerusal\u00e9n Oriental y los Altos del Gol\u00e1n ocupados y ahora est\u00e1 anexionando de facto enormes partes de Cisjordania por medio del Muro. Israel est\u00e1 preparando tambi\u00e9n \u2013 a la sombra de su reorganizaci\u00f3n planeada para la Franja de Gaza \u2013 construir y expandir colonias en Cisjordania. Cincuenta y siete a\u00f1os despu\u00e9s de la construcci\u00f3n del estado de Israel principalmente sobre tierra vaciada \u00e9tnicamente de sus due\u00f1os palestinos, una mayor\u00eda de los palestinos son refugiados, muchos de los cuales est\u00e1n sin un estado. Adem\u00e1s del consolidado sistema de discriminaci\u00f3n racial contra sus propios ciudadanos \u00e1rabe-palestinos que permanece intacto.<\/p>\n<p>A la luz de las persistentes violaciones de Israel de la legislaci\u00f3n internacional, y<\/p>\n<p>Dado que, desde 1948, cientos de resoluciones de la ONU han declarado ilegales las pol\u00edticas coloniales y discriminatorias de Israel y demandaron medidas inmediatas, adecuadas y efectivas, y<\/p>\n<p>Dado que todas las formas de intervenci\u00f3n internacional y pac\u00edficas hasta ahora han fallado en convencer y obligar a Israel para que cumpla con la legislaci\u00f3n humanitaria, que respete los derechos humanos fundamentales y para que termine su ocupaci\u00f3n y opresi\u00f3n del pueblo palestino, y<\/p>\n<p>En vista del hecho que los pueblos conscientes en la comunidad internacional hist\u00f3ricamente han cargado la responsabilidad moral de luchar contra la injusticia, como fue en la lucha para abolir el apartheid en Sud\u00e1frica a trav\u00e9s de diversas formas de boicots, desinversiones y sanciones;<\/p>\n<p>Inspirados por la lucha de los sudafricanos contra el apartheid en el esp\u00edritu de la solidaridad internacional, consistencia moral y resistencia a la injusticia y opresi\u00f3n,<\/p>\n<p>Nosotros, representantes de la sociedad civil palestina, demandamos a las organizaciones de la sociedad civil internacional y a las personas conscientes de todo el mundo a imponer amplios boicots e implementar desinversiones contra Israel, de manera similar a aquellas aplicadas a Sud\u00e1frica en la era del apartheid. Demandamos a ustedes que presiones a sus respectivos estados para que impongan embargos y sanciones contra Israel. Invitamos tambi\u00e9n a los israel\u00edes conscientes a apoyar esta demanda, por el bien de la justicia y una paz verdadera.<\/p>\n<p>Estas medidas punitivas no violentas deber\u00edan ser mantenidas hasta que Israel cumpla su obligaci\u00f3n de reconocer el derecho inalienable del pueblo palestino a la autodeterminaci\u00f3n y acate completamente los preceptos de la legislaci\u00f3n internacional por medio de:<\/p>\n<ol>\n<li>La finalizaci\u00f3n de su ocupaci\u00f3n y colonizaci\u00f3n de todas las tierras \u00e1rabes y el desmantelamiento del Muro;<\/li>\n<li>El reconocimiento de los derechos fundamentales de los ciudadanos \u00e1rabe-palestinos de Israel para una igualdad completa; y<\/li>\n<li>Respetando, protegiendo y promoviendo los derechos de los palestinos refugiados a retornar a sus casas y propiedades como lo estipul\u00f3 la resoluci\u00f3n 194.<\/li>\n<\/ol>\n<p>&nbsp;<\/p>\n<p><a href=\"http:\/\/www.bdsmovement.net\/call#Endorsed_by:\" target=\"_blank\">Demanda respaldada por<\/a>:<br \/>\nLos partidos pol\u00edticos, uniones, asociaciones, coaliciones y organizaciones palestinas bajo la representaci\u00f3n de las tres partes integrales del pueblo de Palestina: los refugiados palestinos, los palestinos bajo ocupaci\u00f3n y los ciudadanos palestinos de Israel.<\/p>\n<p>&nbsp;<\/p>\n<p>[message_box]PDF:\u00a0<a href=\"https:\/\/rescop.freepresshost.cloud\/wp-content\/uploads\/2013\/06\/Llamamiento-BDS.pdf\" target=\"_blank\">La sociedad civil palestina demanda Boicot, Desinversi\u00f3n y Sanciones contra Israel hasta que cumpla con la Ley Internacional y los Principios Universales de Derechos Humanos<\/a>.[\/message_box]<\/p>\n","protected":false},"excerpt":{"rendered":"<p>La sociedad civil palestina demanda Boicot, Desinversi\u00f3n y Sanciones contra Israel hasta que cumpla con la Ley Internacional y los Principios Universales de Derechos Humanos 9 de julio de 2005 A un a\u00f1o despu\u00e9s de la hist\u00f3rica Opini\u00f3n Asesora de la Corte Internacional de Justicia (CIJ) que encontr\u00f3 que el Muro de Israel construido sobre [&hellip;]<\/p>\n","protected":false},"author":11,"featured_media":0,"parent":0,"menu_order":0,"comment_status":"closed","ping_status":"closed","template":"","meta":{"footnotes":""},"class_list":["post-1943","page","type-page","status-publish","hentry"],"_links":{"self":[{"href":"https:\/\/rescop.freepresshost.cloud\/ca\/wp-json\/wp\/v2\/pages\/1943","targetHints":{"allow":["GET"]}}],"collection":[{"href":"https:\/\/rescop.freepresshost.cloud\/ca\/wp-json\/wp\/v2\/pages"}],"about":[{"href":"https:\/\/rescop.freepresshost.cloud\/ca\/wp-json\/wp\/v2\/types\/page"}],"author":[{"embeddable":true,"href":"https:\/\/rescop.freepresshost.cloud\/ca\/wp-json\/wp\/v2\/users\/11"}],"replies":[{"embeddable":true,"href":"https:\/\/rescop.freepresshost.cloud\/ca\/wp-json\/wp\/v2\/comments?post=1943"}],"version-history":[{"count":11,"href":"https:\/\/rescop.freepresshost.cloud\/ca\/wp-json\/wp\/v2\/pages\/1943\/revisions"}],"predecessor-version":[{"id":4060,"href":"https:\/\/rescop.freepresshost.cloud\/ca\/wp-json\/wp\/v2\/pages\/1943\/revisions\/4060"}],"wp:attachment":[{"href":"https:\/\/rescop.freepresshost.cloud\/ca\/wp-json\/wp\/v2\/media?parent=1943"}],"curies":[{"name":"wp","href":"https:\/\/api.w.org\/{rel}","templated":true}]}}